{"id":75133,"date":"2023-05-22T09:26:27","date_gmt":"2023-05-22T07:26:27","guid":{"rendered":"https:\/\/www.pandaclub.ch\/?page_id=75133"},"modified":"2023-05-22T09:27:10","modified_gmt":"2023-05-22T07:27:10","slug":"ordina-un-giornalino-gratuito","status":"publish","type":"page","link":"https:\/\/www.pandaclub.ch\/it\/ordina-un-giornalino-gratuito\/","title":{"rendered":"Ordina un giornalino gratuito!"},"content":{"rendered":"","protected":false},"excerpt":{"rendered":"","protected":false},"author":37,"featured_media":0,"parent":0,"menu_order":485,"comment_status":"closed","ping_status":"closed","template":"","meta":{"_acf_changed":false,"footnotes":""},"class_list":["post-75133","page","type-page","status-publish","hentry"],"acf":[],"yoast_head":"<!-- This site is optimized with the Yoast SEO plugin v27.2 - https:\/\/yoast.com\/product\/yoast-seo-wordpress\/ -->\n<title>Ordina un giornalino gratuito! - WWF - Panda Club<\/title>\n<meta name=\"description\" content=\"Du m\u00f6chtest gerne ein Panda-Club-Gratismagazin bestellen? Das freut uns! F\u00fclle dazu das Formular unten aus und schon bald erh\u00e4ltst du Post von uns.\" \/>\n<meta name=\"robots\" content=\"index, follow, max-snippet:-1, max-image-preview:large, max-video-preview:-1\" \/>\n<link rel=\"canonical\" href=\"https:\/\/www.pandaclub.ch\/de\/gratismagazin-bestellen\/\" \/>\n<meta name=\"twitter:card\" content=\"summary_large_image\" \/>\n<meta name=\"twitter:title\" content=\"Ordina un giornalino gratuito! - WWF - Panda Club\" \/>\n<meta name=\"twitter:description\" content=\"Du m\u00f6chtest gerne ein Panda-Club-Gratismagazin bestellen? Das freut uns! F\u00fclle dazu das Formular unten aus und schon bald erh\u00e4ltst du Post von uns.\" \/>\n<script type=\"application\/ld+json\" class=\"yoast-schema-graph\">{\"@context\":\"https:\/\/schema.org\",\"@graph\":[{\"@type\":\"WebPage\",\"@id\":\"https:\/\/www.pandaclub.ch\/de\/gratismagazin-bestellen\/\",\"url\":\"https:\/\/www.pandaclub.ch\/de\/gratismagazin-bestellen\/\",\"name\":\"Ordina un giornalino gratuito! - WWF - Panda Club\",\"isPartOf\":{\"@id\":\"https:\/\/www.pandaclub.ch\/de\/#website\"},\"datePublished\":\"2023-05-22T07:26:27+00:00\",\"dateModified\":\"2023-05-22T07:27:10+00:00\",\"description\":\"Du m\u00f6chtest gerne ein Panda-Club-Gratismagazin bestellen? Das freut uns! F\u00fclle dazu das Formular unten aus und schon bald erh\u00e4ltst du Post von uns.\",\"breadcrumb\":{\"@id\":\"https:\/\/www.pandaclub.ch\/de\/gratismagazin-bestellen\/#breadcrumb\"},\"inLanguage\":\"it-IT\",\"potentialAction\":[{\"@type\":\"ReadAction\",\"target\":[\"https:\/\/www.pandaclub.ch\/de\/gratismagazin-bestellen\/\"]}]},{\"@type\":\"BreadcrumbList\",\"@id\":\"https:\/\/www.pandaclub.ch\/de\/gratismagazin-bestellen\/#breadcrumb\",\"itemListElement\":[{\"@type\":\"ListItem\",\"position\":1,\"name\":\"Home\",\"item\":\"https:\/\/www.pandaclub.ch\/it\/\"},{\"@type\":\"ListItem\",\"position\":2,\"name\":\"Ordina un giornalino gratuito!\"}]},{\"@type\":\"WebSite\",\"@id\":\"https:\/\/www.pandaclub.ch\/de\/#website\",\"url\":\"https:\/\/www.pandaclub.ch\/de\/\",\"name\":\"WWF - Panda Club\",\"description\":\"Die Kinderwebseite des WWF Schweiz\",\"potentialAction\":[{\"@type\":\"SearchAction\",\"target\":{\"@type\":\"EntryPoint\",\"urlTemplate\":\"https:\/\/www.pandaclub.ch\/de\/?s={search_term_string}\"},\"query-input\":{\"@type\":\"PropertyValueSpecification\",\"valueRequired\":true,\"valueName\":\"search_term_string\"}}],\"inLanguage\":\"it-IT\"}]}<\/script>\n<!-- \/ Yoast SEO plugin. -->","yoast_head_json":{"title":"Ordina un giornalino gratuito! - WWF - Panda Club","description":"Du m\u00f6chtest gerne ein Panda-Club-Gratismagazin bestellen? Das freut uns! F\u00fclle dazu das Formular unten aus und schon bald erh\u00e4ltst du Post von uns.","robots":{"index":"index","follow":"follow","max-snippet":"max-snippet:-1","max-image-preview":"max-image-preview:large","max-video-preview":"max-video-preview:-1"},"canonical":"https:\/\/www.pandaclub.ch\/de\/gratismagazin-bestellen\/","twitter_card":"summary_large_image","twitter_title":"Ordina un giornalino gratuito! - WWF - Panda Club","twitter_description":"Du m\u00f6chtest gerne ein Panda-Club-Gratismagazin bestellen? Das freut uns! F\u00fclle dazu das Formular unten aus und schon bald erh\u00e4ltst du Post von uns.","schema":{"@context":"https:\/\/schema.org","@graph":[{"@type":"WebPage","@id":"https:\/\/www.pandaclub.ch\/de\/gratismagazin-bestellen\/","url":"https:\/\/www.pandaclub.ch\/de\/gratismagazin-bestellen\/","name":"Ordina un giornalino gratuito! - WWF - Panda Club","isPartOf":{"@id":"https:\/\/www.pandaclub.ch\/de\/#website"},"datePublished":"2023-05-22T07:26:27+00:00","dateModified":"2023-05-22T07:27:10+00:00","description":"Du m\u00f6chtest gerne ein Panda-Club-Gratismagazin bestellen? Das freut uns! F\u00fclle dazu das Formular unten aus und schon bald erh\u00e4ltst du Post von uns.","breadcrumb":{"@id":"https:\/\/www.pandaclub.ch\/de\/gratismagazin-bestellen\/#breadcrumb"},"inLanguage":"it-IT","potentialAction":[{"@type":"ReadAction","target":["https:\/\/www.pandaclub.ch\/de\/gratismagazin-bestellen\/"]}]},{"@type":"BreadcrumbList","@id":"https:\/\/www.pandaclub.ch\/de\/gratismagazin-bestellen\/#breadcrumb","itemListElement":[{"@type":"ListItem","position":1,"name":"Home","item":"https:\/\/www.pandaclub.ch\/it\/"},{"@type":"ListItem","position":2,"name":"Ordina un giornalino gratuito!"}]},{"@type":"WebSite","@id":"https:\/\/www.pandaclub.ch\/de\/#website","url":"https:\/\/www.pandaclub.ch\/de\/","name":"WWF - Panda Club","description":"Die Kinderwebseite des WWF Schweiz","potentialAction":[{"@type":"SearchAction","target":{"@type":"EntryPoint","urlTemplate":"https:\/\/www.pandaclub.ch\/de\/?s={search_term_string}"},"query-input":{"@type":"PropertyValueSpecification","valueRequired":true,"valueName":"search_term_string"}}],"inLanguage":"it-IT"}]}},"_links":{"self":[{"href":"https:\/\/www.pandaclub.ch\/it\/wp-json\/wp\/v2\/pages\/75133","targetHints":{"allow":["GET"]}}],"collection":[{"href":"https:\/\/www.pandaclub.ch\/it\/wp-json\/wp\/v2\/pages"}],"about":[{"href":"https:\/\/www.pandaclub.ch\/it\/wp-json\/wp\/v2\/types\/page"}],"author":[{"embeddable":true,"href":"https:\/\/www.pandaclub.ch\/it\/wp-json\/wp\/v2\/users\/37"}],"replies":[{"embeddable":true,"href":"https:\/\/www.pandaclub.ch\/it\/wp-json\/wp\/v2\/comments?post=75133"}],"version-history":[{"count":3,"href":"https:\/\/www.pandaclub.ch\/it\/wp-json\/wp\/v2\/pages\/75133\/revisions"}],"predecessor-version":[{"id":100800,"href":"https:\/\/www.pandaclub.ch\/it\/wp-json\/wp\/v2\/pages\/75133\/revisions\/100800"}],"wp:attachment":[{"href":"https:\/\/www.pandaclub.ch\/it\/wp-json\/wp\/v2\/media?parent=75133"}],"curies":[{"name":"wp","href":"https:\/\/api.w.org\/{rel}","templated":true}]}}