{"id":70527,"date":"2023-01-05T14:37:44","date_gmt":"2023-01-05T13:37:44","guid":{"rendered":"https:\/\/www.pandaclub.ch\/?page_id=70527"},"modified":"2023-02-21T11:01:11","modified_gmt":"2023-02-21T10:01:11","slug":"abissi-marini","status":"publish","type":"page","link":"https:\/\/www.pandaclub.ch\/it\/abissi-marini\/","title":{"rendered":"Un tuffo negli abissi marini"},"content":{"rendered":"","protected":false},"excerpt":{"rendered":"","protected":false},"author":8,"featured_media":0,"parent":0,"menu_order":251,"comment_status":"closed","ping_status":"closed","template":"","meta":{"_acf_changed":false,"footnotes":""},"class_list":["post-70527","page","type-page","status-publish","hentry"],"acf":[],"yoast_head":"<!-- This site is optimized with the Yoast SEO plugin v27.2 - https:\/\/yoast.com\/product\/yoast-seo-wordpress\/ -->\n<title>Un tuffo negli abissi marini - WWF - Panda Club<\/title>\n<meta name=\"description\" content=\"Quali animali vivono negli abissi marini? Quanto \u00e8 profondo? Cosa mangiano le creature che si trovano cos\u00ec in profondit\u00e0 nel mare?\" \/>\n<meta name=\"robots\" content=\"index, follow, max-snippet:-1, max-image-preview:large, max-video-preview:-1\" \/>\n<link rel=\"canonical\" href=\"https:\/\/www.pandaclub.ch\/it\/abissi-marini\/\" \/>\n<meta name=\"twitter:card\" content=\"summary_large_image\" \/>\n<meta name=\"twitter:title\" content=\"Un tuffo negli abissi marini - WWF - Panda Club\" \/>\n<meta name=\"twitter:description\" content=\"Quali animali vivono negli abissi marini? Quanto \u00e8 profondo? Cosa mangiano le creature che si trovano cos\u00ec in profondit\u00e0 nel mare?\" \/>\n<script type=\"application\/ld+json\" class=\"yoast-schema-graph\">{\"@context\":\"https:\/\/schema.org\",\"@graph\":[{\"@type\":\"WebPage\",\"@id\":\"https:\/\/www.pandaclub.ch\/it\/abissi-marini\/\",\"url\":\"https:\/\/www.pandaclub.ch\/it\/abissi-marini\/\",\"name\":\"Un tuffo negli abissi marini - WWF - Panda Club\",\"isPartOf\":{\"@id\":\"https:\/\/www.pandaclub.ch\/de\/#website\"},\"datePublished\":\"2023-01-05T13:37:44+00:00\",\"dateModified\":\"2023-02-21T10:01:11+00:00\",\"description\":\"Quali animali vivono negli abissi marini? Quanto \u00e8 profondo? Cosa mangiano le creature che si trovano cos\u00ec in profondit\u00e0 nel mare?\",\"breadcrumb\":{\"@id\":\"https:\/\/www.pandaclub.ch\/it\/abissi-marini\/#breadcrumb\"},\"inLanguage\":\"it-IT\",\"potentialAction\":[{\"@type\":\"ReadAction\",\"target\":[\"https:\/\/www.pandaclub.ch\/it\/abissi-marini\/\"]}]},{\"@type\":\"BreadcrumbList\",\"@id\":\"https:\/\/www.pandaclub.ch\/it\/abissi-marini\/#breadcrumb\",\"itemListElement\":[{\"@type\":\"ListItem\",\"position\":1,\"name\":\"Home\",\"item\":\"https:\/\/www.pandaclub.ch\/it\/\"},{\"@type\":\"ListItem\",\"position\":2,\"name\":\"Un tuffo negli abissi marini\"}]},{\"@type\":\"WebSite\",\"@id\":\"https:\/\/www.pandaclub.ch\/de\/#website\",\"url\":\"https:\/\/www.pandaclub.ch\/de\/\",\"name\":\"WWF - Panda Club\",\"description\":\"Die Kinderwebseite des WWF Schweiz\",\"potentialAction\":[{\"@type\":\"SearchAction\",\"target\":{\"@type\":\"EntryPoint\",\"urlTemplate\":\"https:\/\/www.pandaclub.ch\/de\/?s={search_term_string}\"},\"query-input\":{\"@type\":\"PropertyValueSpecification\",\"valueRequired\":true,\"valueName\":\"search_term_string\"}}],\"inLanguage\":\"it-IT\"}]}<\/script>\n<!-- \/ Yoast SEO plugin. -->","yoast_head_json":{"title":"Un tuffo negli abissi marini - WWF - Panda Club","description":"Quali animali vivono negli abissi marini? Quanto \u00e8 profondo? Cosa mangiano le creature che si trovano cos\u00ec in profondit\u00e0 nel mare?","robots":{"index":"index","follow":"follow","max-snippet":"max-snippet:-1","max-image-preview":"max-image-preview:large","max-video-preview":"max-video-preview:-1"},"canonical":"https:\/\/www.pandaclub.ch\/it\/abissi-marini\/","twitter_card":"summary_large_image","twitter_title":"Un tuffo negli abissi marini - WWF - Panda Club","twitter_description":"Quali animali vivono negli abissi marini? Quanto \u00e8 profondo? Cosa mangiano le creature che si trovano cos\u00ec in profondit\u00e0 nel mare?","schema":{"@context":"https:\/\/schema.org","@graph":[{"@type":"WebPage","@id":"https:\/\/www.pandaclub.ch\/it\/abissi-marini\/","url":"https:\/\/www.pandaclub.ch\/it\/abissi-marini\/","name":"Un tuffo negli abissi marini - WWF - Panda Club","isPartOf":{"@id":"https:\/\/www.pandaclub.ch\/de\/#website"},"datePublished":"2023-01-05T13:37:44+00:00","dateModified":"2023-02-21T10:01:11+00:00","description":"Quali animali vivono negli abissi marini? Quanto \u00e8 profondo? Cosa mangiano le creature che si trovano cos\u00ec in profondit\u00e0 nel mare?","breadcrumb":{"@id":"https:\/\/www.pandaclub.ch\/it\/abissi-marini\/#breadcrumb"},"inLanguage":"it-IT","potentialAction":[{"@type":"ReadAction","target":["https:\/\/www.pandaclub.ch\/it\/abissi-marini\/"]}]},{"@type":"BreadcrumbList","@id":"https:\/\/www.pandaclub.ch\/it\/abissi-marini\/#breadcrumb","itemListElement":[{"@type":"ListItem","position":1,"name":"Home","item":"https:\/\/www.pandaclub.ch\/it\/"},{"@type":"ListItem","position":2,"name":"Un tuffo negli abissi marini"}]},{"@type":"WebSite","@id":"https:\/\/www.pandaclub.ch\/de\/#website","url":"https:\/\/www.pandaclub.ch\/de\/","name":"WWF - Panda Club","description":"Die Kinderwebseite des WWF Schweiz","potentialAction":[{"@type":"SearchAction","target":{"@type":"EntryPoint","urlTemplate":"https:\/\/www.pandaclub.ch\/de\/?s={search_term_string}"},"query-input":{"@type":"PropertyValueSpecification","valueRequired":true,"valueName":"search_term_string"}}],"inLanguage":"it-IT"}]}},"_links":{"self":[{"href":"https:\/\/www.pandaclub.ch\/it\/wp-json\/wp\/v2\/pages\/70527","targetHints":{"allow":["GET"]}}],"collection":[{"href":"https:\/\/www.pandaclub.ch\/it\/wp-json\/wp\/v2\/pages"}],"about":[{"href":"https:\/\/www.pandaclub.ch\/it\/wp-json\/wp\/v2\/types\/page"}],"author":[{"embeddable":true,"href":"https:\/\/www.pandaclub.ch\/it\/wp-json\/wp\/v2\/users\/8"}],"replies":[{"embeddable":true,"href":"https:\/\/www.pandaclub.ch\/it\/wp-json\/wp\/v2\/comments?post=70527"}],"version-history":[{"count":1,"href":"https:\/\/www.pandaclub.ch\/it\/wp-json\/wp\/v2\/pages\/70527\/revisions"}],"predecessor-version":[{"id":70540,"href":"https:\/\/www.pandaclub.ch\/it\/wp-json\/wp\/v2\/pages\/70527\/revisions\/70540"}],"wp:attachment":[{"href":"https:\/\/www.pandaclub.ch\/it\/wp-json\/wp\/v2\/media?parent=70527"}],"curies":[{"name":"wp","href":"https:\/\/api.w.org\/{rel}","templated":true}]}}