{"id":51916,"date":"2019-09-18T10:22:31","date_gmt":"2019-09-18T08:22:31","guid":{"rendered":"https:\/\/www.pandaclub.ch\/?page_id=51916"},"modified":"2025-09-02T12:12:24","modified_gmt":"2025-09-02T10:12:24","slug":"pandathlon","status":"publish","type":"page","link":"https:\/\/www.pandaclub.ch\/it\/agire\/pandathlon\/","title":{"rendered":"Pandathlon"},"content":{"rendered":"","protected":false},"excerpt":{"rendered":"","protected":false},"author":37,"featured_media":0,"parent":3995,"menu_order":500,"comment_status":"closed","ping_status":"closed","template":"","meta":{"_acf_changed":false,"footnotes":""},"class_list":["post-51916","page","type-page","status-publish","hentry"],"acf":[],"yoast_head":"<!-- This site is optimized with the Yoast SEO plugin v27.2 - https:\/\/yoast.com\/product\/yoast-seo-wordpress\/ -->\n<title>Pandathlon - WWF - Panda Club<\/title>\n<meta name=\"description\" content=\"Bewegst du dich gerne, und m\u00f6chtest du Tieren helfen? Melde dich f\u00fcr einen WWF-Lauf an, oder organisiere einen Lauf f\u00fcr bedrohte Tiere an deiner Schule.\" \/>\n<meta name=\"robots\" content=\"index, follow, max-snippet:-1, max-image-preview:large, max-video-preview:-1\" \/>\n<link rel=\"canonical\" href=\"https:\/\/www.pandaclub.ch\/it\/agire\/pandathlon\/\" \/>\n<meta property=\"og:locale\" content=\"it_IT\" \/>\n<meta property=\"og:type\" content=\"article\" \/>\n<meta property=\"og:title\" content=\"Pandathlon - WWF - Panda Club\" \/>\n<meta property=\"og:description\" content=\"Bewegst du dich gerne, und m\u00f6chtest du Tieren helfen? Melde dich f\u00fcr einen WWF-Lauf an, oder organisiere einen Lauf f\u00fcr bedrohte Tiere an deiner Schule.\" \/>\n<meta property=\"og:url\" content=\"https:\/\/www.pandaclub.ch\/it\/agire\/pandathlon\/\" \/>\n<meta property=\"og:site_name\" content=\"WWF - Panda Club\" \/>\n<meta property=\"article:modified_time\" content=\"2025-09-02T10:12:24+00:00\" \/>\n<meta name=\"twitter:card\" content=\"summary_large_image\" \/>\n<script type=\"application\/ld+json\" class=\"yoast-schema-graph\">{\"@context\":\"https:\/\/schema.org\",\"@graph\":[{\"@type\":\"WebPage\",\"@id\":\"https:\/\/www.pandaclub.ch\/it\/agire\/pandathlon\/\",\"url\":\"https:\/\/www.pandaclub.ch\/it\/agire\/pandathlon\/\",\"name\":\"Pandathlon - WWF - Panda Club\",\"isPartOf\":{\"@id\":\"https:\/\/www.pandaclub.ch\/de\/#website\"},\"datePublished\":\"2019-09-18T08:22:31+00:00\",\"dateModified\":\"2025-09-02T10:12:24+00:00\",\"description\":\"Bewegst du dich gerne, und m\u00f6chtest du Tieren helfen? Melde dich f\u00fcr einen WWF-Lauf an, oder organisiere einen Lauf f\u00fcr bedrohte Tiere an deiner Schule.\",\"breadcrumb\":{\"@id\":\"https:\/\/www.pandaclub.ch\/it\/agire\/pandathlon\/#breadcrumb\"},\"inLanguage\":\"it-IT\",\"potentialAction\":[{\"@type\":\"ReadAction\",\"target\":[\"https:\/\/www.pandaclub.ch\/it\/agire\/pandathlon\/\"]}]},{\"@type\":\"BreadcrumbList\",\"@id\":\"https:\/\/www.pandaclub.ch\/it\/agire\/pandathlon\/#breadcrumb\",\"itemListElement\":[{\"@type\":\"ListItem\",\"position\":1,\"name\":\"Home\",\"item\":\"https:\/\/www.pandaclub.ch\/it\/\"},{\"@type\":\"ListItem\",\"position\":2,\"name\":\"Agire\",\"item\":\"https:\/\/www.pandaclub.ch\/de\/helfen\/\"},{\"@type\":\"ListItem\",\"position\":3,\"name\":\"Pandathlon\"}]},{\"@type\":\"WebSite\",\"@id\":\"https:\/\/www.pandaclub.ch\/de\/#website\",\"url\":\"https:\/\/www.pandaclub.ch\/de\/\",\"name\":\"WWF - Panda Club\",\"description\":\"Die Kinderwebseite des WWF Schweiz\",\"potentialAction\":[{\"@type\":\"SearchAction\",\"target\":{\"@type\":\"EntryPoint\",\"urlTemplate\":\"https:\/\/www.pandaclub.ch\/de\/?s={search_term_string}\"},\"query-input\":{\"@type\":\"PropertyValueSpecification\",\"valueRequired\":true,\"valueName\":\"search_term_string\"}}],\"inLanguage\":\"it-IT\"}]}<\/script>\n<!-- \/ Yoast SEO plugin. -->","yoast_head_json":{"title":"Pandathlon - WWF - Panda Club","description":"Bewegst du dich gerne, und m\u00f6chtest du Tieren helfen? Melde dich f\u00fcr einen WWF-Lauf an, oder organisiere einen Lauf f\u00fcr bedrohte Tiere an deiner Schule.","robots":{"index":"index","follow":"follow","max-snippet":"max-snippet:-1","max-image-preview":"max-image-preview:large","max-video-preview":"max-video-preview:-1"},"canonical":"https:\/\/www.pandaclub.ch\/it\/agire\/pandathlon\/","og_locale":"it_IT","og_type":"article","og_title":"Pandathlon - WWF - Panda Club","og_description":"Bewegst du dich gerne, und m\u00f6chtest du Tieren helfen? Melde dich f\u00fcr einen WWF-Lauf an, oder organisiere einen Lauf f\u00fcr bedrohte Tiere an deiner Schule.","og_url":"https:\/\/www.pandaclub.ch\/it\/agire\/pandathlon\/","og_site_name":"WWF - Panda Club","article_modified_time":"2025-09-02T10:12:24+00:00","twitter_card":"summary_large_image","schema":{"@context":"https:\/\/schema.org","@graph":[{"@type":"WebPage","@id":"https:\/\/www.pandaclub.ch\/it\/agire\/pandathlon\/","url":"https:\/\/www.pandaclub.ch\/it\/agire\/pandathlon\/","name":"Pandathlon - WWF - Panda Club","isPartOf":{"@id":"https:\/\/www.pandaclub.ch\/de\/#website"},"datePublished":"2019-09-18T08:22:31+00:00","dateModified":"2025-09-02T10:12:24+00:00","description":"Bewegst du dich gerne, und m\u00f6chtest du Tieren helfen? Melde dich f\u00fcr einen WWF-Lauf an, oder organisiere einen Lauf f\u00fcr bedrohte Tiere an deiner Schule.","breadcrumb":{"@id":"https:\/\/www.pandaclub.ch\/it\/agire\/pandathlon\/#breadcrumb"},"inLanguage":"it-IT","potentialAction":[{"@type":"ReadAction","target":["https:\/\/www.pandaclub.ch\/it\/agire\/pandathlon\/"]}]},{"@type":"BreadcrumbList","@id":"https:\/\/www.pandaclub.ch\/it\/agire\/pandathlon\/#breadcrumb","itemListElement":[{"@type":"ListItem","position":1,"name":"Home","item":"https:\/\/www.pandaclub.ch\/it\/"},{"@type":"ListItem","position":2,"name":"Agire","item":"https:\/\/www.pandaclub.ch\/de\/helfen\/"},{"@type":"ListItem","position":3,"name":"Pandathlon"}]},{"@type":"WebSite","@id":"https:\/\/www.pandaclub.ch\/de\/#website","url":"https:\/\/www.pandaclub.ch\/de\/","name":"WWF - Panda Club","description":"Die Kinderwebseite des WWF Schweiz","potentialAction":[{"@type":"SearchAction","target":{"@type":"EntryPoint","urlTemplate":"https:\/\/www.pandaclub.ch\/de\/?s={search_term_string}"},"query-input":{"@type":"PropertyValueSpecification","valueRequired":true,"valueName":"search_term_string"}}],"inLanguage":"it-IT"}]}},"_links":{"self":[{"href":"https:\/\/www.pandaclub.ch\/it\/wp-json\/wp\/v2\/pages\/51916","targetHints":{"allow":["GET"]}}],"collection":[{"href":"https:\/\/www.pandaclub.ch\/it\/wp-json\/wp\/v2\/pages"}],"about":[{"href":"https:\/\/www.pandaclub.ch\/it\/wp-json\/wp\/v2\/types\/page"}],"author":[{"embeddable":true,"href":"https:\/\/www.pandaclub.ch\/it\/wp-json\/wp\/v2\/users\/37"}],"replies":[{"embeddable":true,"href":"https:\/\/www.pandaclub.ch\/it\/wp-json\/wp\/v2\/comments?post=51916"}],"version-history":[{"count":27,"href":"https:\/\/www.pandaclub.ch\/it\/wp-json\/wp\/v2\/pages\/51916\/revisions"}],"predecessor-version":[{"id":129100,"href":"https:\/\/www.pandaclub.ch\/it\/wp-json\/wp\/v2\/pages\/51916\/revisions\/129100"}],"up":[{"embeddable":true,"href":"https:\/\/www.pandaclub.ch\/it\/wp-json\/wp\/v2\/pages\/3995"}],"wp:attachment":[{"href":"https:\/\/www.pandaclub.ch\/it\/wp-json\/wp\/v2\/media?parent=51916"}],"curies":[{"name":"wp","href":"https:\/\/api.w.org\/{rel}","templated":true}]}}