{"id":44237,"date":"2021-06-07T16:03:59","date_gmt":"2021-06-07T14:03:59","guid":{"rendered":"https:\/\/www.pandaclub.ch\/?page_id=44237"},"modified":"2021-06-07T16:03:59","modified_gmt":"2021-06-07T14:03:59","slug":"tierische-rekorde","status":"publish","type":"page","link":"https:\/\/www.pandaclub.ch\/it\/tierische-rekorde\/","title":{"rendered":"Animali da record"},"content":{"rendered":"","protected":false},"excerpt":{"rendered":"","protected":false},"author":8,"featured_media":0,"parent":0,"menu_order":390,"comment_status":"closed","ping_status":"closed","template":"","meta":{"_acf_changed":false,"footnotes":""},"class_list":["post-44237","page","type-page","status-publish","hentry"],"acf":[],"yoast_head":"<!-- This site is optimized with the Yoast SEO plugin v27.2 - https:\/\/yoast.com\/product\/yoast-seo-wordpress\/ -->\n<title>Animali da record - WWF - Panda Club<\/title>\n<meta name=\"description\" content=\"Qual \u00e8 l\u2019animale pi\u00f9 grande della Terra? Qual \u00e8 che vola pi\u00f9 veloce? E chi riesce ad immergersi pi\u00f9 in profondit\u00e0? Informazioni sul sito internet per bambini del Panda Club del WWF.\" \/>\n<meta name=\"robots\" content=\"index, follow, max-snippet:-1, max-image-preview:large, max-video-preview:-1\" \/>\n<link rel=\"canonical\" href=\"https:\/\/www.pandaclub.ch\/de\/tierische-rekorde\/\" \/>\n<meta name=\"twitter:card\" content=\"summary_large_image\" \/>\n<meta name=\"twitter:title\" content=\"Animali da record - WWF - Panda Club\" \/>\n<meta name=\"twitter:description\" content=\"Qual \u00e8 l\u2019animale pi\u00f9 grande della Terra? Qual \u00e8 che vola pi\u00f9 veloce? E chi riesce ad immergersi pi\u00f9 in profondit\u00e0? Informazioni sul sito internet per bambini del Panda Club del WWF.\" \/>\n<script type=\"application\/ld+json\" class=\"yoast-schema-graph\">{\"@context\":\"https:\/\/schema.org\",\"@graph\":[{\"@type\":\"WebPage\",\"@id\":\"https:\/\/www.pandaclub.ch\/de\/tierische-rekorde\/\",\"url\":\"https:\/\/www.pandaclub.ch\/de\/tierische-rekorde\/\",\"name\":\"Animali da record - WWF - Panda Club\",\"isPartOf\":{\"@id\":\"https:\/\/www.pandaclub.ch\/de\/#website\"},\"datePublished\":\"2021-06-07T14:03:59+00:00\",\"description\":\"Qual \u00e8 l\u2019animale pi\u00f9 grande della Terra? Qual \u00e8 che vola pi\u00f9 veloce? E chi riesce ad immergersi pi\u00f9 in profondit\u00e0? Informazioni sul sito internet per bambini del Panda Club del WWF.\",\"breadcrumb\":{\"@id\":\"https:\/\/www.pandaclub.ch\/de\/tierische-rekorde\/#breadcrumb\"},\"inLanguage\":\"it-IT\",\"potentialAction\":[{\"@type\":\"ReadAction\",\"target\":[\"https:\/\/www.pandaclub.ch\/de\/tierische-rekorde\/\"]}]},{\"@type\":\"BreadcrumbList\",\"@id\":\"https:\/\/www.pandaclub.ch\/de\/tierische-rekorde\/#breadcrumb\",\"itemListElement\":[{\"@type\":\"ListItem\",\"position\":1,\"name\":\"Home\",\"item\":\"https:\/\/www.pandaclub.ch\/it\/\"},{\"@type\":\"ListItem\",\"position\":2,\"name\":\"Animali da record\"}]},{\"@type\":\"WebSite\",\"@id\":\"https:\/\/www.pandaclub.ch\/de\/#website\",\"url\":\"https:\/\/www.pandaclub.ch\/de\/\",\"name\":\"WWF - Panda Club\",\"description\":\"Die Kinderwebseite des WWF Schweiz\",\"potentialAction\":[{\"@type\":\"SearchAction\",\"target\":{\"@type\":\"EntryPoint\",\"urlTemplate\":\"https:\/\/www.pandaclub.ch\/de\/?s={search_term_string}\"},\"query-input\":{\"@type\":\"PropertyValueSpecification\",\"valueRequired\":true,\"valueName\":\"search_term_string\"}}],\"inLanguage\":\"it-IT\"}]}<\/script>\n<!-- \/ Yoast SEO plugin. -->","yoast_head_json":{"title":"Animali da record - WWF - Panda Club","description":"Qual \u00e8 l\u2019animale pi\u00f9 grande della Terra? Qual \u00e8 che vola pi\u00f9 veloce? E chi riesce ad immergersi pi\u00f9 in profondit\u00e0? Informazioni sul sito internet per bambini del Panda Club del WWF.","robots":{"index":"index","follow":"follow","max-snippet":"max-snippet:-1","max-image-preview":"max-image-preview:large","max-video-preview":"max-video-preview:-1"},"canonical":"https:\/\/www.pandaclub.ch\/de\/tierische-rekorde\/","twitter_card":"summary_large_image","twitter_title":"Animali da record - WWF - Panda Club","twitter_description":"Qual \u00e8 l\u2019animale pi\u00f9 grande della Terra? Qual \u00e8 che vola pi\u00f9 veloce? E chi riesce ad immergersi pi\u00f9 in profondit\u00e0? Informazioni sul sito internet per bambini del Panda Club del WWF.","schema":{"@context":"https:\/\/schema.org","@graph":[{"@type":"WebPage","@id":"https:\/\/www.pandaclub.ch\/de\/tierische-rekorde\/","url":"https:\/\/www.pandaclub.ch\/de\/tierische-rekorde\/","name":"Animali da record - WWF - Panda Club","isPartOf":{"@id":"https:\/\/www.pandaclub.ch\/de\/#website"},"datePublished":"2021-06-07T14:03:59+00:00","description":"Qual \u00e8 l\u2019animale pi\u00f9 grande della Terra? Qual \u00e8 che vola pi\u00f9 veloce? E chi riesce ad immergersi pi\u00f9 in profondit\u00e0? Informazioni sul sito internet per bambini del Panda Club del WWF.","breadcrumb":{"@id":"https:\/\/www.pandaclub.ch\/de\/tierische-rekorde\/#breadcrumb"},"inLanguage":"it-IT","potentialAction":[{"@type":"ReadAction","target":["https:\/\/www.pandaclub.ch\/de\/tierische-rekorde\/"]}]},{"@type":"BreadcrumbList","@id":"https:\/\/www.pandaclub.ch\/de\/tierische-rekorde\/#breadcrumb","itemListElement":[{"@type":"ListItem","position":1,"name":"Home","item":"https:\/\/www.pandaclub.ch\/it\/"},{"@type":"ListItem","position":2,"name":"Animali da record"}]},{"@type":"WebSite","@id":"https:\/\/www.pandaclub.ch\/de\/#website","url":"https:\/\/www.pandaclub.ch\/de\/","name":"WWF - Panda Club","description":"Die Kinderwebseite des WWF Schweiz","potentialAction":[{"@type":"SearchAction","target":{"@type":"EntryPoint","urlTemplate":"https:\/\/www.pandaclub.ch\/de\/?s={search_term_string}"},"query-input":{"@type":"PropertyValueSpecification","valueRequired":true,"valueName":"search_term_string"}}],"inLanguage":"it-IT"}]}},"_links":{"self":[{"href":"https:\/\/www.pandaclub.ch\/it\/wp-json\/wp\/v2\/pages\/44237","targetHints":{"allow":["GET"]}}],"collection":[{"href":"https:\/\/www.pandaclub.ch\/it\/wp-json\/wp\/v2\/pages"}],"about":[{"href":"https:\/\/www.pandaclub.ch\/it\/wp-json\/wp\/v2\/types\/page"}],"author":[{"embeddable":true,"href":"https:\/\/www.pandaclub.ch\/it\/wp-json\/wp\/v2\/users\/8"}],"replies":[{"embeddable":true,"href":"https:\/\/www.pandaclub.ch\/it\/wp-json\/wp\/v2\/comments?post=44237"}],"version-history":[{"count":4,"href":"https:\/\/www.pandaclub.ch\/it\/wp-json\/wp\/v2\/pages\/44237\/revisions"}],"predecessor-version":[{"id":44460,"href":"https:\/\/www.pandaclub.ch\/it\/wp-json\/wp\/v2\/pages\/44237\/revisions\/44460"}],"wp:attachment":[{"href":"https:\/\/www.pandaclub.ch\/it\/wp-json\/wp\/v2\/media?parent=44237"}],"curies":[{"name":"wp","href":"https:\/\/api.w.org\/{rel}","templated":true}]}}