{"id":12138,"date":"2019-10-18T11:59:03","date_gmt":"2019-10-18T09:59:03","guid":{"rendered":"https:\/\/www.pandaclub.ch\/?page_id=12138"},"modified":"2019-10-18T11:59:03","modified_gmt":"2019-10-18T09:59:03","slug":"curiosita-dal-mondo-animale-e-vegetale","status":"publish","type":"page","link":"https:\/\/www.pandaclub.ch\/it\/curiosita-dal-mondo-animale-e-vegetale\/","title":{"rendered":"Curiosit\u00e0 dal mondo animale e vegetale"},"content":{"rendered":"","protected":false},"excerpt":{"rendered":"","protected":false},"author":8,"featured_media":0,"parent":0,"menu_order":475,"comment_status":"closed","ping_status":"closed","template":"","meta":{"_acf_changed":false,"footnotes":""},"class_list":["post-12138","page","type-page","status-publish","hentry"],"acf":[],"yoast_head":"<!-- This site is optimized with the Yoast SEO plugin v27.2 - https:\/\/yoast.com\/product\/yoast-seo-wordpress\/ -->\n<title>Curiosit\u00e0 dal mondo animale e vegetale - WWF - Panda Club<\/title>\n<meta name=\"description\" content=\"Perch\u00e9 gli alci s&#039;immergono e i picchi non hanno mal di testa? Curiosit\u00e0 interessanti e divertenti dal mondo animale e vegetale sul sito per bambini del Panda Club del WWF Svizzera.\" \/>\n<meta name=\"robots\" content=\"index, follow, max-snippet:-1, max-image-preview:large, max-video-preview:-1\" \/>\n<link rel=\"canonical\" href=\"https:\/\/www.pandaclub.ch\/it\/curiosita-dal-mondo-animale-e-vegetale\/\" \/>\n<meta name=\"twitter:card\" content=\"summary_large_image\" \/>\n<meta name=\"twitter:title\" content=\"Curiosit\u00e0 dal mondo animale e vegetale - WWF - Panda Club\" \/>\n<meta name=\"twitter:description\" content=\"Perch\u00e9 gli alci s&#039;immergono e i picchi non hanno mal di testa? Curiosit\u00e0 interessanti e divertenti dal mondo animale e vegetale sul sito per bambini del Panda Club del WWF Svizzera.\" \/>\n<script type=\"application\/ld+json\" class=\"yoast-schema-graph\">{\"@context\":\"https:\/\/schema.org\",\"@graph\":[{\"@type\":\"WebPage\",\"@id\":\"https:\/\/www.pandaclub.ch\/it\/curiosita-dal-mondo-animale-e-vegetale\/\",\"url\":\"https:\/\/www.pandaclub.ch\/it\/curiosita-dal-mondo-animale-e-vegetale\/\",\"name\":\"Curiosit\u00e0 dal mondo animale e vegetale - WWF - Panda Club\",\"isPartOf\":{\"@id\":\"https:\/\/www.pandaclub.ch\/de\/#website\"},\"datePublished\":\"2019-10-18T09:59:03+00:00\",\"description\":\"Perch\u00e9 gli alci s'immergono e i picchi non hanno mal di testa? Curiosit\u00e0 interessanti e divertenti dal mondo animale e vegetale sul sito per bambini del Panda Club del WWF Svizzera.\",\"breadcrumb\":{\"@id\":\"https:\/\/www.pandaclub.ch\/it\/curiosita-dal-mondo-animale-e-vegetale\/#breadcrumb\"},\"inLanguage\":\"it-IT\",\"potentialAction\":[{\"@type\":\"ReadAction\",\"target\":[\"https:\/\/www.pandaclub.ch\/it\/curiosita-dal-mondo-animale-e-vegetale\/\"]}]},{\"@type\":\"BreadcrumbList\",\"@id\":\"https:\/\/www.pandaclub.ch\/it\/curiosita-dal-mondo-animale-e-vegetale\/#breadcrumb\",\"itemListElement\":[{\"@type\":\"ListItem\",\"position\":1,\"name\":\"Home\",\"item\":\"https:\/\/www.pandaclub.ch\/it\/\"},{\"@type\":\"ListItem\",\"position\":2,\"name\":\"Curiosit\u00e0 dal mondo animale e vegetale\"}]},{\"@type\":\"WebSite\",\"@id\":\"https:\/\/www.pandaclub.ch\/de\/#website\",\"url\":\"https:\/\/www.pandaclub.ch\/de\/\",\"name\":\"WWF - Panda Club\",\"description\":\"Die Kinderwebseite des WWF Schweiz\",\"potentialAction\":[{\"@type\":\"SearchAction\",\"target\":{\"@type\":\"EntryPoint\",\"urlTemplate\":\"https:\/\/www.pandaclub.ch\/de\/?s={search_term_string}\"},\"query-input\":{\"@type\":\"PropertyValueSpecification\",\"valueRequired\":true,\"valueName\":\"search_term_string\"}}],\"inLanguage\":\"it-IT\"}]}<\/script>\n<!-- \/ Yoast SEO plugin. -->","yoast_head_json":{"title":"Curiosit\u00e0 dal mondo animale e vegetale - WWF - Panda Club","description":"Perch\u00e9 gli alci s'immergono e i picchi non hanno mal di testa? Curiosit\u00e0 interessanti e divertenti dal mondo animale e vegetale sul sito per bambini del Panda Club del WWF Svizzera.","robots":{"index":"index","follow":"follow","max-snippet":"max-snippet:-1","max-image-preview":"max-image-preview:large","max-video-preview":"max-video-preview:-1"},"canonical":"https:\/\/www.pandaclub.ch\/it\/curiosita-dal-mondo-animale-e-vegetale\/","twitter_card":"summary_large_image","twitter_title":"Curiosit\u00e0 dal mondo animale e vegetale - WWF - Panda Club","twitter_description":"Perch\u00e9 gli alci s'immergono e i picchi non hanno mal di testa? Curiosit\u00e0 interessanti e divertenti dal mondo animale e vegetale sul sito per bambini del Panda Club del WWF Svizzera.","schema":{"@context":"https:\/\/schema.org","@graph":[{"@type":"WebPage","@id":"https:\/\/www.pandaclub.ch\/it\/curiosita-dal-mondo-animale-e-vegetale\/","url":"https:\/\/www.pandaclub.ch\/it\/curiosita-dal-mondo-animale-e-vegetale\/","name":"Curiosit\u00e0 dal mondo animale e vegetale - WWF - Panda Club","isPartOf":{"@id":"https:\/\/www.pandaclub.ch\/de\/#website"},"datePublished":"2019-10-18T09:59:03+00:00","description":"Perch\u00e9 gli alci s'immergono e i picchi non hanno mal di testa? Curiosit\u00e0 interessanti e divertenti dal mondo animale e vegetale sul sito per bambini del Panda Club del WWF Svizzera.","breadcrumb":{"@id":"https:\/\/www.pandaclub.ch\/it\/curiosita-dal-mondo-animale-e-vegetale\/#breadcrumb"},"inLanguage":"it-IT","potentialAction":[{"@type":"ReadAction","target":["https:\/\/www.pandaclub.ch\/it\/curiosita-dal-mondo-animale-e-vegetale\/"]}]},{"@type":"BreadcrumbList","@id":"https:\/\/www.pandaclub.ch\/it\/curiosita-dal-mondo-animale-e-vegetale\/#breadcrumb","itemListElement":[{"@type":"ListItem","position":1,"name":"Home","item":"https:\/\/www.pandaclub.ch\/it\/"},{"@type":"ListItem","position":2,"name":"Curiosit\u00e0 dal mondo animale e vegetale"}]},{"@type":"WebSite","@id":"https:\/\/www.pandaclub.ch\/de\/#website","url":"https:\/\/www.pandaclub.ch\/de\/","name":"WWF - Panda Club","description":"Die Kinderwebseite des WWF Schweiz","potentialAction":[{"@type":"SearchAction","target":{"@type":"EntryPoint","urlTemplate":"https:\/\/www.pandaclub.ch\/de\/?s={search_term_string}"},"query-input":{"@type":"PropertyValueSpecification","valueRequired":true,"valueName":"search_term_string"}}],"inLanguage":"it-IT"}]}},"_links":{"self":[{"href":"https:\/\/www.pandaclub.ch\/it\/wp-json\/wp\/v2\/pages\/12138","targetHints":{"allow":["GET"]}}],"collection":[{"href":"https:\/\/www.pandaclub.ch\/it\/wp-json\/wp\/v2\/pages"}],"about":[{"href":"https:\/\/www.pandaclub.ch\/it\/wp-json\/wp\/v2\/types\/page"}],"author":[{"embeddable":true,"href":"https:\/\/www.pandaclub.ch\/it\/wp-json\/wp\/v2\/users\/8"}],"replies":[{"embeddable":true,"href":"https:\/\/www.pandaclub.ch\/it\/wp-json\/wp\/v2\/comments?post=12138"}],"version-history":[{"count":6,"href":"https:\/\/www.pandaclub.ch\/it\/wp-json\/wp\/v2\/pages\/12138\/revisions"}],"predecessor-version":[{"id":12152,"href":"https:\/\/www.pandaclub.ch\/it\/wp-json\/wp\/v2\/pages\/12138\/revisions\/12152"}],"wp:attachment":[{"href":"https:\/\/www.pandaclub.ch\/it\/wp-json\/wp\/v2\/media?parent=12138"}],"curies":[{"name":"wp","href":"https:\/\/api.w.org\/{rel}","templated":true}]}}