{"id":94932,"date":"2024-02-06T13:26:19","date_gmt":"2024-02-06T12:26:19","guid":{"rendered":"https:\/\/www.pandaclub.ch\/?page_id=94932"},"modified":"2024-02-06T11:21:24","modified_gmt":"2024-02-06T10:21:24","slug":"crinieres-sauvages-et-plumes-somptueuses","status":"publish","type":"page","link":"https:\/\/www.pandaclub.ch\/fr\/crinieres-sauvages-et-plumes-somptueuses\/","title":{"rendered":"Crini\u00e8res sauvages &#038; plumes somptueuses"},"content":{"rendered":"","protected":false},"excerpt":{"rendered":"","protected":false},"author":4,"featured_media":0,"parent":0,"menu_order":190,"comment_status":"closed","ping_status":"closed","template":"","meta":{"_acf_changed":false,"footnotes":""},"class_list":["post-94932","page","type-page","status-publish","hentry"],"acf":[],"yoast_head":"<!-- This site is optimized with the Yoast SEO plugin v27.2 - https:\/\/yoast.com\/product\/yoast-seo-wordpress\/ -->\n<title>Crini\u00e8res sauvages &amp; plumes somptueuses - WWF - Panda Club<\/title>\n<meta name=\"description\" content=\"Lion, tamarin \u00e0 cr\u00eate blanche, loup \u00e0 crini\u00e8re et huppe fasci\u00e9e - certains animaux ont des plumes ou des poils remarquables sur la t\u00eate. D\u00e9couvre-les sur le site internet pour les enfants du Panda Club.\" \/>\n<meta name=\"robots\" content=\"index, follow, max-snippet:-1, max-image-preview:large, max-video-preview:-1\" \/>\n<link rel=\"canonical\" href=\"https:\/\/www.pandaclub.ch\/fr\/crinieres-sauvages-et-plumes-somptueuses\/\" \/>\n<meta name=\"twitter:card\" content=\"summary_large_image\" \/>\n<meta name=\"twitter:title\" content=\"Crini\u00e8res sauvages &amp; plumes somptueuses - WWF - Panda Club\" \/>\n<meta name=\"twitter:description\" content=\"Lion, tamarin \u00e0 cr\u00eate blanche, loup \u00e0 crini\u00e8re et huppe fasci\u00e9e - certains animaux ont des plumes ou des poils remarquables sur la t\u00eate. D\u00e9couvre-les sur le site internet pour les enfants du Panda Club.\" \/>\n<script type=\"application\/ld+json\" class=\"yoast-schema-graph\">{\"@context\":\"https:\/\/schema.org\",\"@graph\":[{\"@type\":\"WebPage\",\"@id\":\"https:\/\/www.pandaclub.ch\/fr\/crinieres-sauvages-et-plumes-somptueuses\/\",\"url\":\"https:\/\/www.pandaclub.ch\/fr\/crinieres-sauvages-et-plumes-somptueuses\/\",\"name\":\"Crini\u00e8res sauvages & plumes somptueuses - WWF - Panda Club\",\"isPartOf\":{\"@id\":\"https:\/\/www.pandaclub.ch\/de\/#website\"},\"datePublished\":\"2024-02-06T12:26:19+00:00\",\"description\":\"Lion, tamarin \u00e0 cr\u00eate blanche, loup \u00e0 crini\u00e8re et huppe fasci\u00e9e - certains animaux ont des plumes ou des poils remarquables sur la t\u00eate. D\u00e9couvre-les sur le site internet pour les enfants du Panda Club.\",\"breadcrumb\":{\"@id\":\"https:\/\/www.pandaclub.ch\/fr\/crinieres-sauvages-et-plumes-somptueuses\/#breadcrumb\"},\"inLanguage\":\"fr-FR\",\"potentialAction\":[{\"@type\":\"ReadAction\",\"target\":[\"https:\/\/www.pandaclub.ch\/fr\/crinieres-sauvages-et-plumes-somptueuses\/\"]}]},{\"@type\":\"BreadcrumbList\",\"@id\":\"https:\/\/www.pandaclub.ch\/fr\/crinieres-sauvages-et-plumes-somptueuses\/#breadcrumb\",\"itemListElement\":[{\"@type\":\"ListItem\",\"position\":1,\"name\":\"Home\",\"item\":\"https:\/\/www.pandaclub.ch\/fr\/\"},{\"@type\":\"ListItem\",\"position\":2,\"name\":\"Crini\u00e8res sauvages &#038; plumes somptueuses\"}]},{\"@type\":\"WebSite\",\"@id\":\"https:\/\/www.pandaclub.ch\/de\/#website\",\"url\":\"https:\/\/www.pandaclub.ch\/de\/\",\"name\":\"WWF - Panda Club\",\"description\":\"Die Kinderwebseite des WWF Schweiz\",\"potentialAction\":[{\"@type\":\"SearchAction\",\"target\":{\"@type\":\"EntryPoint\",\"urlTemplate\":\"https:\/\/www.pandaclub.ch\/de\/?s={search_term_string}\"},\"query-input\":{\"@type\":\"PropertyValueSpecification\",\"valueRequired\":true,\"valueName\":\"search_term_string\"}}],\"inLanguage\":\"fr-FR\"}]}<\/script>\n<!-- \/ Yoast SEO plugin. -->","yoast_head_json":{"title":"Crini\u00e8res sauvages & plumes somptueuses - WWF - Panda Club","description":"Lion, tamarin \u00e0 cr\u00eate blanche, loup \u00e0 crini\u00e8re et huppe fasci\u00e9e - certains animaux ont des plumes ou des poils remarquables sur la t\u00eate. D\u00e9couvre-les sur le site internet pour les enfants du Panda Club.","robots":{"index":"index","follow":"follow","max-snippet":"max-snippet:-1","max-image-preview":"max-image-preview:large","max-video-preview":"max-video-preview:-1"},"canonical":"https:\/\/www.pandaclub.ch\/fr\/crinieres-sauvages-et-plumes-somptueuses\/","twitter_card":"summary_large_image","twitter_title":"Crini\u00e8res sauvages & plumes somptueuses - WWF - Panda Club","twitter_description":"Lion, tamarin \u00e0 cr\u00eate blanche, loup \u00e0 crini\u00e8re et huppe fasci\u00e9e - certains animaux ont des plumes ou des poils remarquables sur la t\u00eate. D\u00e9couvre-les sur le site internet pour les enfants du Panda Club.","schema":{"@context":"https:\/\/schema.org","@graph":[{"@type":"WebPage","@id":"https:\/\/www.pandaclub.ch\/fr\/crinieres-sauvages-et-plumes-somptueuses\/","url":"https:\/\/www.pandaclub.ch\/fr\/crinieres-sauvages-et-plumes-somptueuses\/","name":"Crini\u00e8res sauvages & plumes somptueuses - WWF - Panda Club","isPartOf":{"@id":"https:\/\/www.pandaclub.ch\/de\/#website"},"datePublished":"2024-02-06T12:26:19+00:00","description":"Lion, tamarin \u00e0 cr\u00eate blanche, loup \u00e0 crini\u00e8re et huppe fasci\u00e9e - certains animaux ont des plumes ou des poils remarquables sur la t\u00eate. D\u00e9couvre-les sur le site internet pour les enfants du Panda Club.","breadcrumb":{"@id":"https:\/\/www.pandaclub.ch\/fr\/crinieres-sauvages-et-plumes-somptueuses\/#breadcrumb"},"inLanguage":"fr-FR","potentialAction":[{"@type":"ReadAction","target":["https:\/\/www.pandaclub.ch\/fr\/crinieres-sauvages-et-plumes-somptueuses\/"]}]},{"@type":"BreadcrumbList","@id":"https:\/\/www.pandaclub.ch\/fr\/crinieres-sauvages-et-plumes-somptueuses\/#breadcrumb","itemListElement":[{"@type":"ListItem","position":1,"name":"Home","item":"https:\/\/www.pandaclub.ch\/fr\/"},{"@type":"ListItem","position":2,"name":"Crini\u00e8res sauvages &#038; plumes somptueuses"}]},{"@type":"WebSite","@id":"https:\/\/www.pandaclub.ch\/de\/#website","url":"https:\/\/www.pandaclub.ch\/de\/","name":"WWF - Panda Club","description":"Die Kinderwebseite des WWF Schweiz","potentialAction":[{"@type":"SearchAction","target":{"@type":"EntryPoint","urlTemplate":"https:\/\/www.pandaclub.ch\/de\/?s={search_term_string}"},"query-input":{"@type":"PropertyValueSpecification","valueRequired":true,"valueName":"search_term_string"}}],"inLanguage":"fr-FR"}]}},"_links":{"self":[{"href":"https:\/\/www.pandaclub.ch\/fr\/wp-json\/wp\/v2\/pages\/94932","targetHints":{"allow":["GET"]}}],"collection":[{"href":"https:\/\/www.pandaclub.ch\/fr\/wp-json\/wp\/v2\/pages"}],"about":[{"href":"https:\/\/www.pandaclub.ch\/fr\/wp-json\/wp\/v2\/types\/page"}],"author":[{"embeddable":true,"href":"https:\/\/www.pandaclub.ch\/fr\/wp-json\/wp\/v2\/users\/4"}],"replies":[{"embeddable":true,"href":"https:\/\/www.pandaclub.ch\/fr\/wp-json\/wp\/v2\/comments?post=94932"}],"version-history":[{"count":4,"href":"https:\/\/www.pandaclub.ch\/fr\/wp-json\/wp\/v2\/pages\/94932\/revisions"}],"predecessor-version":[{"id":94988,"href":"https:\/\/www.pandaclub.ch\/fr\/wp-json\/wp\/v2\/pages\/94932\/revisions\/94988"}],"wp:attachment":[{"href":"https:\/\/www.pandaclub.ch\/fr\/wp-json\/wp\/v2\/media?parent=94932"}],"curies":[{"name":"wp","href":"https:\/\/api.w.org\/{rel}","templated":true}]}}