{"id":77530,"date":"2023-08-02T13:32:13","date_gmt":"2023-08-02T11:32:13","guid":{"rendered":"https:\/\/www.pandaclub.ch\/?page_id=77530"},"modified":"2023-09-05T11:03:24","modified_gmt":"2023-09-05T09:03:24","slug":"tire-la-langue","status":"publish","type":"page","link":"https:\/\/www.pandaclub.ch\/fr\/tire-la-langue\/","title":{"rendered":"Tire la langue!"},"content":{"rendered":"","protected":false},"excerpt":{"rendered":"","protected":false},"author":7,"featured_media":0,"parent":0,"menu_order":227,"comment_status":"closed","ping_status":"closed","template":"","meta":{"_acf_changed":false,"footnotes":""},"class_list":["post-77530","page","type-page","status-publish","hentry"],"acf":[],"yoast_head":"<!-- This site is optimized with the Yoast SEO plugin v27.2 - https:\/\/yoast.com\/product\/yoast-seo-wordpress\/ -->\n<title>Langues color\u00e9es, longues et rapides - WWF - Panda Club<\/title>\n<meta name=\"description\" content=\"Cam\u00e9l\u00e9on, girafe, pangolin, ... certains animaux ont des langues tr\u00e8s particuli\u00e8res. Quelques informations sur le site Internet pour les enfants du Panda Club\" \/>\n<meta name=\"robots\" content=\"index, follow, max-snippet:-1, max-image-preview:large, max-video-preview:-1\" \/>\n<link rel=\"canonical\" href=\"https:\/\/www.pandaclub.ch\/fr\/tire-la-langue\/\" \/>\n<meta property=\"og:locale\" content=\"fr_FR\" \/>\n<meta property=\"og:type\" content=\"article\" \/>\n<meta property=\"og:title\" content=\"Langues color\u00e9es, longues et rapides - WWF - Panda Club\" \/>\n<meta property=\"og:description\" content=\"Cam\u00e9l\u00e9on, girafe, pangolin, ... certains animaux ont des langues tr\u00e8s particuli\u00e8res. Quelques informations sur le site Internet pour les enfants du Panda Club\" \/>\n<meta property=\"og:url\" content=\"https:\/\/www.pandaclub.ch\/fr\/tire-la-langue\/\" \/>\n<meta property=\"og:site_name\" content=\"WWF - Panda Club\" \/>\n<meta property=\"article:modified_time\" content=\"2023-09-05T09:03:24+00:00\" \/>\n<meta name=\"twitter:card\" content=\"summary_large_image\" \/>\n<script type=\"application\/ld+json\" class=\"yoast-schema-graph\">{\"@context\":\"https:\/\/schema.org\",\"@graph\":[{\"@type\":\"WebPage\",\"@id\":\"https:\/\/www.pandaclub.ch\/fr\/tire-la-langue\/\",\"url\":\"https:\/\/www.pandaclub.ch\/fr\/tire-la-langue\/\",\"name\":\"Langues color\u00e9es, longues et rapides - WWF - Panda Club\",\"isPartOf\":{\"@id\":\"https:\/\/www.pandaclub.ch\/de\/#website\"},\"datePublished\":\"2023-08-02T11:32:13+00:00\",\"dateModified\":\"2023-09-05T09:03:24+00:00\",\"description\":\"Cam\u00e9l\u00e9on, girafe, pangolin, ... certains animaux ont des langues tr\u00e8s particuli\u00e8res. Quelques informations sur le site Internet pour les enfants du Panda Club\",\"breadcrumb\":{\"@id\":\"https:\/\/www.pandaclub.ch\/fr\/tire-la-langue\/#breadcrumb\"},\"inLanguage\":\"fr-FR\",\"potentialAction\":[{\"@type\":\"ReadAction\",\"target\":[\"https:\/\/www.pandaclub.ch\/fr\/tire-la-langue\/\"]}]},{\"@type\":\"BreadcrumbList\",\"@id\":\"https:\/\/www.pandaclub.ch\/fr\/tire-la-langue\/#breadcrumb\",\"itemListElement\":[{\"@type\":\"ListItem\",\"position\":1,\"name\":\"Home\",\"item\":\"https:\/\/www.pandaclub.ch\/fr\/\"},{\"@type\":\"ListItem\",\"position\":2,\"name\":\"Tire la langue!\"}]},{\"@type\":\"WebSite\",\"@id\":\"https:\/\/www.pandaclub.ch\/de\/#website\",\"url\":\"https:\/\/www.pandaclub.ch\/de\/\",\"name\":\"WWF - Panda Club\",\"description\":\"Die Kinderwebseite des WWF Schweiz\",\"potentialAction\":[{\"@type\":\"SearchAction\",\"target\":{\"@type\":\"EntryPoint\",\"urlTemplate\":\"https:\/\/www.pandaclub.ch\/de\/?s={search_term_string}\"},\"query-input\":{\"@type\":\"PropertyValueSpecification\",\"valueRequired\":true,\"valueName\":\"search_term_string\"}}],\"inLanguage\":\"fr-FR\"}]}<\/script>\n<!-- \/ Yoast SEO plugin. -->","yoast_head_json":{"title":"Langues color\u00e9es, longues et rapides - WWF - Panda Club","description":"Cam\u00e9l\u00e9on, girafe, pangolin, ... certains animaux ont des langues tr\u00e8s particuli\u00e8res. Quelques informations sur le site Internet pour les enfants du Panda Club","robots":{"index":"index","follow":"follow","max-snippet":"max-snippet:-1","max-image-preview":"max-image-preview:large","max-video-preview":"max-video-preview:-1"},"canonical":"https:\/\/www.pandaclub.ch\/fr\/tire-la-langue\/","og_locale":"fr_FR","og_type":"article","og_title":"Langues color\u00e9es, longues et rapides - WWF - Panda Club","og_description":"Cam\u00e9l\u00e9on, girafe, pangolin, ... certains animaux ont des langues tr\u00e8s particuli\u00e8res. Quelques informations sur le site Internet pour les enfants du Panda Club","og_url":"https:\/\/www.pandaclub.ch\/fr\/tire-la-langue\/","og_site_name":"WWF - Panda Club","article_modified_time":"2023-09-05T09:03:24+00:00","twitter_card":"summary_large_image","schema":{"@context":"https:\/\/schema.org","@graph":[{"@type":"WebPage","@id":"https:\/\/www.pandaclub.ch\/fr\/tire-la-langue\/","url":"https:\/\/www.pandaclub.ch\/fr\/tire-la-langue\/","name":"Langues color\u00e9es, longues et rapides - WWF - Panda Club","isPartOf":{"@id":"https:\/\/www.pandaclub.ch\/de\/#website"},"datePublished":"2023-08-02T11:32:13+00:00","dateModified":"2023-09-05T09:03:24+00:00","description":"Cam\u00e9l\u00e9on, girafe, pangolin, ... certains animaux ont des langues tr\u00e8s particuli\u00e8res. Quelques informations sur le site Internet pour les enfants du Panda Club","breadcrumb":{"@id":"https:\/\/www.pandaclub.ch\/fr\/tire-la-langue\/#breadcrumb"},"inLanguage":"fr-FR","potentialAction":[{"@type":"ReadAction","target":["https:\/\/www.pandaclub.ch\/fr\/tire-la-langue\/"]}]},{"@type":"BreadcrumbList","@id":"https:\/\/www.pandaclub.ch\/fr\/tire-la-langue\/#breadcrumb","itemListElement":[{"@type":"ListItem","position":1,"name":"Home","item":"https:\/\/www.pandaclub.ch\/fr\/"},{"@type":"ListItem","position":2,"name":"Tire la langue!"}]},{"@type":"WebSite","@id":"https:\/\/www.pandaclub.ch\/de\/#website","url":"https:\/\/www.pandaclub.ch\/de\/","name":"WWF - Panda Club","description":"Die Kinderwebseite des WWF Schweiz","potentialAction":[{"@type":"SearchAction","target":{"@type":"EntryPoint","urlTemplate":"https:\/\/www.pandaclub.ch\/de\/?s={search_term_string}"},"query-input":{"@type":"PropertyValueSpecification","valueRequired":true,"valueName":"search_term_string"}}],"inLanguage":"fr-FR"}]}},"_links":{"self":[{"href":"https:\/\/www.pandaclub.ch\/fr\/wp-json\/wp\/v2\/pages\/77530","targetHints":{"allow":["GET"]}}],"collection":[{"href":"https:\/\/www.pandaclub.ch\/fr\/wp-json\/wp\/v2\/pages"}],"about":[{"href":"https:\/\/www.pandaclub.ch\/fr\/wp-json\/wp\/v2\/types\/page"}],"author":[{"embeddable":true,"href":"https:\/\/www.pandaclub.ch\/fr\/wp-json\/wp\/v2\/users\/7"}],"replies":[{"embeddable":true,"href":"https:\/\/www.pandaclub.ch\/fr\/wp-json\/wp\/v2\/comments?post=77530"}],"version-history":[{"count":6,"href":"https:\/\/www.pandaclub.ch\/fr\/wp-json\/wp\/v2\/pages\/77530\/revisions"}],"predecessor-version":[{"id":78004,"href":"https:\/\/www.pandaclub.ch\/fr\/wp-json\/wp\/v2\/pages\/77530\/revisions\/78004"}],"wp:attachment":[{"href":"https:\/\/www.pandaclub.ch\/fr\/wp-json\/wp\/v2\/media?parent=77530"}],"curies":[{"name":"wp","href":"https:\/\/api.w.org\/{rel}","templated":true}]}}