{"id":75804,"date":"2023-06-06T10:50:29","date_gmt":"2023-06-06T08:50:29","guid":{"rendered":"https:\/\/www.pandaclub.ch\/?page_id=75804"},"modified":"2023-06-06T12:01:15","modified_gmt":"2023-06-06T10:01:15","slug":"anciens-rapides-piquants-ou-tachetes","status":"publish","type":"page","link":"https:\/\/www.pandaclub.ch\/fr\/anciens-rapides-piquants-ou-tachetes\/","title":{"rendered":"Anciens, rapides, piquants ou tachet\u00e9s"},"content":{"rendered":"","protected":false},"excerpt":{"rendered":"","protected":false},"author":7,"featured_media":0,"parent":0,"menu_order":234,"comment_status":"closed","ping_status":"closed","template":"","meta":{"_acf_changed":false,"footnotes":""},"class_list":["post-75804","page","type-page","status-publish","hentry"],"acf":[],"yoast_head":"<!-- This site is optimized with the Yoast SEO plugin v27.2 - https:\/\/yoast.com\/product\/yoast-seo-wordpress\/ -->\n<title>D\u00e9couvre diff\u00e9rentes esp\u00e8ces de requins - WWF - Panda Club<\/title>\n<meta name=\"description\" content=\"Voici les requins les plus rapides, les plus extraordinaires ou les plus anciens. En savoir plus sur les diff\u00e9rentes esp\u00e8ces de requins sur le site internet pour les enfants du Panda Club.\" \/>\n<meta name=\"robots\" content=\"index, follow, max-snippet:-1, max-image-preview:large, max-video-preview:-1\" \/>\n<link rel=\"canonical\" href=\"https:\/\/www.pandaclub.ch\/fr\/anciens-rapides-piquants-ou-tachetes\/\" \/>\n<meta name=\"twitter:card\" content=\"summary_large_image\" \/>\n<meta name=\"twitter:title\" content=\"D\u00e9couvre diff\u00e9rentes esp\u00e8ces de requins - WWF - Panda Club\" \/>\n<meta name=\"twitter:description\" content=\"Voici les requins les plus rapides, les plus extraordinaires ou les plus anciens. En savoir plus sur les diff\u00e9rentes esp\u00e8ces de requins sur le site internet pour les enfants du Panda Club.\" \/>\n<script type=\"application\/ld+json\" class=\"yoast-schema-graph\">{\"@context\":\"https:\/\/schema.org\",\"@graph\":[{\"@type\":\"WebPage\",\"@id\":\"https:\/\/www.pandaclub.ch\/fr\/anciens-rapides-piquants-ou-tachetes\/\",\"url\":\"https:\/\/www.pandaclub.ch\/fr\/anciens-rapides-piquants-ou-tachetes\/\",\"name\":\"D\u00e9couvre diff\u00e9rentes esp\u00e8ces de requins - WWF - Panda Club\",\"isPartOf\":{\"@id\":\"https:\/\/www.pandaclub.ch\/de\/#website\"},\"datePublished\":\"2023-06-06T08:50:29+00:00\",\"dateModified\":\"2023-06-06T10:01:15+00:00\",\"description\":\"Voici les requins les plus rapides, les plus extraordinaires ou les plus anciens. En savoir plus sur les diff\u00e9rentes esp\u00e8ces de requins sur le site internet pour les enfants du Panda Club.\",\"breadcrumb\":{\"@id\":\"https:\/\/www.pandaclub.ch\/fr\/anciens-rapides-piquants-ou-tachetes\/#breadcrumb\"},\"inLanguage\":\"fr-FR\",\"potentialAction\":[{\"@type\":\"ReadAction\",\"target\":[\"https:\/\/www.pandaclub.ch\/fr\/anciens-rapides-piquants-ou-tachetes\/\"]}]},{\"@type\":\"BreadcrumbList\",\"@id\":\"https:\/\/www.pandaclub.ch\/fr\/anciens-rapides-piquants-ou-tachetes\/#breadcrumb\",\"itemListElement\":[{\"@type\":\"ListItem\",\"position\":1,\"name\":\"Home\",\"item\":\"https:\/\/www.pandaclub.ch\/fr\/\"},{\"@type\":\"ListItem\",\"position\":2,\"name\":\"Anciens, rapides, piquants ou tachet\u00e9s\"}]},{\"@type\":\"WebSite\",\"@id\":\"https:\/\/www.pandaclub.ch\/de\/#website\",\"url\":\"https:\/\/www.pandaclub.ch\/de\/\",\"name\":\"WWF - Panda Club\",\"description\":\"Die Kinderwebseite des WWF Schweiz\",\"potentialAction\":[{\"@type\":\"SearchAction\",\"target\":{\"@type\":\"EntryPoint\",\"urlTemplate\":\"https:\/\/www.pandaclub.ch\/de\/?s={search_term_string}\"},\"query-input\":{\"@type\":\"PropertyValueSpecification\",\"valueRequired\":true,\"valueName\":\"search_term_string\"}}],\"inLanguage\":\"fr-FR\"}]}<\/script>\n<!-- \/ Yoast SEO plugin. -->","yoast_head_json":{"title":"D\u00e9couvre diff\u00e9rentes esp\u00e8ces de requins - WWF - Panda Club","description":"Voici les requins les plus rapides, les plus extraordinaires ou les plus anciens. En savoir plus sur les diff\u00e9rentes esp\u00e8ces de requins sur le site internet pour les enfants du Panda Club.","robots":{"index":"index","follow":"follow","max-snippet":"max-snippet:-1","max-image-preview":"max-image-preview:large","max-video-preview":"max-video-preview:-1"},"canonical":"https:\/\/www.pandaclub.ch\/fr\/anciens-rapides-piquants-ou-tachetes\/","twitter_card":"summary_large_image","twitter_title":"D\u00e9couvre diff\u00e9rentes esp\u00e8ces de requins - WWF - Panda Club","twitter_description":"Voici les requins les plus rapides, les plus extraordinaires ou les plus anciens. En savoir plus sur les diff\u00e9rentes esp\u00e8ces de requins sur le site internet pour les enfants du Panda Club.","schema":{"@context":"https:\/\/schema.org","@graph":[{"@type":"WebPage","@id":"https:\/\/www.pandaclub.ch\/fr\/anciens-rapides-piquants-ou-tachetes\/","url":"https:\/\/www.pandaclub.ch\/fr\/anciens-rapides-piquants-ou-tachetes\/","name":"D\u00e9couvre diff\u00e9rentes esp\u00e8ces de requins - WWF - Panda Club","isPartOf":{"@id":"https:\/\/www.pandaclub.ch\/de\/#website"},"datePublished":"2023-06-06T08:50:29+00:00","dateModified":"2023-06-06T10:01:15+00:00","description":"Voici les requins les plus rapides, les plus extraordinaires ou les plus anciens. En savoir plus sur les diff\u00e9rentes esp\u00e8ces de requins sur le site internet pour les enfants du Panda Club.","breadcrumb":{"@id":"https:\/\/www.pandaclub.ch\/fr\/anciens-rapides-piquants-ou-tachetes\/#breadcrumb"},"inLanguage":"fr-FR","potentialAction":[{"@type":"ReadAction","target":["https:\/\/www.pandaclub.ch\/fr\/anciens-rapides-piquants-ou-tachetes\/"]}]},{"@type":"BreadcrumbList","@id":"https:\/\/www.pandaclub.ch\/fr\/anciens-rapides-piquants-ou-tachetes\/#breadcrumb","itemListElement":[{"@type":"ListItem","position":1,"name":"Home","item":"https:\/\/www.pandaclub.ch\/fr\/"},{"@type":"ListItem","position":2,"name":"Anciens, rapides, piquants ou tachet\u00e9s"}]},{"@type":"WebSite","@id":"https:\/\/www.pandaclub.ch\/de\/#website","url":"https:\/\/www.pandaclub.ch\/de\/","name":"WWF - Panda Club","description":"Die Kinderwebseite des WWF Schweiz","potentialAction":[{"@type":"SearchAction","target":{"@type":"EntryPoint","urlTemplate":"https:\/\/www.pandaclub.ch\/de\/?s={search_term_string}"},"query-input":{"@type":"PropertyValueSpecification","valueRequired":true,"valueName":"search_term_string"}}],"inLanguage":"fr-FR"}]}},"_links":{"self":[{"href":"https:\/\/www.pandaclub.ch\/fr\/wp-json\/wp\/v2\/pages\/75804","targetHints":{"allow":["GET"]}}],"collection":[{"href":"https:\/\/www.pandaclub.ch\/fr\/wp-json\/wp\/v2\/pages"}],"about":[{"href":"https:\/\/www.pandaclub.ch\/fr\/wp-json\/wp\/v2\/types\/page"}],"author":[{"embeddable":true,"href":"https:\/\/www.pandaclub.ch\/fr\/wp-json\/wp\/v2\/users\/7"}],"replies":[{"embeddable":true,"href":"https:\/\/www.pandaclub.ch\/fr\/wp-json\/wp\/v2\/comments?post=75804"}],"version-history":[{"count":10,"href":"https:\/\/www.pandaclub.ch\/fr\/wp-json\/wp\/v2\/pages\/75804\/revisions"}],"predecessor-version":[{"id":75827,"href":"https:\/\/www.pandaclub.ch\/fr\/wp-json\/wp\/v2\/pages\/75804\/revisions\/75827"}],"wp:attachment":[{"href":"https:\/\/www.pandaclub.ch\/fr\/wp-json\/wp\/v2\/media?parent=75804"}],"curies":[{"name":"wp","href":"https:\/\/api.w.org\/{rel}","templated":true}]}}