{"id":73703,"date":"2023-04-11T14:06:48","date_gmt":"2023-04-11T12:06:48","guid":{"rendered":"https:\/\/www.pandaclub.ch\/?page_id=73703"},"modified":"2023-04-11T14:17:51","modified_gmt":"2023-04-11T12:17:51","slug":"martinet-ou-hirondelle","status":"publish","type":"page","link":"https:\/\/www.pandaclub.ch\/fr\/martinet-ou-hirondelle\/","title":{"rendered":"Martinet ou hirondelle?"},"content":{"rendered":"","protected":false},"excerpt":{"rendered":"","protected":false},"author":7,"featured_media":0,"parent":0,"menu_order":243,"comment_status":"closed","ping_status":"closed","template":"","meta":{"_acf_changed":false,"footnotes":""},"class_list":["post-73703","page","type-page","status-publish","hentry"],"acf":[],"yoast_head":"<!-- This site is optimized with the Yoast SEO plugin v27.2 - https:\/\/yoast.com\/product\/yoast-seo-wordpress\/ -->\n<title>Martinet ou hirondelle? - WWF - Panda Club<\/title>\n<meta name=\"description\" content=\"Martinet noir, hirondelle rustique, martinet \u00e0 ventre blanc, hirondelle de fen\u00eatre ... Comment reconna\u00eetre chacun de ces oiseaux? Quelques informations sur ces oiseaux sur le site Internet pour les enfants du Panda Club.\" \/>\n<meta name=\"robots\" content=\"index, follow, max-snippet:-1, max-image-preview:large, max-video-preview:-1\" \/>\n<link rel=\"canonical\" href=\"https:\/\/www.pandaclub.ch\/fr\/martinet-ou-hirondelle\/\" \/>\n<meta property=\"og:locale\" content=\"fr_FR\" \/>\n<meta property=\"og:type\" content=\"article\" \/>\n<meta property=\"og:title\" content=\"Martinet ou hirondelle? - WWF - Panda Club\" \/>\n<meta property=\"og:description\" content=\"Martinet noir, hirondelle rustique, martinet \u00e0 ventre blanc, hirondelle de fen\u00eatre ... Comment reconna\u00eetre chacun de ces oiseaux? Quelques informations sur ces oiseaux sur le site Internet pour les enfants du Panda Club.\" \/>\n<meta property=\"og:url\" content=\"https:\/\/www.pandaclub.ch\/fr\/martinet-ou-hirondelle\/\" \/>\n<meta property=\"og:site_name\" content=\"WWF - Panda Club\" \/>\n<meta property=\"article:modified_time\" content=\"2023-04-11T12:17:51+00:00\" \/>\n<meta name=\"twitter:card\" content=\"summary_large_image\" \/>\n<script type=\"application\/ld+json\" class=\"yoast-schema-graph\">{\"@context\":\"https:\/\/schema.org\",\"@graph\":[{\"@type\":\"WebPage\",\"@id\":\"https:\/\/www.pandaclub.ch\/fr\/martinet-ou-hirondelle\/\",\"url\":\"https:\/\/www.pandaclub.ch\/fr\/martinet-ou-hirondelle\/\",\"name\":\"Martinet ou hirondelle? - WWF - Panda Club\",\"isPartOf\":{\"@id\":\"https:\/\/www.pandaclub.ch\/de\/#website\"},\"datePublished\":\"2023-04-11T12:06:48+00:00\",\"dateModified\":\"2023-04-11T12:17:51+00:00\",\"description\":\"Martinet noir, hirondelle rustique, martinet \u00e0 ventre blanc, hirondelle de fen\u00eatre ... Comment reconna\u00eetre chacun de ces oiseaux? Quelques informations sur ces oiseaux sur le site Internet pour les enfants du Panda Club.\",\"breadcrumb\":{\"@id\":\"https:\/\/www.pandaclub.ch\/fr\/martinet-ou-hirondelle\/#breadcrumb\"},\"inLanguage\":\"fr-FR\",\"potentialAction\":[{\"@type\":\"ReadAction\",\"target\":[\"https:\/\/www.pandaclub.ch\/fr\/martinet-ou-hirondelle\/\"]}]},{\"@type\":\"BreadcrumbList\",\"@id\":\"https:\/\/www.pandaclub.ch\/fr\/martinet-ou-hirondelle\/#breadcrumb\",\"itemListElement\":[{\"@type\":\"ListItem\",\"position\":1,\"name\":\"Home\",\"item\":\"https:\/\/www.pandaclub.ch\/fr\/\"},{\"@type\":\"ListItem\",\"position\":2,\"name\":\"Martinet ou hirondelle?\"}]},{\"@type\":\"WebSite\",\"@id\":\"https:\/\/www.pandaclub.ch\/de\/#website\",\"url\":\"https:\/\/www.pandaclub.ch\/de\/\",\"name\":\"WWF - Panda Club\",\"description\":\"Die Kinderwebseite des WWF Schweiz\",\"potentialAction\":[{\"@type\":\"SearchAction\",\"target\":{\"@type\":\"EntryPoint\",\"urlTemplate\":\"https:\/\/www.pandaclub.ch\/de\/?s={search_term_string}\"},\"query-input\":{\"@type\":\"PropertyValueSpecification\",\"valueRequired\":true,\"valueName\":\"search_term_string\"}}],\"inLanguage\":\"fr-FR\"}]}<\/script>\n<!-- \/ Yoast SEO plugin. -->","yoast_head_json":{"title":"Martinet ou hirondelle? - WWF - Panda Club","description":"Martinet noir, hirondelle rustique, martinet \u00e0 ventre blanc, hirondelle de fen\u00eatre ... Comment reconna\u00eetre chacun de ces oiseaux? Quelques informations sur ces oiseaux sur le site Internet pour les enfants du Panda Club.","robots":{"index":"index","follow":"follow","max-snippet":"max-snippet:-1","max-image-preview":"max-image-preview:large","max-video-preview":"max-video-preview:-1"},"canonical":"https:\/\/www.pandaclub.ch\/fr\/martinet-ou-hirondelle\/","og_locale":"fr_FR","og_type":"article","og_title":"Martinet ou hirondelle? - WWF - Panda Club","og_description":"Martinet noir, hirondelle rustique, martinet \u00e0 ventre blanc, hirondelle de fen\u00eatre ... Comment reconna\u00eetre chacun de ces oiseaux? Quelques informations sur ces oiseaux sur le site Internet pour les enfants du Panda Club.","og_url":"https:\/\/www.pandaclub.ch\/fr\/martinet-ou-hirondelle\/","og_site_name":"WWF - Panda Club","article_modified_time":"2023-04-11T12:17:51+00:00","twitter_card":"summary_large_image","schema":{"@context":"https:\/\/schema.org","@graph":[{"@type":"WebPage","@id":"https:\/\/www.pandaclub.ch\/fr\/martinet-ou-hirondelle\/","url":"https:\/\/www.pandaclub.ch\/fr\/martinet-ou-hirondelle\/","name":"Martinet ou hirondelle? - WWF - Panda Club","isPartOf":{"@id":"https:\/\/www.pandaclub.ch\/de\/#website"},"datePublished":"2023-04-11T12:06:48+00:00","dateModified":"2023-04-11T12:17:51+00:00","description":"Martinet noir, hirondelle rustique, martinet \u00e0 ventre blanc, hirondelle de fen\u00eatre ... Comment reconna\u00eetre chacun de ces oiseaux? Quelques informations sur ces oiseaux sur le site Internet pour les enfants du Panda Club.","breadcrumb":{"@id":"https:\/\/www.pandaclub.ch\/fr\/martinet-ou-hirondelle\/#breadcrumb"},"inLanguage":"fr-FR","potentialAction":[{"@type":"ReadAction","target":["https:\/\/www.pandaclub.ch\/fr\/martinet-ou-hirondelle\/"]}]},{"@type":"BreadcrumbList","@id":"https:\/\/www.pandaclub.ch\/fr\/martinet-ou-hirondelle\/#breadcrumb","itemListElement":[{"@type":"ListItem","position":1,"name":"Home","item":"https:\/\/www.pandaclub.ch\/fr\/"},{"@type":"ListItem","position":2,"name":"Martinet ou hirondelle?"}]},{"@type":"WebSite","@id":"https:\/\/www.pandaclub.ch\/de\/#website","url":"https:\/\/www.pandaclub.ch\/de\/","name":"WWF - Panda Club","description":"Die Kinderwebseite des WWF Schweiz","potentialAction":[{"@type":"SearchAction","target":{"@type":"EntryPoint","urlTemplate":"https:\/\/www.pandaclub.ch\/de\/?s={search_term_string}"},"query-input":{"@type":"PropertyValueSpecification","valueRequired":true,"valueName":"search_term_string"}}],"inLanguage":"fr-FR"}]}},"_links":{"self":[{"href":"https:\/\/www.pandaclub.ch\/fr\/wp-json\/wp\/v2\/pages\/73703","targetHints":{"allow":["GET"]}}],"collection":[{"href":"https:\/\/www.pandaclub.ch\/fr\/wp-json\/wp\/v2\/pages"}],"about":[{"href":"https:\/\/www.pandaclub.ch\/fr\/wp-json\/wp\/v2\/types\/page"}],"author":[{"embeddable":true,"href":"https:\/\/www.pandaclub.ch\/fr\/wp-json\/wp\/v2\/users\/7"}],"replies":[{"embeddable":true,"href":"https:\/\/www.pandaclub.ch\/fr\/wp-json\/wp\/v2\/comments?post=73703"}],"version-history":[{"count":3,"href":"https:\/\/www.pandaclub.ch\/fr\/wp-json\/wp\/v2\/pages\/73703\/revisions"}],"predecessor-version":[{"id":73720,"href":"https:\/\/www.pandaclub.ch\/fr\/wp-json\/wp\/v2\/pages\/73703\/revisions\/73720"}],"wp:attachment":[{"href":"https:\/\/www.pandaclub.ch\/fr\/wp-json\/wp\/v2\/media?parent=73703"}],"curies":[{"name":"wp","href":"https:\/\/api.w.org\/{rel}","templated":true}]}}