{"id":69608,"date":"2023-01-07T10:30:38","date_gmt":"2023-01-07T09:30:38","guid":{"rendered":"https:\/\/www.pandaclub.ch\/?page_id=69608"},"modified":"2023-02-07T10:08:46","modified_gmt":"2023-02-07T09:08:46","slug":"pate-a-tartiner-au-chocolat","status":"publish","type":"page","link":"https:\/\/www.pandaclub.ch\/fr\/pate-a-tartiner-au-chocolat\/","title":{"rendered":"P\u00e2te \u00e0 tartiner au chocolat"},"content":{"rendered":"","protected":false},"excerpt":{"rendered":"","protected":false},"author":7,"featured_media":0,"parent":0,"menu_order":260,"comment_status":"closed","ping_status":"closed","template":"","meta":{"_acf_changed":false,"footnotes":""},"class_list":["post-69608","page","type-page","status-publish","hentry"],"acf":[],"yoast_head":"<!-- This site is optimized with the Yoast SEO plugin v27.2 - https:\/\/yoast.com\/product\/yoast-seo-wordpress\/ -->\n<title>P\u00e2te \u00e0 tartiner au chocolat - WWF - Panda Club<\/title>\n<meta name=\"description\" content=\"Tu pr\u00e9f\u00e8res le chocolat \u00e0 la confiture sur ton pain? Essaye notre p\u00e2te \u00e0 tartiner au chocolat faite maison.\" \/>\n<meta name=\"robots\" content=\"index, follow, max-snippet:-1, max-image-preview:large, max-video-preview:-1\" \/>\n<link rel=\"canonical\" href=\"https:\/\/www.pandaclub.ch\/fr\/pate-a-tartiner-au-chocolat\/\" \/>\n<meta name=\"twitter:card\" content=\"summary_large_image\" \/>\n<meta name=\"twitter:title\" content=\"P\u00e2te \u00e0 tartiner au chocolat - WWF - Panda Club\" \/>\n<meta name=\"twitter:description\" content=\"Tu pr\u00e9f\u00e8res le chocolat \u00e0 la confiture sur ton pain? Essaye notre p\u00e2te \u00e0 tartiner au chocolat faite maison.\" \/>\n<script type=\"application\/ld+json\" class=\"yoast-schema-graph\">{\"@context\":\"https:\/\/schema.org\",\"@graph\":[{\"@type\":\"WebPage\",\"@id\":\"https:\/\/www.pandaclub.ch\/fr\/pate-a-tartiner-au-chocolat\/\",\"url\":\"https:\/\/www.pandaclub.ch\/fr\/pate-a-tartiner-au-chocolat\/\",\"name\":\"P\u00e2te \u00e0 tartiner au chocolat - WWF - Panda Club\",\"isPartOf\":{\"@id\":\"https:\/\/www.pandaclub.ch\/de\/#website\"},\"datePublished\":\"2023-01-07T09:30:38+00:00\",\"dateModified\":\"2023-02-07T09:08:46+00:00\",\"description\":\"Tu pr\u00e9f\u00e8res le chocolat \u00e0 la confiture sur ton pain? Essaye notre p\u00e2te \u00e0 tartiner au chocolat faite maison.\",\"breadcrumb\":{\"@id\":\"https:\/\/www.pandaclub.ch\/fr\/pate-a-tartiner-au-chocolat\/#breadcrumb\"},\"inLanguage\":\"fr-FR\",\"potentialAction\":[{\"@type\":\"ReadAction\",\"target\":[\"https:\/\/www.pandaclub.ch\/fr\/pate-a-tartiner-au-chocolat\/\"]}]},{\"@type\":\"BreadcrumbList\",\"@id\":\"https:\/\/www.pandaclub.ch\/fr\/pate-a-tartiner-au-chocolat\/#breadcrumb\",\"itemListElement\":[{\"@type\":\"ListItem\",\"position\":1,\"name\":\"Home\",\"item\":\"https:\/\/www.pandaclub.ch\/fr\/\"},{\"@type\":\"ListItem\",\"position\":2,\"name\":\"P\u00e2te \u00e0 tartiner au chocolat\"}]},{\"@type\":\"WebSite\",\"@id\":\"https:\/\/www.pandaclub.ch\/de\/#website\",\"url\":\"https:\/\/www.pandaclub.ch\/de\/\",\"name\":\"WWF - Panda Club\",\"description\":\"Die Kinderwebseite des WWF Schweiz\",\"potentialAction\":[{\"@type\":\"SearchAction\",\"target\":{\"@type\":\"EntryPoint\",\"urlTemplate\":\"https:\/\/www.pandaclub.ch\/de\/?s={search_term_string}\"},\"query-input\":{\"@type\":\"PropertyValueSpecification\",\"valueRequired\":true,\"valueName\":\"search_term_string\"}}],\"inLanguage\":\"fr-FR\"}]}<\/script>\n<!-- \/ Yoast SEO plugin. -->","yoast_head_json":{"title":"P\u00e2te \u00e0 tartiner au chocolat - WWF - Panda Club","description":"Tu pr\u00e9f\u00e8res le chocolat \u00e0 la confiture sur ton pain? Essaye notre p\u00e2te \u00e0 tartiner au chocolat faite maison.","robots":{"index":"index","follow":"follow","max-snippet":"max-snippet:-1","max-image-preview":"max-image-preview:large","max-video-preview":"max-video-preview:-1"},"canonical":"https:\/\/www.pandaclub.ch\/fr\/pate-a-tartiner-au-chocolat\/","twitter_card":"summary_large_image","twitter_title":"P\u00e2te \u00e0 tartiner au chocolat - WWF - Panda Club","twitter_description":"Tu pr\u00e9f\u00e8res le chocolat \u00e0 la confiture sur ton pain? Essaye notre p\u00e2te \u00e0 tartiner au chocolat faite maison.","schema":{"@context":"https:\/\/schema.org","@graph":[{"@type":"WebPage","@id":"https:\/\/www.pandaclub.ch\/fr\/pate-a-tartiner-au-chocolat\/","url":"https:\/\/www.pandaclub.ch\/fr\/pate-a-tartiner-au-chocolat\/","name":"P\u00e2te \u00e0 tartiner au chocolat - WWF - Panda Club","isPartOf":{"@id":"https:\/\/www.pandaclub.ch\/de\/#website"},"datePublished":"2023-01-07T09:30:38+00:00","dateModified":"2023-02-07T09:08:46+00:00","description":"Tu pr\u00e9f\u00e8res le chocolat \u00e0 la confiture sur ton pain? Essaye notre p\u00e2te \u00e0 tartiner au chocolat faite maison.","breadcrumb":{"@id":"https:\/\/www.pandaclub.ch\/fr\/pate-a-tartiner-au-chocolat\/#breadcrumb"},"inLanguage":"fr-FR","potentialAction":[{"@type":"ReadAction","target":["https:\/\/www.pandaclub.ch\/fr\/pate-a-tartiner-au-chocolat\/"]}]},{"@type":"BreadcrumbList","@id":"https:\/\/www.pandaclub.ch\/fr\/pate-a-tartiner-au-chocolat\/#breadcrumb","itemListElement":[{"@type":"ListItem","position":1,"name":"Home","item":"https:\/\/www.pandaclub.ch\/fr\/"},{"@type":"ListItem","position":2,"name":"P\u00e2te \u00e0 tartiner au chocolat"}]},{"@type":"WebSite","@id":"https:\/\/www.pandaclub.ch\/de\/#website","url":"https:\/\/www.pandaclub.ch\/de\/","name":"WWF - Panda Club","description":"Die Kinderwebseite des WWF Schweiz","potentialAction":[{"@type":"SearchAction","target":{"@type":"EntryPoint","urlTemplate":"https:\/\/www.pandaclub.ch\/de\/?s={search_term_string}"},"query-input":{"@type":"PropertyValueSpecification","valueRequired":true,"valueName":"search_term_string"}}],"inLanguage":"fr-FR"}]}},"_links":{"self":[{"href":"https:\/\/www.pandaclub.ch\/fr\/wp-json\/wp\/v2\/pages\/69608","targetHints":{"allow":["GET"]}}],"collection":[{"href":"https:\/\/www.pandaclub.ch\/fr\/wp-json\/wp\/v2\/pages"}],"about":[{"href":"https:\/\/www.pandaclub.ch\/fr\/wp-json\/wp\/v2\/types\/page"}],"author":[{"embeddable":true,"href":"https:\/\/www.pandaclub.ch\/fr\/wp-json\/wp\/v2\/users\/7"}],"replies":[{"embeddable":true,"href":"https:\/\/www.pandaclub.ch\/fr\/wp-json\/wp\/v2\/comments?post=69608"}],"version-history":[{"count":5,"href":"https:\/\/www.pandaclub.ch\/fr\/wp-json\/wp\/v2\/pages\/69608\/revisions"}],"predecessor-version":[{"id":69694,"href":"https:\/\/www.pandaclub.ch\/fr\/wp-json\/wp\/v2\/pages\/69608\/revisions\/69694"}],"wp:attachment":[{"href":"https:\/\/www.pandaclub.ch\/fr\/wp-json\/wp\/v2\/media?parent=69608"}],"curies":[{"name":"wp","href":"https:\/\/api.w.org\/{rel}","templated":true}]}}