{"id":68918,"date":"2023-01-05T14:37:44","date_gmt":"2023-01-05T13:37:44","guid":{"rendered":"https:\/\/www.pandaclub.ch\/?page_id=68918"},"modified":"2024-06-13T14:11:04","modified_gmt":"2024-06-13T12:11:04","slug":"voyage-dans-les-secrets-des-profondeurs","status":"publish","type":"page","link":"https:\/\/www.pandaclub.ch\/fr\/voyage-dans-les-secrets-des-profondeurs\/","title":{"rendered":"Voyage dans les secrets des profondeurs"},"content":{"rendered":"","protected":false},"excerpt":{"rendered":"","protected":false},"author":7,"featured_media":0,"parent":0,"menu_order":254,"comment_status":"closed","ping_status":"closed","template":"","meta":{"_acf_changed":false,"footnotes":""},"class_list":["post-68918","page","type-page","status-publish","hentry"],"acf":[],"yoast_head":"<!-- This site is optimized with the Yoast SEO plugin v27.2 - https:\/\/yoast.com\/product\/yoast-seo-wordpress\/ -->\n<title>Voyage dans les secrets des profondeurs - WWF - Panda Club<\/title>\n<meta name=\"description\" content=\"Quels animaux vivent dans les profondeurs de la mer ? Jusqu&#039;o\u00f9 peut-on descendre ? Que mangent les \u00eatres vivants \u00e9 cetet prondeur ?\" \/>\n<meta name=\"robots\" content=\"index, follow, max-snippet:-1, max-image-preview:large, max-video-preview:-1\" \/>\n<link rel=\"canonical\" href=\"https:\/\/www.pandaclub.ch\/fr\/voyage-dans-les-secrets-des-profondeurs\/\" \/>\n<meta name=\"twitter:card\" content=\"summary_large_image\" \/>\n<meta name=\"twitter:title\" content=\"Voyage dans les secrets des profondeurs - WWF - Panda Club\" \/>\n<meta name=\"twitter:description\" content=\"Quels animaux vivent dans les profondeurs de la mer ? Jusqu&#039;o\u00f9 peut-on descendre ? Que mangent les \u00eatres vivants \u00e9 cetet prondeur ?\" \/>\n<script type=\"application\/ld+json\" class=\"yoast-schema-graph\">{\"@context\":\"https:\/\/schema.org\",\"@graph\":[{\"@type\":\"WebPage\",\"@id\":\"https:\/\/www.pandaclub.ch\/fr\/voyage-dans-les-secrets-des-profondeurs\/\",\"url\":\"https:\/\/www.pandaclub.ch\/fr\/voyage-dans-les-secrets-des-profondeurs\/\",\"name\":\"Voyage dans les secrets des profondeurs - WWF - Panda Club\",\"isPartOf\":{\"@id\":\"https:\/\/www.pandaclub.ch\/de\/#website\"},\"datePublished\":\"2023-01-05T13:37:44+00:00\",\"dateModified\":\"2024-06-13T12:11:04+00:00\",\"description\":\"Quels animaux vivent dans les profondeurs de la mer ? Jusqu'o\u00f9 peut-on descendre ? Que mangent les \u00eatres vivants \u00e9 cetet prondeur ?\",\"breadcrumb\":{\"@id\":\"https:\/\/www.pandaclub.ch\/fr\/voyage-dans-les-secrets-des-profondeurs\/#breadcrumb\"},\"inLanguage\":\"fr-FR\",\"potentialAction\":[{\"@type\":\"ReadAction\",\"target\":[\"https:\/\/www.pandaclub.ch\/fr\/voyage-dans-les-secrets-des-profondeurs\/\"]}]},{\"@type\":\"BreadcrumbList\",\"@id\":\"https:\/\/www.pandaclub.ch\/fr\/voyage-dans-les-secrets-des-profondeurs\/#breadcrumb\",\"itemListElement\":[{\"@type\":\"ListItem\",\"position\":1,\"name\":\"Home\",\"item\":\"https:\/\/www.pandaclub.ch\/fr\/\"},{\"@type\":\"ListItem\",\"position\":2,\"name\":\"Voyage dans les secrets des profondeurs\"}]},{\"@type\":\"WebSite\",\"@id\":\"https:\/\/www.pandaclub.ch\/de\/#website\",\"url\":\"https:\/\/www.pandaclub.ch\/de\/\",\"name\":\"WWF - Panda Club\",\"description\":\"Die Kinderwebseite des WWF Schweiz\",\"potentialAction\":[{\"@type\":\"SearchAction\",\"target\":{\"@type\":\"EntryPoint\",\"urlTemplate\":\"https:\/\/www.pandaclub.ch\/de\/?s={search_term_string}\"},\"query-input\":{\"@type\":\"PropertyValueSpecification\",\"valueRequired\":true,\"valueName\":\"search_term_string\"}}],\"inLanguage\":\"fr-FR\"}]}<\/script>\n<!-- \/ Yoast SEO plugin. -->","yoast_head_json":{"title":"Voyage dans les secrets des profondeurs - WWF - Panda Club","description":"Quels animaux vivent dans les profondeurs de la mer ? Jusqu'o\u00f9 peut-on descendre ? Que mangent les \u00eatres vivants \u00e9 cetet prondeur ?","robots":{"index":"index","follow":"follow","max-snippet":"max-snippet:-1","max-image-preview":"max-image-preview:large","max-video-preview":"max-video-preview:-1"},"canonical":"https:\/\/www.pandaclub.ch\/fr\/voyage-dans-les-secrets-des-profondeurs\/","twitter_card":"summary_large_image","twitter_title":"Voyage dans les secrets des profondeurs - WWF - Panda Club","twitter_description":"Quels animaux vivent dans les profondeurs de la mer ? Jusqu'o\u00f9 peut-on descendre ? Que mangent les \u00eatres vivants \u00e9 cetet prondeur ?","schema":{"@context":"https:\/\/schema.org","@graph":[{"@type":"WebPage","@id":"https:\/\/www.pandaclub.ch\/fr\/voyage-dans-les-secrets-des-profondeurs\/","url":"https:\/\/www.pandaclub.ch\/fr\/voyage-dans-les-secrets-des-profondeurs\/","name":"Voyage dans les secrets des profondeurs - WWF - Panda Club","isPartOf":{"@id":"https:\/\/www.pandaclub.ch\/de\/#website"},"datePublished":"2023-01-05T13:37:44+00:00","dateModified":"2024-06-13T12:11:04+00:00","description":"Quels animaux vivent dans les profondeurs de la mer ? Jusqu'o\u00f9 peut-on descendre ? Que mangent les \u00eatres vivants \u00e9 cetet prondeur ?","breadcrumb":{"@id":"https:\/\/www.pandaclub.ch\/fr\/voyage-dans-les-secrets-des-profondeurs\/#breadcrumb"},"inLanguage":"fr-FR","potentialAction":[{"@type":"ReadAction","target":["https:\/\/www.pandaclub.ch\/fr\/voyage-dans-les-secrets-des-profondeurs\/"]}]},{"@type":"BreadcrumbList","@id":"https:\/\/www.pandaclub.ch\/fr\/voyage-dans-les-secrets-des-profondeurs\/#breadcrumb","itemListElement":[{"@type":"ListItem","position":1,"name":"Home","item":"https:\/\/www.pandaclub.ch\/fr\/"},{"@type":"ListItem","position":2,"name":"Voyage dans les secrets des profondeurs"}]},{"@type":"WebSite","@id":"https:\/\/www.pandaclub.ch\/de\/#website","url":"https:\/\/www.pandaclub.ch\/de\/","name":"WWF - Panda Club","description":"Die Kinderwebseite des WWF Schweiz","potentialAction":[{"@type":"SearchAction","target":{"@type":"EntryPoint","urlTemplate":"https:\/\/www.pandaclub.ch\/de\/?s={search_term_string}"},"query-input":{"@type":"PropertyValueSpecification","valueRequired":true,"valueName":"search_term_string"}}],"inLanguage":"fr-FR"}]}},"_links":{"self":[{"href":"https:\/\/www.pandaclub.ch\/fr\/wp-json\/wp\/v2\/pages\/68918","targetHints":{"allow":["GET"]}}],"collection":[{"href":"https:\/\/www.pandaclub.ch\/fr\/wp-json\/wp\/v2\/pages"}],"about":[{"href":"https:\/\/www.pandaclub.ch\/fr\/wp-json\/wp\/v2\/types\/page"}],"author":[{"embeddable":true,"href":"https:\/\/www.pandaclub.ch\/fr\/wp-json\/wp\/v2\/users\/7"}],"replies":[{"embeddable":true,"href":"https:\/\/www.pandaclub.ch\/fr\/wp-json\/wp\/v2\/comments?post=68918"}],"version-history":[{"count":9,"href":"https:\/\/www.pandaclub.ch\/fr\/wp-json\/wp\/v2\/pages\/68918\/revisions"}],"predecessor-version":[{"id":105671,"href":"https:\/\/www.pandaclub.ch\/fr\/wp-json\/wp\/v2\/pages\/68918\/revisions\/105671"}],"wp:attachment":[{"href":"https:\/\/www.pandaclub.ch\/fr\/wp-json\/wp\/v2\/media?parent=68918"}],"curies":[{"name":"wp","href":"https:\/\/api.w.org\/{rel}","templated":true}]}}