{"id":57612,"date":"2022-03-24T15:59:31","date_gmt":"2022-03-24T14:59:31","guid":{"rendered":"https:\/\/www.pandaclub.ch\/?page_id=57612"},"modified":"2022-04-05T17:15:10","modified_gmt":"2022-04-05T15:15:10","slug":"animaux-archipel-galapagos","status":"publish","type":"page","link":"https:\/\/www.pandaclub.ch\/fr\/animaux-archipel-galapagos\/","title":{"rendered":"Les animaux de l&rsquo;archipel des Gal\u00e1pagos"},"content":{"rendered":"","protected":false},"excerpt":{"rendered":"","protected":false},"author":7,"featured_media":0,"parent":0,"menu_order":286,"comment_status":"closed","ping_status":"closed","template":"","meta":{"_acf_changed":false,"footnotes":""},"class_list":["post-57612","page","type-page","status-publish","hentry"],"acf":[],"yoast_head":"<!-- This site is optimized with the Yoast SEO plugin v27.2 - https:\/\/yoast.com\/product\/yoast-seo-wordpress\/ -->\n<title>Les animaux de l&#039;archipel des Gal\u00e1pagos - WWF - Panda Club<\/title>\n<meta name=\"description\" content=\"Les \u00eeles Gal\u00e1pagos abritent des tortues g\u00e9antes et des iguanes marins, mais aussi de nombreux autres animaux. Tu trouveras plein d&#039;informations sur la faune de cet archipel sur le site internet du Panda Club.\" \/>\n<meta name=\"robots\" content=\"index, follow, max-snippet:-1, max-image-preview:large, max-video-preview:-1\" \/>\n<link rel=\"canonical\" href=\"https:\/\/www.pandaclub.ch\/de\/tiere-auf-den-galapagos-inseln\/\" \/>\n<meta name=\"twitter:card\" content=\"summary_large_image\" \/>\n<meta name=\"twitter:title\" content=\"Les animaux de l&#039;archipel des Gal\u00e1pagos - WWF - Panda Club\" \/>\n<meta name=\"twitter:description\" content=\"Les \u00eeles Gal\u00e1pagos abritent des tortues g\u00e9antes et des iguanes marins, mais aussi de nombreux autres animaux. Tu trouveras plein d&#039;informations sur la faune de cet archipel sur le site internet du Panda Club.\" \/>\n<script type=\"application\/ld+json\" class=\"yoast-schema-graph\">{\"@context\":\"https:\/\/schema.org\",\"@graph\":[{\"@type\":\"WebPage\",\"@id\":\"https:\/\/www.pandaclub.ch\/de\/tiere-auf-den-galapagos-inseln\/\",\"url\":\"https:\/\/www.pandaclub.ch\/de\/tiere-auf-den-galapagos-inseln\/\",\"name\":\"Les animaux de l'archipel des Gal\u00e1pagos - WWF - Panda Club\",\"isPartOf\":{\"@id\":\"https:\/\/www.pandaclub.ch\/de\/#website\"},\"datePublished\":\"2022-03-24T14:59:31+00:00\",\"dateModified\":\"2022-04-05T15:15:10+00:00\",\"description\":\"Les \u00eeles Gal\u00e1pagos abritent des tortues g\u00e9antes et des iguanes marins, mais aussi de nombreux autres animaux. Tu trouveras plein d'informations sur la faune de cet archipel sur le site internet du Panda Club.\",\"breadcrumb\":{\"@id\":\"https:\/\/www.pandaclub.ch\/de\/tiere-auf-den-galapagos-inseln\/#breadcrumb\"},\"inLanguage\":\"fr-FR\",\"potentialAction\":[{\"@type\":\"ReadAction\",\"target\":[\"https:\/\/www.pandaclub.ch\/de\/tiere-auf-den-galapagos-inseln\/\"]}]},{\"@type\":\"BreadcrumbList\",\"@id\":\"https:\/\/www.pandaclub.ch\/de\/tiere-auf-den-galapagos-inseln\/#breadcrumb\",\"itemListElement\":[{\"@type\":\"ListItem\",\"position\":1,\"name\":\"Home\",\"item\":\"https:\/\/www.pandaclub.ch\/fr\/\"},{\"@type\":\"ListItem\",\"position\":2,\"name\":\"Les animaux de l&#8217;archipel des Gal\u00e1pagos\"}]},{\"@type\":\"WebSite\",\"@id\":\"https:\/\/www.pandaclub.ch\/de\/#website\",\"url\":\"https:\/\/www.pandaclub.ch\/de\/\",\"name\":\"WWF - Panda Club\",\"description\":\"Die Kinderwebseite des WWF Schweiz\",\"potentialAction\":[{\"@type\":\"SearchAction\",\"target\":{\"@type\":\"EntryPoint\",\"urlTemplate\":\"https:\/\/www.pandaclub.ch\/de\/?s={search_term_string}\"},\"query-input\":{\"@type\":\"PropertyValueSpecification\",\"valueRequired\":true,\"valueName\":\"search_term_string\"}}],\"inLanguage\":\"fr-FR\"}]}<\/script>\n<!-- \/ Yoast SEO plugin. -->","yoast_head_json":{"title":"Les animaux de l'archipel des Gal\u00e1pagos - WWF - Panda Club","description":"Les \u00eeles Gal\u00e1pagos abritent des tortues g\u00e9antes et des iguanes marins, mais aussi de nombreux autres animaux. Tu trouveras plein d'informations sur la faune de cet archipel sur le site internet du Panda Club.","robots":{"index":"index","follow":"follow","max-snippet":"max-snippet:-1","max-image-preview":"max-image-preview:large","max-video-preview":"max-video-preview:-1"},"canonical":"https:\/\/www.pandaclub.ch\/de\/tiere-auf-den-galapagos-inseln\/","twitter_card":"summary_large_image","twitter_title":"Les animaux de l'archipel des Gal\u00e1pagos - WWF - Panda Club","twitter_description":"Les \u00eeles Gal\u00e1pagos abritent des tortues g\u00e9antes et des iguanes marins, mais aussi de nombreux autres animaux. Tu trouveras plein d'informations sur la faune de cet archipel sur le site internet du Panda Club.","schema":{"@context":"https:\/\/schema.org","@graph":[{"@type":"WebPage","@id":"https:\/\/www.pandaclub.ch\/de\/tiere-auf-den-galapagos-inseln\/","url":"https:\/\/www.pandaclub.ch\/de\/tiere-auf-den-galapagos-inseln\/","name":"Les animaux de l'archipel des Gal\u00e1pagos - WWF - Panda Club","isPartOf":{"@id":"https:\/\/www.pandaclub.ch\/de\/#website"},"datePublished":"2022-03-24T14:59:31+00:00","dateModified":"2022-04-05T15:15:10+00:00","description":"Les \u00eeles Gal\u00e1pagos abritent des tortues g\u00e9antes et des iguanes marins, mais aussi de nombreux autres animaux. Tu trouveras plein d'informations sur la faune de cet archipel sur le site internet du Panda Club.","breadcrumb":{"@id":"https:\/\/www.pandaclub.ch\/de\/tiere-auf-den-galapagos-inseln\/#breadcrumb"},"inLanguage":"fr-FR","potentialAction":[{"@type":"ReadAction","target":["https:\/\/www.pandaclub.ch\/de\/tiere-auf-den-galapagos-inseln\/"]}]},{"@type":"BreadcrumbList","@id":"https:\/\/www.pandaclub.ch\/de\/tiere-auf-den-galapagos-inseln\/#breadcrumb","itemListElement":[{"@type":"ListItem","position":1,"name":"Home","item":"https:\/\/www.pandaclub.ch\/fr\/"},{"@type":"ListItem","position":2,"name":"Les animaux de l&#8217;archipel des Gal\u00e1pagos"}]},{"@type":"WebSite","@id":"https:\/\/www.pandaclub.ch\/de\/#website","url":"https:\/\/www.pandaclub.ch\/de\/","name":"WWF - Panda Club","description":"Die Kinderwebseite des WWF Schweiz","potentialAction":[{"@type":"SearchAction","target":{"@type":"EntryPoint","urlTemplate":"https:\/\/www.pandaclub.ch\/de\/?s={search_term_string}"},"query-input":{"@type":"PropertyValueSpecification","valueRequired":true,"valueName":"search_term_string"}}],"inLanguage":"fr-FR"}]}},"_links":{"self":[{"href":"https:\/\/www.pandaclub.ch\/fr\/wp-json\/wp\/v2\/pages\/57612","targetHints":{"allow":["GET"]}}],"collection":[{"href":"https:\/\/www.pandaclub.ch\/fr\/wp-json\/wp\/v2\/pages"}],"about":[{"href":"https:\/\/www.pandaclub.ch\/fr\/wp-json\/wp\/v2\/types\/page"}],"author":[{"embeddable":true,"href":"https:\/\/www.pandaclub.ch\/fr\/wp-json\/wp\/v2\/users\/7"}],"replies":[{"embeddable":true,"href":"https:\/\/www.pandaclub.ch\/fr\/wp-json\/wp\/v2\/comments?post=57612"}],"version-history":[{"count":3,"href":"https:\/\/www.pandaclub.ch\/fr\/wp-json\/wp\/v2\/pages\/57612\/revisions"}],"predecessor-version":[{"id":57633,"href":"https:\/\/www.pandaclub.ch\/fr\/wp-json\/wp\/v2\/pages\/57612\/revisions\/57633"}],"wp:attachment":[{"href":"https:\/\/www.pandaclub.ch\/fr\/wp-json\/wp\/v2\/media?parent=57612"}],"curies":[{"name":"wp","href":"https:\/\/api.w.org\/{rel}","templated":true}]}}