{"id":5694,"date":"2019-05-29T15:35:40","date_gmt":"2019-05-29T13:35:40","guid":{"rendered":"https:\/\/www.pandaclub.ch\/?page_id=5694"},"modified":"2019-05-29T15:39:33","modified_gmt":"2019-05-29T13:39:33","slug":"wwf-youth","status":"publish","type":"page","link":"https:\/\/www.pandaclub.ch\/fr\/wwf-youth\/","title":{"rendered":"WWF Youth"},"content":{"rendered":"","protected":false},"excerpt":{"rendered":"","protected":false},"author":7,"featured_media":0,"parent":0,"menu_order":581,"comment_status":"closed","ping_status":"closed","template":"","meta":{"_acf_changed":false,"footnotes":""},"class_list":["post-5694","page","type-page","status-publish","hentry"],"acf":[],"yoast_head":"<!-- This site is optimized with the Yoast SEO plugin v27.2 - https:\/\/yoast.com\/product\/yoast-seo-wordpress\/ -->\n<title>WWF Youth, le programme pour les jeunes de 14 \u00e0 25 ans - Panda Club WWF<\/title>\n<meta name=\"description\" content=\"Veux-tu participer \u00e0 un projet existant ou pr\u00e9f\u00e8res-tu cr\u00e9er ton propre projet? Aimerais-tu t\u2019engager pour soutenir tes id\u00e9es sur un plan politique? Quelle que soit ta motivation, il y a une place pour toi. Informations sur le programme du WWF pour les jeunes WWF Youth.\" \/>\n<meta name=\"robots\" content=\"index, follow, max-snippet:-1, max-image-preview:large, max-video-preview:-1\" \/>\n<link rel=\"canonical\" href=\"https:\/\/www.pandaclub.ch\/de\/wwf_youth\/\" \/>\n<meta property=\"og:locale\" content=\"fr_FR\" \/>\n<meta property=\"og:type\" content=\"article\" \/>\n<meta property=\"og:title\" content=\"WWF Youth, le programme pour les jeunes de 14 \u00e0 25 ans - Panda Club WWF\" \/>\n<meta property=\"og:description\" content=\"Veux-tu participer \u00e0 un projet existant ou pr\u00e9f\u00e8res-tu cr\u00e9er ton propre projet? Aimerais-tu t\u2019engager pour soutenir tes id\u00e9es sur un plan politique? Quelle que soit ta motivation, il y a une place pour toi. Informations sur le programme du WWF pour les jeunes WWF Youth.\" \/>\n<meta property=\"og:url\" content=\"https:\/\/www.pandaclub.ch\/de\/wwf_youth\/\" \/>\n<meta property=\"og:site_name\" content=\"WWF - Panda Club\" \/>\n<meta property=\"article:modified_time\" content=\"2019-05-29T13:39:33+00:00\" \/>\n<meta name=\"twitter:card\" content=\"summary_large_image\" \/>\n<script type=\"application\/ld+json\" class=\"yoast-schema-graph\">{\"@context\":\"https:\/\/schema.org\",\"@graph\":[{\"@type\":\"WebPage\",\"@id\":\"https:\/\/www.pandaclub.ch\/de\/wwf_youth\/\",\"url\":\"https:\/\/www.pandaclub.ch\/de\/wwf_youth\/\",\"name\":\"WWF Youth, le programme pour les jeunes de 14 \u00e0 25 ans - Panda Club WWF\",\"isPartOf\":{\"@id\":\"https:\/\/www.pandaclub.ch\/de\/#website\"},\"datePublished\":\"2019-05-29T13:35:40+00:00\",\"dateModified\":\"2019-05-29T13:39:33+00:00\",\"description\":\"Veux-tu participer \u00e0 un projet existant ou pr\u00e9f\u00e8res-tu cr\u00e9er ton propre projet? Aimerais-tu t\u2019engager pour soutenir tes id\u00e9es sur un plan politique? Quelle que soit ta motivation, il y a une place pour toi. Informations sur le programme du WWF pour les jeunes WWF Youth.\",\"breadcrumb\":{\"@id\":\"https:\/\/www.pandaclub.ch\/de\/wwf_youth\/#breadcrumb\"},\"inLanguage\":\"fr-FR\",\"potentialAction\":[{\"@type\":\"ReadAction\",\"target\":[\"https:\/\/www.pandaclub.ch\/de\/wwf_youth\/\"]}]},{\"@type\":\"BreadcrumbList\",\"@id\":\"https:\/\/www.pandaclub.ch\/de\/wwf_youth\/#breadcrumb\",\"itemListElement\":[{\"@type\":\"ListItem\",\"position\":1,\"name\":\"Home\",\"item\":\"https:\/\/www.pandaclub.ch\/fr\/\"},{\"@type\":\"ListItem\",\"position\":2,\"name\":\"WWF Youth\"}]},{\"@type\":\"WebSite\",\"@id\":\"https:\/\/www.pandaclub.ch\/de\/#website\",\"url\":\"https:\/\/www.pandaclub.ch\/de\/\",\"name\":\"WWF - Panda Club\",\"description\":\"Die Kinderwebseite des WWF Schweiz\",\"potentialAction\":[{\"@type\":\"SearchAction\",\"target\":{\"@type\":\"EntryPoint\",\"urlTemplate\":\"https:\/\/www.pandaclub.ch\/de\/?s={search_term_string}\"},\"query-input\":{\"@type\":\"PropertyValueSpecification\",\"valueRequired\":true,\"valueName\":\"search_term_string\"}}],\"inLanguage\":\"fr-FR\"}]}<\/script>\n<!-- \/ Yoast SEO plugin. -->","yoast_head_json":{"title":"WWF Youth, le programme pour les jeunes de 14 \u00e0 25 ans - Panda Club WWF","description":"Veux-tu participer \u00e0 un projet existant ou pr\u00e9f\u00e8res-tu cr\u00e9er ton propre projet? Aimerais-tu t\u2019engager pour soutenir tes id\u00e9es sur un plan politique? Quelle que soit ta motivation, il y a une place pour toi. Informations sur le programme du WWF pour les jeunes WWF Youth.","robots":{"index":"index","follow":"follow","max-snippet":"max-snippet:-1","max-image-preview":"max-image-preview:large","max-video-preview":"max-video-preview:-1"},"canonical":"https:\/\/www.pandaclub.ch\/de\/wwf_youth\/","og_locale":"fr_FR","og_type":"article","og_title":"WWF Youth, le programme pour les jeunes de 14 \u00e0 25 ans - Panda Club WWF","og_description":"Veux-tu participer \u00e0 un projet existant ou pr\u00e9f\u00e8res-tu cr\u00e9er ton propre projet? Aimerais-tu t\u2019engager pour soutenir tes id\u00e9es sur un plan politique? Quelle que soit ta motivation, il y a une place pour toi. Informations sur le programme du WWF pour les jeunes WWF Youth.","og_url":"https:\/\/www.pandaclub.ch\/de\/wwf_youth\/","og_site_name":"WWF - Panda Club","article_modified_time":"2019-05-29T13:39:33+00:00","twitter_card":"summary_large_image","schema":{"@context":"https:\/\/schema.org","@graph":[{"@type":"WebPage","@id":"https:\/\/www.pandaclub.ch\/de\/wwf_youth\/","url":"https:\/\/www.pandaclub.ch\/de\/wwf_youth\/","name":"WWF Youth, le programme pour les jeunes de 14 \u00e0 25 ans - Panda Club WWF","isPartOf":{"@id":"https:\/\/www.pandaclub.ch\/de\/#website"},"datePublished":"2019-05-29T13:35:40+00:00","dateModified":"2019-05-29T13:39:33+00:00","description":"Veux-tu participer \u00e0 un projet existant ou pr\u00e9f\u00e8res-tu cr\u00e9er ton propre projet? Aimerais-tu t\u2019engager pour soutenir tes id\u00e9es sur un plan politique? Quelle que soit ta motivation, il y a une place pour toi. Informations sur le programme du WWF pour les jeunes WWF Youth.","breadcrumb":{"@id":"https:\/\/www.pandaclub.ch\/de\/wwf_youth\/#breadcrumb"},"inLanguage":"fr-FR","potentialAction":[{"@type":"ReadAction","target":["https:\/\/www.pandaclub.ch\/de\/wwf_youth\/"]}]},{"@type":"BreadcrumbList","@id":"https:\/\/www.pandaclub.ch\/de\/wwf_youth\/#breadcrumb","itemListElement":[{"@type":"ListItem","position":1,"name":"Home","item":"https:\/\/www.pandaclub.ch\/fr\/"},{"@type":"ListItem","position":2,"name":"WWF Youth"}]},{"@type":"WebSite","@id":"https:\/\/www.pandaclub.ch\/de\/#website","url":"https:\/\/www.pandaclub.ch\/de\/","name":"WWF - Panda Club","description":"Die Kinderwebseite des WWF Schweiz","potentialAction":[{"@type":"SearchAction","target":{"@type":"EntryPoint","urlTemplate":"https:\/\/www.pandaclub.ch\/de\/?s={search_term_string}"},"query-input":{"@type":"PropertyValueSpecification","valueRequired":true,"valueName":"search_term_string"}}],"inLanguage":"fr-FR"}]}},"_links":{"self":[{"href":"https:\/\/www.pandaclub.ch\/fr\/wp-json\/wp\/v2\/pages\/5694","targetHints":{"allow":["GET"]}}],"collection":[{"href":"https:\/\/www.pandaclub.ch\/fr\/wp-json\/wp\/v2\/pages"}],"about":[{"href":"https:\/\/www.pandaclub.ch\/fr\/wp-json\/wp\/v2\/types\/page"}],"author":[{"embeddable":true,"href":"https:\/\/www.pandaclub.ch\/fr\/wp-json\/wp\/v2\/users\/7"}],"replies":[{"embeddable":true,"href":"https:\/\/www.pandaclub.ch\/fr\/wp-json\/wp\/v2\/comments?post=5694"}],"version-history":[{"count":2,"href":"https:\/\/www.pandaclub.ch\/fr\/wp-json\/wp\/v2\/pages\/5694\/revisions"}],"predecessor-version":[{"id":5698,"href":"https:\/\/www.pandaclub.ch\/fr\/wp-json\/wp\/v2\/pages\/5694\/revisions\/5698"}],"wp:attachment":[{"href":"https:\/\/www.pandaclub.ch\/fr\/wp-json\/wp\/v2\/media?parent=5694"}],"curies":[{"name":"wp","href":"https:\/\/api.w.org\/{rel}","templated":true}]}}