{"id":4578,"date":"2019-05-22T09:48:37","date_gmt":"2019-05-22T07:48:37","guid":{"rendered":"https:\/\/www.pandaclub.ch\/?page_id=4578"},"modified":"2020-08-06T12:19:36","modified_gmt":"2020-08-06T10:19:36","slug":"quiz","status":"publish","type":"page","link":"https:\/\/www.pandaclub.ch\/fr\/les-animaux\/quiz\/","title":{"rendered":"Quiz"},"content":{"rendered":"","protected":false},"excerpt":{"rendered":"","protected":false},"author":7,"featured_media":0,"parent":4527,"menu_order":534,"comment_status":"closed","ping_status":"closed","template":"quiz-archive.php","meta":{"_acf_changed":false,"footnotes":""},"class_list":["post-4578","page","type-page","status-publish","hentry","storypage-cat-tiere-education"],"acf":[],"yoast_head":"<!-- This site is optimized with the Yoast SEO plugin v27.2 - https:\/\/yoast.com\/product\/yoast-seo-wordpress\/ -->\n<title>Des quiz pour les enfants - WWF - Panda Club<\/title>\n<meta name=\"description\" content=\"Que mangent les pandas roux? Quelle est la diff\u00e9rence entre un l\u00e9opard et un jaguar? Teste tes connaissances gr\u00e2ce aux quiz sur les animaux sur le site internet Panda Club du WWF Suisse.\" \/>\n<meta name=\"robots\" content=\"index, follow, max-snippet:-1, max-image-preview:large, max-video-preview:-1\" \/>\n<link rel=\"canonical\" href=\"https:\/\/www.pandaclub.ch\/de\/tiere\/quiz\/\" \/>\n<meta property=\"og:locale\" content=\"fr_FR\" \/>\n<meta property=\"og:type\" content=\"article\" \/>\n<meta property=\"og:title\" content=\"Des quiz pour les enfants - WWF - Panda Club\" \/>\n<meta property=\"og:description\" content=\"Que mangent les pandas roux? Quelle est la diff\u00e9rence entre un l\u00e9opard et un jaguar? Teste tes connaissances gr\u00e2ce aux quiz sur les animaux sur le site internet Panda Club du WWF Suisse.\" \/>\n<meta property=\"og:url\" content=\"https:\/\/www.pandaclub.ch\/de\/tiere\/quiz\/\" \/>\n<meta property=\"og:site_name\" content=\"WWF - Panda Club\" \/>\n<meta property=\"article:modified_time\" content=\"2020-08-06T10:19:36+00:00\" \/>\n<meta name=\"twitter:card\" content=\"summary_large_image\" \/>\n<script type=\"application\/ld+json\" class=\"yoast-schema-graph\">{\"@context\":\"https:\/\/schema.org\",\"@graph\":[{\"@type\":\"WebPage\",\"@id\":\"https:\/\/www.pandaclub.ch\/de\/tiere\/quiz\/\",\"url\":\"https:\/\/www.pandaclub.ch\/de\/tiere\/quiz\/\",\"name\":\"Des quiz pour les enfants - WWF - Panda Club\",\"isPartOf\":{\"@id\":\"https:\/\/www.pandaclub.ch\/de\/#website\"},\"datePublished\":\"2019-05-22T07:48:37+00:00\",\"dateModified\":\"2020-08-06T10:19:36+00:00\",\"description\":\"Que mangent les pandas roux? Quelle est la diff\u00e9rence entre un l\u00e9opard et un jaguar? Teste tes connaissances gr\u00e2ce aux quiz sur les animaux sur le site internet Panda Club du WWF Suisse.\",\"breadcrumb\":{\"@id\":\"https:\/\/www.pandaclub.ch\/de\/tiere\/quiz\/#breadcrumb\"},\"inLanguage\":\"fr-FR\",\"potentialAction\":[{\"@type\":\"ReadAction\",\"target\":[\"https:\/\/www.pandaclub.ch\/de\/tiere\/quiz\/\"]}]},{\"@type\":\"BreadcrumbList\",\"@id\":\"https:\/\/www.pandaclub.ch\/de\/tiere\/quiz\/#breadcrumb\",\"itemListElement\":[{\"@type\":\"ListItem\",\"position\":1,\"name\":\"Home\",\"item\":\"https:\/\/www.pandaclub.ch\/fr\/\"},{\"@type\":\"ListItem\",\"position\":2,\"name\":\"Les animaux\",\"item\":\"https:\/\/www.pandaclub.ch\/de\/tiere\/\"},{\"@type\":\"ListItem\",\"position\":3,\"name\":\"Quiz\"}]},{\"@type\":\"WebSite\",\"@id\":\"https:\/\/www.pandaclub.ch\/de\/#website\",\"url\":\"https:\/\/www.pandaclub.ch\/de\/\",\"name\":\"WWF - Panda Club\",\"description\":\"Die Kinderwebseite des WWF Schweiz\",\"potentialAction\":[{\"@type\":\"SearchAction\",\"target\":{\"@type\":\"EntryPoint\",\"urlTemplate\":\"https:\/\/www.pandaclub.ch\/de\/?s={search_term_string}\"},\"query-input\":{\"@type\":\"PropertyValueSpecification\",\"valueRequired\":true,\"valueName\":\"search_term_string\"}}],\"inLanguage\":\"fr-FR\"}]}<\/script>\n<!-- \/ Yoast SEO plugin. -->","yoast_head_json":{"title":"Des quiz pour les enfants - WWF - Panda Club","description":"Que mangent les pandas roux? Quelle est la diff\u00e9rence entre un l\u00e9opard et un jaguar? Teste tes connaissances gr\u00e2ce aux quiz sur les animaux sur le site internet Panda Club du WWF Suisse.","robots":{"index":"index","follow":"follow","max-snippet":"max-snippet:-1","max-image-preview":"max-image-preview:large","max-video-preview":"max-video-preview:-1"},"canonical":"https:\/\/www.pandaclub.ch\/de\/tiere\/quiz\/","og_locale":"fr_FR","og_type":"article","og_title":"Des quiz pour les enfants - WWF - Panda Club","og_description":"Que mangent les pandas roux? Quelle est la diff\u00e9rence entre un l\u00e9opard et un jaguar? Teste tes connaissances gr\u00e2ce aux quiz sur les animaux sur le site internet Panda Club du WWF Suisse.","og_url":"https:\/\/www.pandaclub.ch\/de\/tiere\/quiz\/","og_site_name":"WWF - Panda Club","article_modified_time":"2020-08-06T10:19:36+00:00","twitter_card":"summary_large_image","schema":{"@context":"https:\/\/schema.org","@graph":[{"@type":"WebPage","@id":"https:\/\/www.pandaclub.ch\/de\/tiere\/quiz\/","url":"https:\/\/www.pandaclub.ch\/de\/tiere\/quiz\/","name":"Des quiz pour les enfants - WWF - Panda Club","isPartOf":{"@id":"https:\/\/www.pandaclub.ch\/de\/#website"},"datePublished":"2019-05-22T07:48:37+00:00","dateModified":"2020-08-06T10:19:36+00:00","description":"Que mangent les pandas roux? Quelle est la diff\u00e9rence entre un l\u00e9opard et un jaguar? Teste tes connaissances gr\u00e2ce aux quiz sur les animaux sur le site internet Panda Club du WWF Suisse.","breadcrumb":{"@id":"https:\/\/www.pandaclub.ch\/de\/tiere\/quiz\/#breadcrumb"},"inLanguage":"fr-FR","potentialAction":[{"@type":"ReadAction","target":["https:\/\/www.pandaclub.ch\/de\/tiere\/quiz\/"]}]},{"@type":"BreadcrumbList","@id":"https:\/\/www.pandaclub.ch\/de\/tiere\/quiz\/#breadcrumb","itemListElement":[{"@type":"ListItem","position":1,"name":"Home","item":"https:\/\/www.pandaclub.ch\/fr\/"},{"@type":"ListItem","position":2,"name":"Les animaux","item":"https:\/\/www.pandaclub.ch\/de\/tiere\/"},{"@type":"ListItem","position":3,"name":"Quiz"}]},{"@type":"WebSite","@id":"https:\/\/www.pandaclub.ch\/de\/#website","url":"https:\/\/www.pandaclub.ch\/de\/","name":"WWF - Panda Club","description":"Die Kinderwebseite des WWF Schweiz","potentialAction":[{"@type":"SearchAction","target":{"@type":"EntryPoint","urlTemplate":"https:\/\/www.pandaclub.ch\/de\/?s={search_term_string}"},"query-input":{"@type":"PropertyValueSpecification","valueRequired":true,"valueName":"search_term_string"}}],"inLanguage":"fr-FR"}]}},"_links":{"self":[{"href":"https:\/\/www.pandaclub.ch\/fr\/wp-json\/wp\/v2\/pages\/4578","targetHints":{"allow":["GET"]}}],"collection":[{"href":"https:\/\/www.pandaclub.ch\/fr\/wp-json\/wp\/v2\/pages"}],"about":[{"href":"https:\/\/www.pandaclub.ch\/fr\/wp-json\/wp\/v2\/types\/page"}],"author":[{"embeddable":true,"href":"https:\/\/www.pandaclub.ch\/fr\/wp-json\/wp\/v2\/users\/7"}],"replies":[{"embeddable":true,"href":"https:\/\/www.pandaclub.ch\/fr\/wp-json\/wp\/v2\/comments?post=4578"}],"version-history":[{"count":5,"href":"https:\/\/www.pandaclub.ch\/fr\/wp-json\/wp\/v2\/pages\/4578\/revisions"}],"predecessor-version":[{"id":27934,"href":"https:\/\/www.pandaclub.ch\/fr\/wp-json\/wp\/v2\/pages\/4578\/revisions\/27934"}],"up":[{"embeddable":true,"href":"https:\/\/www.pandaclub.ch\/fr\/wp-json\/wp\/v2\/pages\/4527"}],"wp:attachment":[{"href":"https:\/\/www.pandaclub.ch\/fr\/wp-json\/wp\/v2\/media?parent=4578"}],"curies":[{"name":"wp","href":"https:\/\/api.w.org\/{rel}","templated":true}]}}