{"id":27569,"date":"2020-08-03T14:51:42","date_gmt":"2020-08-03T12:51:42","guid":{"rendered":"https:\/\/www.pandaclub.ch\/?page_id=27569"},"modified":"2020-08-03T16:00:05","modified_gmt":"2020-08-03T14:00:05","slug":"lievre-brun-lievre-variable-ou-lapin-de-garenne","status":"publish","type":"page","link":"https:\/\/www.pandaclub.ch\/fr\/lievre-brun-lievre-variable-ou-lapin-de-garenne\/","title":{"rendered":"Li\u00e8vre brun, Li\u00e8vre variable ou Lapin de garenne?"},"content":{"rendered":"","protected":false},"excerpt":{"rendered":"","protected":false},"author":7,"featured_media":0,"parent":0,"menu_order":388,"comment_status":"closed","ping_status":"closed","template":"","meta":{"_acf_changed":false,"footnotes":""},"class_list":["post-27569","page","type-page","status-publish","hentry"],"acf":[],"yoast_head":"<!-- This site is optimized with the Yoast SEO plugin v27.2 - https:\/\/yoast.com\/product\/yoast-seo-wordpress\/ -->\n<title>Li\u00e8vre brun, Li\u00e8vre variable ou Lapin de garenne? - WWF - Panda Club<\/title>\n<meta name=\"description\" content=\"Li\u00e8vre brun, li\u00e8vre variable et lapin de Garenne, rencontre les li\u00e8vres de Suisse sur le site internet Panda Club du WWF Suisse.\" \/>\n<meta name=\"robots\" content=\"index, follow, max-snippet:-1, max-image-preview:large, max-video-preview:-1\" \/>\n<link rel=\"canonical\" href=\"https:\/\/www.pandaclub.ch\/de\/feldhase-schneehase-oder-wildkaninchen\/\" \/>\n<meta name=\"twitter:card\" content=\"summary_large_image\" \/>\n<meta name=\"twitter:title\" content=\"Li\u00e8vre brun, Li\u00e8vre variable ou Lapin de garenne? - WWF - Panda Club\" \/>\n<meta name=\"twitter:description\" content=\"Li\u00e8vre brun, li\u00e8vre variable et lapin de Garenne, rencontre les li\u00e8vres de Suisse sur le site internet Panda Club du WWF Suisse.\" \/>\n<script type=\"application\/ld+json\" class=\"yoast-schema-graph\">{\"@context\":\"https:\/\/schema.org\",\"@graph\":[{\"@type\":\"WebPage\",\"@id\":\"https:\/\/www.pandaclub.ch\/de\/feldhase-schneehase-oder-wildkaninchen\/\",\"url\":\"https:\/\/www.pandaclub.ch\/de\/feldhase-schneehase-oder-wildkaninchen\/\",\"name\":\"Li\u00e8vre brun, Li\u00e8vre variable ou Lapin de garenne? - WWF - Panda Club\",\"isPartOf\":{\"@id\":\"https:\/\/www.pandaclub.ch\/de\/#website\"},\"datePublished\":\"2020-08-03T12:51:42+00:00\",\"dateModified\":\"2020-08-03T14:00:05+00:00\",\"description\":\"Li\u00e8vre brun, li\u00e8vre variable et lapin de Garenne, rencontre les li\u00e8vres de Suisse sur le site internet Panda Club du WWF Suisse.\",\"breadcrumb\":{\"@id\":\"https:\/\/www.pandaclub.ch\/de\/feldhase-schneehase-oder-wildkaninchen\/#breadcrumb\"},\"inLanguage\":\"fr-FR\",\"potentialAction\":[{\"@type\":\"ReadAction\",\"target\":[\"https:\/\/www.pandaclub.ch\/de\/feldhase-schneehase-oder-wildkaninchen\/\"]}]},{\"@type\":\"BreadcrumbList\",\"@id\":\"https:\/\/www.pandaclub.ch\/de\/feldhase-schneehase-oder-wildkaninchen\/#breadcrumb\",\"itemListElement\":[{\"@type\":\"ListItem\",\"position\":1,\"name\":\"Home\",\"item\":\"https:\/\/www.pandaclub.ch\/fr\/\"},{\"@type\":\"ListItem\",\"position\":2,\"name\":\"Li\u00e8vre brun, Li\u00e8vre variable ou Lapin de garenne?\"}]},{\"@type\":\"WebSite\",\"@id\":\"https:\/\/www.pandaclub.ch\/de\/#website\",\"url\":\"https:\/\/www.pandaclub.ch\/de\/\",\"name\":\"WWF - Panda Club\",\"description\":\"Die Kinderwebseite des WWF Schweiz\",\"potentialAction\":[{\"@type\":\"SearchAction\",\"target\":{\"@type\":\"EntryPoint\",\"urlTemplate\":\"https:\/\/www.pandaclub.ch\/de\/?s={search_term_string}\"},\"query-input\":{\"@type\":\"PropertyValueSpecification\",\"valueRequired\":true,\"valueName\":\"search_term_string\"}}],\"inLanguage\":\"fr-FR\"}]}<\/script>\n<!-- \/ Yoast SEO plugin. -->","yoast_head_json":{"title":"Li\u00e8vre brun, Li\u00e8vre variable ou Lapin de garenne? - WWF - Panda Club","description":"Li\u00e8vre brun, li\u00e8vre variable et lapin de Garenne, rencontre les li\u00e8vres de Suisse sur le site internet Panda Club du WWF Suisse.","robots":{"index":"index","follow":"follow","max-snippet":"max-snippet:-1","max-image-preview":"max-image-preview:large","max-video-preview":"max-video-preview:-1"},"canonical":"https:\/\/www.pandaclub.ch\/de\/feldhase-schneehase-oder-wildkaninchen\/","twitter_card":"summary_large_image","twitter_title":"Li\u00e8vre brun, Li\u00e8vre variable ou Lapin de garenne? - WWF - Panda Club","twitter_description":"Li\u00e8vre brun, li\u00e8vre variable et lapin de Garenne, rencontre les li\u00e8vres de Suisse sur le site internet Panda Club du WWF Suisse.","schema":{"@context":"https:\/\/schema.org","@graph":[{"@type":"WebPage","@id":"https:\/\/www.pandaclub.ch\/de\/feldhase-schneehase-oder-wildkaninchen\/","url":"https:\/\/www.pandaclub.ch\/de\/feldhase-schneehase-oder-wildkaninchen\/","name":"Li\u00e8vre brun, Li\u00e8vre variable ou Lapin de garenne? - WWF - Panda Club","isPartOf":{"@id":"https:\/\/www.pandaclub.ch\/de\/#website"},"datePublished":"2020-08-03T12:51:42+00:00","dateModified":"2020-08-03T14:00:05+00:00","description":"Li\u00e8vre brun, li\u00e8vre variable et lapin de Garenne, rencontre les li\u00e8vres de Suisse sur le site internet Panda Club du WWF Suisse.","breadcrumb":{"@id":"https:\/\/www.pandaclub.ch\/de\/feldhase-schneehase-oder-wildkaninchen\/#breadcrumb"},"inLanguage":"fr-FR","potentialAction":[{"@type":"ReadAction","target":["https:\/\/www.pandaclub.ch\/de\/feldhase-schneehase-oder-wildkaninchen\/"]}]},{"@type":"BreadcrumbList","@id":"https:\/\/www.pandaclub.ch\/de\/feldhase-schneehase-oder-wildkaninchen\/#breadcrumb","itemListElement":[{"@type":"ListItem","position":1,"name":"Home","item":"https:\/\/www.pandaclub.ch\/fr\/"},{"@type":"ListItem","position":2,"name":"Li\u00e8vre brun, Li\u00e8vre variable ou Lapin de garenne?"}]},{"@type":"WebSite","@id":"https:\/\/www.pandaclub.ch\/de\/#website","url":"https:\/\/www.pandaclub.ch\/de\/","name":"WWF - Panda Club","description":"Die Kinderwebseite des WWF Schweiz","potentialAction":[{"@type":"SearchAction","target":{"@type":"EntryPoint","urlTemplate":"https:\/\/www.pandaclub.ch\/de\/?s={search_term_string}"},"query-input":{"@type":"PropertyValueSpecification","valueRequired":true,"valueName":"search_term_string"}}],"inLanguage":"fr-FR"}]}},"_links":{"self":[{"href":"https:\/\/www.pandaclub.ch\/fr\/wp-json\/wp\/v2\/pages\/27569","targetHints":{"allow":["GET"]}}],"collection":[{"href":"https:\/\/www.pandaclub.ch\/fr\/wp-json\/wp\/v2\/pages"}],"about":[{"href":"https:\/\/www.pandaclub.ch\/fr\/wp-json\/wp\/v2\/types\/page"}],"author":[{"embeddable":true,"href":"https:\/\/www.pandaclub.ch\/fr\/wp-json\/wp\/v2\/users\/7"}],"replies":[{"embeddable":true,"href":"https:\/\/www.pandaclub.ch\/fr\/wp-json\/wp\/v2\/comments?post=27569"}],"version-history":[{"count":3,"href":"https:\/\/www.pandaclub.ch\/fr\/wp-json\/wp\/v2\/pages\/27569\/revisions"}],"predecessor-version":[{"id":27607,"href":"https:\/\/www.pandaclub.ch\/fr\/wp-json\/wp\/v2\/pages\/27569\/revisions\/27607"}],"wp:attachment":[{"href":"https:\/\/www.pandaclub.ch\/fr\/wp-json\/wp\/v2\/media?parent=27569"}],"curies":[{"name":"wp","href":"https:\/\/api.w.org\/{rel}","templated":true}]}}