{"id":19612,"date":"2020-04-21T16:36:48","date_gmt":"2020-04-21T14:36:48","guid":{"rendered":"https:\/\/www.pandaclub.ch\/?page_id=19612"},"modified":"2021-04-16T12:12:19","modified_gmt":"2021-04-16T10:12:19","slug":"un-paradis-pour-les-herissons","status":"publish","type":"page","link":"https:\/\/www.pandaclub.ch\/fr\/un-paradis-pour-les-herissons\/","title":{"rendered":"Un paradis pour les h\u00e9rissons"},"content":{"rendered":"","protected":false},"excerpt":{"rendered":"","protected":false},"author":7,"featured_media":0,"parent":0,"menu_order":413,"comment_status":"closed","ping_status":"closed","template":"","meta":{"_acf_changed":false,"footnotes":""},"class_list":["post-19612","page","type-page","status-publish","hentry"],"acf":[],"yoast_head":"<!-- This site is optimized with the Yoast SEO plugin v27.2 - https:\/\/yoast.com\/product\/yoast-seo-wordpress\/ -->\n<title>Un paradis pour les h\u00e9rissons - WWF - Panda Club<\/title>\n<meta name=\"description\" content=\"Le h\u00e9risson traverse une p\u00e9riode difficile. Tu trouveras ici des informations pour l&#039;aider dans ton jardin. Retrouves toutes les id\u00e9es sur le site internet du Panda Club.\" \/>\n<meta name=\"robots\" content=\"index, follow, max-snippet:-1, max-image-preview:large, max-video-preview:-1\" \/>\n<link rel=\"canonical\" href=\"https:\/\/www.pandaclub.ch\/de\/ein-paradies-fuer-igel\/\" \/>\n<meta property=\"og:locale\" content=\"fr_FR\" \/>\n<meta property=\"og:type\" content=\"article\" \/>\n<meta property=\"og:title\" content=\"Un paradis pour les h\u00e9rissons - WWF - Panda Club\" \/>\n<meta property=\"og:description\" content=\"Le h\u00e9risson traverse une p\u00e9riode difficile. Tu trouveras ici des informations pour l&#039;aider dans ton jardin. Retrouves toutes les id\u00e9es sur le site internet du Panda Club.\" \/>\n<meta property=\"og:url\" content=\"https:\/\/www.pandaclub.ch\/de\/ein-paradies-fuer-igel\/\" \/>\n<meta property=\"og:site_name\" content=\"WWF - Panda Club\" \/>\n<meta property=\"article:modified_time\" content=\"2021-04-16T10:12:19+00:00\" \/>\n<meta name=\"twitter:card\" content=\"summary_large_image\" \/>\n<script type=\"application\/ld+json\" class=\"yoast-schema-graph\">{\"@context\":\"https:\/\/schema.org\",\"@graph\":[{\"@type\":\"WebPage\",\"@id\":\"https:\/\/www.pandaclub.ch\/de\/ein-paradies-fuer-igel\/\",\"url\":\"https:\/\/www.pandaclub.ch\/de\/ein-paradies-fuer-igel\/\",\"name\":\"Un paradis pour les h\u00e9rissons - WWF - Panda Club\",\"isPartOf\":{\"@id\":\"https:\/\/www.pandaclub.ch\/de\/#website\"},\"datePublished\":\"2020-04-21T14:36:48+00:00\",\"dateModified\":\"2021-04-16T10:12:19+00:00\",\"description\":\"Le h\u00e9risson traverse une p\u00e9riode difficile. Tu trouveras ici des informations pour l'aider dans ton jardin. Retrouves toutes les id\u00e9es sur le site internet du Panda Club.\",\"breadcrumb\":{\"@id\":\"https:\/\/www.pandaclub.ch\/de\/ein-paradies-fuer-igel\/#breadcrumb\"},\"inLanguage\":\"fr-FR\",\"potentialAction\":[{\"@type\":\"ReadAction\",\"target\":[\"https:\/\/www.pandaclub.ch\/de\/ein-paradies-fuer-igel\/\"]}]},{\"@type\":\"BreadcrumbList\",\"@id\":\"https:\/\/www.pandaclub.ch\/de\/ein-paradies-fuer-igel\/#breadcrumb\",\"itemListElement\":[{\"@type\":\"ListItem\",\"position\":1,\"name\":\"Home\",\"item\":\"https:\/\/www.pandaclub.ch\/fr\/\"},{\"@type\":\"ListItem\",\"position\":2,\"name\":\"Un paradis pour les h\u00e9rissons\"}]},{\"@type\":\"WebSite\",\"@id\":\"https:\/\/www.pandaclub.ch\/de\/#website\",\"url\":\"https:\/\/www.pandaclub.ch\/de\/\",\"name\":\"WWF - Panda Club\",\"description\":\"Die Kinderwebseite des WWF Schweiz\",\"potentialAction\":[{\"@type\":\"SearchAction\",\"target\":{\"@type\":\"EntryPoint\",\"urlTemplate\":\"https:\/\/www.pandaclub.ch\/de\/?s={search_term_string}\"},\"query-input\":{\"@type\":\"PropertyValueSpecification\",\"valueRequired\":true,\"valueName\":\"search_term_string\"}}],\"inLanguage\":\"fr-FR\"}]}<\/script>\n<!-- \/ Yoast SEO plugin. -->","yoast_head_json":{"title":"Un paradis pour les h\u00e9rissons - WWF - Panda Club","description":"Le h\u00e9risson traverse une p\u00e9riode difficile. Tu trouveras ici des informations pour l'aider dans ton jardin. Retrouves toutes les id\u00e9es sur le site internet du Panda Club.","robots":{"index":"index","follow":"follow","max-snippet":"max-snippet:-1","max-image-preview":"max-image-preview:large","max-video-preview":"max-video-preview:-1"},"canonical":"https:\/\/www.pandaclub.ch\/de\/ein-paradies-fuer-igel\/","og_locale":"fr_FR","og_type":"article","og_title":"Un paradis pour les h\u00e9rissons - WWF - Panda Club","og_description":"Le h\u00e9risson traverse une p\u00e9riode difficile. Tu trouveras ici des informations pour l'aider dans ton jardin. Retrouves toutes les id\u00e9es sur le site internet du Panda Club.","og_url":"https:\/\/www.pandaclub.ch\/de\/ein-paradies-fuer-igel\/","og_site_name":"WWF - Panda Club","article_modified_time":"2021-04-16T10:12:19+00:00","twitter_card":"summary_large_image","schema":{"@context":"https:\/\/schema.org","@graph":[{"@type":"WebPage","@id":"https:\/\/www.pandaclub.ch\/de\/ein-paradies-fuer-igel\/","url":"https:\/\/www.pandaclub.ch\/de\/ein-paradies-fuer-igel\/","name":"Un paradis pour les h\u00e9rissons - WWF - Panda Club","isPartOf":{"@id":"https:\/\/www.pandaclub.ch\/de\/#website"},"datePublished":"2020-04-21T14:36:48+00:00","dateModified":"2021-04-16T10:12:19+00:00","description":"Le h\u00e9risson traverse une p\u00e9riode difficile. Tu trouveras ici des informations pour l'aider dans ton jardin. Retrouves toutes les id\u00e9es sur le site internet du Panda Club.","breadcrumb":{"@id":"https:\/\/www.pandaclub.ch\/de\/ein-paradies-fuer-igel\/#breadcrumb"},"inLanguage":"fr-FR","potentialAction":[{"@type":"ReadAction","target":["https:\/\/www.pandaclub.ch\/de\/ein-paradies-fuer-igel\/"]}]},{"@type":"BreadcrumbList","@id":"https:\/\/www.pandaclub.ch\/de\/ein-paradies-fuer-igel\/#breadcrumb","itemListElement":[{"@type":"ListItem","position":1,"name":"Home","item":"https:\/\/www.pandaclub.ch\/fr\/"},{"@type":"ListItem","position":2,"name":"Un paradis pour les h\u00e9rissons"}]},{"@type":"WebSite","@id":"https:\/\/www.pandaclub.ch\/de\/#website","url":"https:\/\/www.pandaclub.ch\/de\/","name":"WWF - Panda Club","description":"Die Kinderwebseite des WWF Schweiz","potentialAction":[{"@type":"SearchAction","target":{"@type":"EntryPoint","urlTemplate":"https:\/\/www.pandaclub.ch\/de\/?s={search_term_string}"},"query-input":{"@type":"PropertyValueSpecification","valueRequired":true,"valueName":"search_term_string"}}],"inLanguage":"fr-FR"}]}},"_links":{"self":[{"href":"https:\/\/www.pandaclub.ch\/fr\/wp-json\/wp\/v2\/pages\/19612","targetHints":{"allow":["GET"]}}],"collection":[{"href":"https:\/\/www.pandaclub.ch\/fr\/wp-json\/wp\/v2\/pages"}],"about":[{"href":"https:\/\/www.pandaclub.ch\/fr\/wp-json\/wp\/v2\/types\/page"}],"author":[{"embeddable":true,"href":"https:\/\/www.pandaclub.ch\/fr\/wp-json\/wp\/v2\/users\/7"}],"replies":[{"embeddable":true,"href":"https:\/\/www.pandaclub.ch\/fr\/wp-json\/wp\/v2\/comments?post=19612"}],"version-history":[{"count":8,"href":"https:\/\/www.pandaclub.ch\/fr\/wp-json\/wp\/v2\/pages\/19612\/revisions"}],"predecessor-version":[{"id":41472,"href":"https:\/\/www.pandaclub.ch\/fr\/wp-json\/wp\/v2\/pages\/19612\/revisions\/41472"}],"wp:attachment":[{"href":"https:\/\/www.pandaclub.ch\/fr\/wp-json\/wp\/v2\/media?parent=19612"}],"curies":[{"name":"wp","href":"https:\/\/api.w.org\/{rel}","templated":true}]}}