{"id":18049,"date":"2020-04-03T15:25:37","date_gmt":"2020-04-03T13:25:37","guid":{"rendered":"https:\/\/www.pandaclub.ch\/?page_id=18049"},"modified":"2020-06-05T17:07:48","modified_gmt":"2020-06-05T15:07:48","slug":"idees-de-jeux-pour-la-maison","status":"publish","type":"page","link":"https:\/\/www.pandaclub.ch\/fr\/idees-de-jeux-pour-la-maison\/","title":{"rendered":"Id\u00e9es d&rsquo;activit\u00e9s pour la maison"},"content":{"rendered":"","protected":false},"excerpt":{"rendered":"","protected":false},"author":7,"featured_media":0,"parent":0,"menu_order":428,"comment_status":"closed","ping_status":"closed","template":"","meta":{"_acf_changed":false,"footnotes":""},"class_list":["post-18049","page","type-page","status-publish","hentry"],"acf":[],"yoast_head":"<!-- This site is optimized with the Yoast SEO plugin v27.2 - https:\/\/yoast.com\/product\/yoast-seo-wordpress\/ -->\n<title>Id\u00e9es d&#039;activit\u00e9s pour la maison - WWF - Panda Club<\/title>\n<meta name=\"description\" content=\"En ce moment, les loisirs sont limit\u00e9s. Mais cela ne signifie pas que tu dois t\u2019ennuyer. Retrouve des id\u00e9es de jeux sur le site Panda Club du WWF.\" \/>\n<meta name=\"robots\" content=\"index, follow, max-snippet:-1, max-image-preview:large, max-video-preview:-1\" \/>\n<link rel=\"canonical\" href=\"https:\/\/www.pandaclub.ch\/fr\/idees-de-jeux-pour-la-maison\/\" \/>\n<meta property=\"og:locale\" content=\"fr_FR\" \/>\n<meta property=\"og:type\" content=\"article\" \/>\n<meta property=\"og:title\" content=\"Id\u00e9es d&#039;activit\u00e9s pour la maison - WWF - Panda Club\" \/>\n<meta property=\"og:description\" content=\"En ce moment, les loisirs sont limit\u00e9s. Mais cela ne signifie pas que tu dois t\u2019ennuyer. Retrouve des id\u00e9es de jeux sur le site Panda Club du WWF.\" \/>\n<meta property=\"og:url\" content=\"https:\/\/www.pandaclub.ch\/fr\/idees-de-jeux-pour-la-maison\/\" \/>\n<meta property=\"og:site_name\" content=\"WWF - Panda Club\" \/>\n<meta property=\"article:modified_time\" content=\"2020-06-05T15:07:48+00:00\" \/>\n<meta name=\"twitter:card\" content=\"summary_large_image\" \/>\n<script type=\"application\/ld+json\" class=\"yoast-schema-graph\">{\"@context\":\"https:\/\/schema.org\",\"@graph\":[{\"@type\":\"WebPage\",\"@id\":\"https:\/\/www.pandaclub.ch\/fr\/idees-de-jeux-pour-la-maison\/\",\"url\":\"https:\/\/www.pandaclub.ch\/fr\/idees-de-jeux-pour-la-maison\/\",\"name\":\"Id\u00e9es d'activit\u00e9s pour la maison - WWF - Panda Club\",\"isPartOf\":{\"@id\":\"https:\/\/www.pandaclub.ch\/de\/#website\"},\"datePublished\":\"2020-04-03T13:25:37+00:00\",\"dateModified\":\"2020-06-05T15:07:48+00:00\",\"description\":\"En ce moment, les loisirs sont limit\u00e9s. Mais cela ne signifie pas que tu dois t\u2019ennuyer. Retrouve des id\u00e9es de jeux sur le site Panda Club du WWF.\",\"breadcrumb\":{\"@id\":\"https:\/\/www.pandaclub.ch\/fr\/idees-de-jeux-pour-la-maison\/#breadcrumb\"},\"inLanguage\":\"fr-FR\",\"potentialAction\":[{\"@type\":\"ReadAction\",\"target\":[\"https:\/\/www.pandaclub.ch\/fr\/idees-de-jeux-pour-la-maison\/\"]}]},{\"@type\":\"BreadcrumbList\",\"@id\":\"https:\/\/www.pandaclub.ch\/fr\/idees-de-jeux-pour-la-maison\/#breadcrumb\",\"itemListElement\":[{\"@type\":\"ListItem\",\"position\":1,\"name\":\"Home\",\"item\":\"https:\/\/www.pandaclub.ch\/fr\/\"},{\"@type\":\"ListItem\",\"position\":2,\"name\":\"Id\u00e9es d&rsquo;activit\u00e9s pour la maison\"}]},{\"@type\":\"WebSite\",\"@id\":\"https:\/\/www.pandaclub.ch\/de\/#website\",\"url\":\"https:\/\/www.pandaclub.ch\/de\/\",\"name\":\"WWF - Panda Club\",\"description\":\"Die Kinderwebseite des WWF Schweiz\",\"potentialAction\":[{\"@type\":\"SearchAction\",\"target\":{\"@type\":\"EntryPoint\",\"urlTemplate\":\"https:\/\/www.pandaclub.ch\/de\/?s={search_term_string}\"},\"query-input\":{\"@type\":\"PropertyValueSpecification\",\"valueRequired\":true,\"valueName\":\"search_term_string\"}}],\"inLanguage\":\"fr-FR\"}]}<\/script>\n<!-- \/ Yoast SEO plugin. -->","yoast_head_json":{"title":"Id\u00e9es d'activit\u00e9s pour la maison - WWF - Panda Club","description":"En ce moment, les loisirs sont limit\u00e9s. Mais cela ne signifie pas que tu dois t\u2019ennuyer. Retrouve des id\u00e9es de jeux sur le site Panda Club du WWF.","robots":{"index":"index","follow":"follow","max-snippet":"max-snippet:-1","max-image-preview":"max-image-preview:large","max-video-preview":"max-video-preview:-1"},"canonical":"https:\/\/www.pandaclub.ch\/fr\/idees-de-jeux-pour-la-maison\/","og_locale":"fr_FR","og_type":"article","og_title":"Id\u00e9es d'activit\u00e9s pour la maison - WWF - Panda Club","og_description":"En ce moment, les loisirs sont limit\u00e9s. Mais cela ne signifie pas que tu dois t\u2019ennuyer. Retrouve des id\u00e9es de jeux sur le site Panda Club du WWF.","og_url":"https:\/\/www.pandaclub.ch\/fr\/idees-de-jeux-pour-la-maison\/","og_site_name":"WWF - Panda Club","article_modified_time":"2020-06-05T15:07:48+00:00","twitter_card":"summary_large_image","schema":{"@context":"https:\/\/schema.org","@graph":[{"@type":"WebPage","@id":"https:\/\/www.pandaclub.ch\/fr\/idees-de-jeux-pour-la-maison\/","url":"https:\/\/www.pandaclub.ch\/fr\/idees-de-jeux-pour-la-maison\/","name":"Id\u00e9es d'activit\u00e9s pour la maison - WWF - Panda Club","isPartOf":{"@id":"https:\/\/www.pandaclub.ch\/de\/#website"},"datePublished":"2020-04-03T13:25:37+00:00","dateModified":"2020-06-05T15:07:48+00:00","description":"En ce moment, les loisirs sont limit\u00e9s. Mais cela ne signifie pas que tu dois t\u2019ennuyer. Retrouve des id\u00e9es de jeux sur le site Panda Club du WWF.","breadcrumb":{"@id":"https:\/\/www.pandaclub.ch\/fr\/idees-de-jeux-pour-la-maison\/#breadcrumb"},"inLanguage":"fr-FR","potentialAction":[{"@type":"ReadAction","target":["https:\/\/www.pandaclub.ch\/fr\/idees-de-jeux-pour-la-maison\/"]}]},{"@type":"BreadcrumbList","@id":"https:\/\/www.pandaclub.ch\/fr\/idees-de-jeux-pour-la-maison\/#breadcrumb","itemListElement":[{"@type":"ListItem","position":1,"name":"Home","item":"https:\/\/www.pandaclub.ch\/fr\/"},{"@type":"ListItem","position":2,"name":"Id\u00e9es d&rsquo;activit\u00e9s pour la maison"}]},{"@type":"WebSite","@id":"https:\/\/www.pandaclub.ch\/de\/#website","url":"https:\/\/www.pandaclub.ch\/de\/","name":"WWF - Panda Club","description":"Die Kinderwebseite des WWF Schweiz","potentialAction":[{"@type":"SearchAction","target":{"@type":"EntryPoint","urlTemplate":"https:\/\/www.pandaclub.ch\/de\/?s={search_term_string}"},"query-input":{"@type":"PropertyValueSpecification","valueRequired":true,"valueName":"search_term_string"}}],"inLanguage":"fr-FR"}]}},"_links":{"self":[{"href":"https:\/\/www.pandaclub.ch\/fr\/wp-json\/wp\/v2\/pages\/18049","targetHints":{"allow":["GET"]}}],"collection":[{"href":"https:\/\/www.pandaclub.ch\/fr\/wp-json\/wp\/v2\/pages"}],"about":[{"href":"https:\/\/www.pandaclub.ch\/fr\/wp-json\/wp\/v2\/types\/page"}],"author":[{"embeddable":true,"href":"https:\/\/www.pandaclub.ch\/fr\/wp-json\/wp\/v2\/users\/7"}],"replies":[{"embeddable":true,"href":"https:\/\/www.pandaclub.ch\/fr\/wp-json\/wp\/v2\/comments?post=18049"}],"version-history":[{"count":14,"href":"https:\/\/www.pandaclub.ch\/fr\/wp-json\/wp\/v2\/pages\/18049\/revisions"}],"predecessor-version":[{"id":114772,"href":"https:\/\/www.pandaclub.ch\/fr\/wp-json\/wp\/v2\/pages\/18049\/revisions\/114772"}],"wp:attachment":[{"href":"https:\/\/www.pandaclub.ch\/fr\/wp-json\/wp\/v2\/media?parent=18049"}],"curies":[{"name":"wp","href":"https:\/\/api.w.org\/{rel}","templated":true}]}}