{"id":15902,"date":"2020-01-13T15:05:53","date_gmt":"2020-01-13T14:05:53","guid":{"rendered":"https:\/\/www.pandaclub.ch\/?page_id=15902"},"modified":"2023-10-26T14:55:48","modified_gmt":"2023-10-26T12:55:48","slug":"une-aurore-boreale","status":"publish","type":"page","link":"https:\/\/www.pandaclub.ch\/fr\/une-aurore-boreale\/","title":{"rendered":"Une aurore bor\u00e9ale"},"content":{"rendered":"","protected":false},"excerpt":{"rendered":"","protected":false},"author":7,"featured_media":0,"parent":0,"menu_order":448,"comment_status":"closed","ping_status":"closed","template":"","meta":{"_acf_changed":false,"footnotes":""},"class_list":["post-15902","page","type-page","status-publish","hentry"],"acf":[],"yoast_head":"<!-- This site is optimized with the Yoast SEO plugin v27.2 - https:\/\/yoast.com\/product\/yoast-seo-wordpress\/ -->\n<title>Une aurore bor\u00e9ale - WWF - Panda Club<\/title>\n<meta name=\"description\" content=\"Les aurores bor\u00e9ales sont visibles entre avril et septembre dans les r\u00e9gions du nord. Tu peux en savoir plus \u00e0 ce sujet sur cette page du site internet du Panda Club..\" \/>\n<meta name=\"robots\" content=\"index, follow, max-snippet:-1, max-image-preview:large, max-video-preview:-1\" \/>\n<link rel=\"canonical\" href=\"https:\/\/www.pandaclub.ch\/fr\/une-aurore-boreale\/\" \/>\n<meta name=\"twitter:card\" content=\"summary_large_image\" \/>\n<meta name=\"twitter:title\" content=\"Une aurore bor\u00e9ale - WWF - Panda Club\" \/>\n<meta name=\"twitter:description\" content=\"Les aurores bor\u00e9ales sont visibles entre avril et septembre dans les r\u00e9gions du nord. Tu peux en savoir plus \u00e0 ce sujet sur cette page du site internet du Panda Club..\" \/>\n<script type=\"application\/ld+json\" class=\"yoast-schema-graph\">{\"@context\":\"https:\/\/schema.org\",\"@graph\":[{\"@type\":\"WebPage\",\"@id\":\"https:\/\/www.pandaclub.ch\/fr\/une-aurore-boreale\/\",\"url\":\"https:\/\/www.pandaclub.ch\/fr\/une-aurore-boreale\/\",\"name\":\"Une aurore bor\u00e9ale - WWF - Panda Club\",\"isPartOf\":{\"@id\":\"https:\/\/www.pandaclub.ch\/de\/#website\"},\"datePublished\":\"2020-01-13T14:05:53+00:00\",\"dateModified\":\"2023-10-26T12:55:48+00:00\",\"description\":\"Les aurores bor\u00e9ales sont visibles entre avril et septembre dans les r\u00e9gions du nord. Tu peux en savoir plus \u00e0 ce sujet sur cette page du site internet du Panda Club..\",\"breadcrumb\":{\"@id\":\"https:\/\/www.pandaclub.ch\/fr\/une-aurore-boreale\/#breadcrumb\"},\"inLanguage\":\"fr-FR\",\"potentialAction\":[{\"@type\":\"ReadAction\",\"target\":[\"https:\/\/www.pandaclub.ch\/fr\/une-aurore-boreale\/\"]}]},{\"@type\":\"BreadcrumbList\",\"@id\":\"https:\/\/www.pandaclub.ch\/fr\/une-aurore-boreale\/#breadcrumb\",\"itemListElement\":[{\"@type\":\"ListItem\",\"position\":1,\"name\":\"Home\",\"item\":\"https:\/\/www.pandaclub.ch\/fr\/\"},{\"@type\":\"ListItem\",\"position\":2,\"name\":\"Une aurore bor\u00e9ale\"}]},{\"@type\":\"WebSite\",\"@id\":\"https:\/\/www.pandaclub.ch\/de\/#website\",\"url\":\"https:\/\/www.pandaclub.ch\/de\/\",\"name\":\"WWF - Panda Club\",\"description\":\"Die Kinderwebseite des WWF Schweiz\",\"potentialAction\":[{\"@type\":\"SearchAction\",\"target\":{\"@type\":\"EntryPoint\",\"urlTemplate\":\"https:\/\/www.pandaclub.ch\/de\/?s={search_term_string}\"},\"query-input\":{\"@type\":\"PropertyValueSpecification\",\"valueRequired\":true,\"valueName\":\"search_term_string\"}}],\"inLanguage\":\"fr-FR\"}]}<\/script>\n<!-- \/ Yoast SEO plugin. -->","yoast_head_json":{"title":"Une aurore bor\u00e9ale - WWF - Panda Club","description":"Les aurores bor\u00e9ales sont visibles entre avril et septembre dans les r\u00e9gions du nord. Tu peux en savoir plus \u00e0 ce sujet sur cette page du site internet du Panda Club..","robots":{"index":"index","follow":"follow","max-snippet":"max-snippet:-1","max-image-preview":"max-image-preview:large","max-video-preview":"max-video-preview:-1"},"canonical":"https:\/\/www.pandaclub.ch\/fr\/une-aurore-boreale\/","twitter_card":"summary_large_image","twitter_title":"Une aurore bor\u00e9ale - WWF - Panda Club","twitter_description":"Les aurores bor\u00e9ales sont visibles entre avril et septembre dans les r\u00e9gions du nord. Tu peux en savoir plus \u00e0 ce sujet sur cette page du site internet du Panda Club..","schema":{"@context":"https:\/\/schema.org","@graph":[{"@type":"WebPage","@id":"https:\/\/www.pandaclub.ch\/fr\/une-aurore-boreale\/","url":"https:\/\/www.pandaclub.ch\/fr\/une-aurore-boreale\/","name":"Une aurore bor\u00e9ale - WWF - Panda Club","isPartOf":{"@id":"https:\/\/www.pandaclub.ch\/de\/#website"},"datePublished":"2020-01-13T14:05:53+00:00","dateModified":"2023-10-26T12:55:48+00:00","description":"Les aurores bor\u00e9ales sont visibles entre avril et septembre dans les r\u00e9gions du nord. Tu peux en savoir plus \u00e0 ce sujet sur cette page du site internet du Panda Club..","breadcrumb":{"@id":"https:\/\/www.pandaclub.ch\/fr\/une-aurore-boreale\/#breadcrumb"},"inLanguage":"fr-FR","potentialAction":[{"@type":"ReadAction","target":["https:\/\/www.pandaclub.ch\/fr\/une-aurore-boreale\/"]}]},{"@type":"BreadcrumbList","@id":"https:\/\/www.pandaclub.ch\/fr\/une-aurore-boreale\/#breadcrumb","itemListElement":[{"@type":"ListItem","position":1,"name":"Home","item":"https:\/\/www.pandaclub.ch\/fr\/"},{"@type":"ListItem","position":2,"name":"Une aurore bor\u00e9ale"}]},{"@type":"WebSite","@id":"https:\/\/www.pandaclub.ch\/de\/#website","url":"https:\/\/www.pandaclub.ch\/de\/","name":"WWF - Panda Club","description":"Die Kinderwebseite des WWF Schweiz","potentialAction":[{"@type":"SearchAction","target":{"@type":"EntryPoint","urlTemplate":"https:\/\/www.pandaclub.ch\/de\/?s={search_term_string}"},"query-input":{"@type":"PropertyValueSpecification","valueRequired":true,"valueName":"search_term_string"}}],"inLanguage":"fr-FR"}]}},"_links":{"self":[{"href":"https:\/\/www.pandaclub.ch\/fr\/wp-json\/wp\/v2\/pages\/15902","targetHints":{"allow":["GET"]}}],"collection":[{"href":"https:\/\/www.pandaclub.ch\/fr\/wp-json\/wp\/v2\/pages"}],"about":[{"href":"https:\/\/www.pandaclub.ch\/fr\/wp-json\/wp\/v2\/types\/page"}],"author":[{"embeddable":true,"href":"https:\/\/www.pandaclub.ch\/fr\/wp-json\/wp\/v2\/users\/7"}],"replies":[{"embeddable":true,"href":"https:\/\/www.pandaclub.ch\/fr\/wp-json\/wp\/v2\/comments?post=15902"}],"version-history":[{"count":6,"href":"https:\/\/www.pandaclub.ch\/fr\/wp-json\/wp\/v2\/pages\/15902\/revisions"}],"predecessor-version":[{"id":83370,"href":"https:\/\/www.pandaclub.ch\/fr\/wp-json\/wp\/v2\/pages\/15902\/revisions\/83370"}],"wp:attachment":[{"href":"https:\/\/www.pandaclub.ch\/fr\/wp-json\/wp\/v2\/media?parent=15902"}],"curies":[{"name":"wp","href":"https:\/\/api.w.org\/{rel}","templated":true}]}}