{"id":143188,"date":"2026-04-27T12:17:38","date_gmt":"2026-04-27T10:17:38","guid":{"rendered":"https:\/\/www.pandaclub.ch\/wer-landet-den-volltreffer\/"},"modified":"2026-04-27T14:27:30","modified_gmt":"2026-04-27T12:27:30","slug":"qui-atteindra-la-cible","status":"publish","type":"page","link":"https:\/\/www.pandaclub.ch\/fr\/qui-atteindra-la-cible\/","title":{"rendered":"Qui atteindra la cible?"},"content":{"rendered":"","protected":false},"excerpt":{"rendered":"","protected":false},"author":41,"featured_media":0,"parent":0,"menu_order":2,"comment_status":"closed","ping_status":"closed","template":"","meta":{"_acf_changed":false,"footnotes":""},"class_list":["post-143188","page","type-page","status-publish","hentry"],"acf":[],"yoast_head":"<!-- This site is optimized with the Yoast SEO plugin v27.2 - https:\/\/yoast.com\/product\/yoast-seo-wordpress\/ -->\n<title>Instructions pour fabriquer des petits sacs de lancer \u00e0 partir de chutes de tissu - WWF - Panda Club<\/title>\n<meta name=\"description\" content=\"Fabrique des petits sacs de lancer \u00e0 partir de chutes de tissu et joue \u00e0 diff\u00e9rents jeux de lancer. Une activit\u00e9 de bricolage pour enfants du Panda Club du WWF.\" \/>\n<meta name=\"robots\" content=\"index, follow, max-snippet:-1, max-image-preview:large, max-video-preview:-1\" \/>\n<link rel=\"canonical\" href=\"https:\/\/www.pandaclub.ch\/fr\/qui-atteindra-la-cible\/\" \/>\n<meta name=\"twitter:card\" content=\"summary_large_image\" \/>\n<meta name=\"twitter:title\" content=\"Instructions pour fabriquer des petits sacs de lancer \u00e0 partir de chutes de tissu - WWF - Panda Club\" \/>\n<meta name=\"twitter:description\" content=\"Fabrique des petits sacs de lancer \u00e0 partir de chutes de tissu et joue \u00e0 diff\u00e9rents jeux de lancer. Une activit\u00e9 de bricolage pour enfants du Panda Club du WWF.\" \/>\n<script type=\"application\/ld+json\" class=\"yoast-schema-graph\">{\"@context\":\"https:\/\/schema.org\",\"@graph\":[{\"@type\":\"WebPage\",\"@id\":\"https:\/\/www.pandaclub.ch\/fr\/qui-atteindra-la-cible\/\",\"url\":\"https:\/\/www.pandaclub.ch\/fr\/qui-atteindra-la-cible\/\",\"name\":\"Instructions pour fabriquer des petits sacs de lancer \u00e0 partir de chutes de tissu - WWF - Panda Club\",\"isPartOf\":{\"@id\":\"https:\/\/www.pandaclub.ch\/de\/#website\"},\"datePublished\":\"2026-04-27T10:17:38+00:00\",\"dateModified\":\"2026-04-27T12:27:30+00:00\",\"description\":\"Fabrique des petits sacs de lancer \u00e0 partir de chutes de tissu et joue \u00e0 diff\u00e9rents jeux de lancer. Une activit\u00e9 de bricolage pour enfants du Panda Club du WWF.\",\"breadcrumb\":{\"@id\":\"https:\/\/www.pandaclub.ch\/fr\/qui-atteindra-la-cible\/#breadcrumb\"},\"inLanguage\":\"fr-FR\",\"potentialAction\":[{\"@type\":\"ReadAction\",\"target\":[\"https:\/\/www.pandaclub.ch\/fr\/qui-atteindra-la-cible\/\"]}]},{\"@type\":\"BreadcrumbList\",\"@id\":\"https:\/\/www.pandaclub.ch\/fr\/qui-atteindra-la-cible\/#breadcrumb\",\"itemListElement\":[{\"@type\":\"ListItem\",\"position\":1,\"name\":\"Home\",\"item\":\"https:\/\/www.pandaclub.ch\/fr\/\"},{\"@type\":\"ListItem\",\"position\":2,\"name\":\"Qui atteindra la cible?\"}]},{\"@type\":\"WebSite\",\"@id\":\"https:\/\/www.pandaclub.ch\/de\/#website\",\"url\":\"https:\/\/www.pandaclub.ch\/de\/\",\"name\":\"WWF - Panda Club\",\"description\":\"Die Kinderwebseite des WWF Schweiz\",\"potentialAction\":[{\"@type\":\"SearchAction\",\"target\":{\"@type\":\"EntryPoint\",\"urlTemplate\":\"https:\/\/www.pandaclub.ch\/de\/?s={search_term_string}\"},\"query-input\":{\"@type\":\"PropertyValueSpecification\",\"valueRequired\":true,\"valueName\":\"search_term_string\"}}],\"inLanguage\":\"fr-FR\"}]}<\/script>\n<!-- \/ Yoast SEO plugin. -->","yoast_head_json":{"title":"Instructions pour fabriquer des petits sacs de lancer \u00e0 partir de chutes de tissu - WWF - Panda Club","description":"Fabrique des petits sacs de lancer \u00e0 partir de chutes de tissu et joue \u00e0 diff\u00e9rents jeux de lancer. Une activit\u00e9 de bricolage pour enfants du Panda Club du WWF.","robots":{"index":"index","follow":"follow","max-snippet":"max-snippet:-1","max-image-preview":"max-image-preview:large","max-video-preview":"max-video-preview:-1"},"canonical":"https:\/\/www.pandaclub.ch\/fr\/qui-atteindra-la-cible\/","twitter_card":"summary_large_image","twitter_title":"Instructions pour fabriquer des petits sacs de lancer \u00e0 partir de chutes de tissu - WWF - Panda Club","twitter_description":"Fabrique des petits sacs de lancer \u00e0 partir de chutes de tissu et joue \u00e0 diff\u00e9rents jeux de lancer. Une activit\u00e9 de bricolage pour enfants du Panda Club du WWF.","schema":{"@context":"https:\/\/schema.org","@graph":[{"@type":"WebPage","@id":"https:\/\/www.pandaclub.ch\/fr\/qui-atteindra-la-cible\/","url":"https:\/\/www.pandaclub.ch\/fr\/qui-atteindra-la-cible\/","name":"Instructions pour fabriquer des petits sacs de lancer \u00e0 partir de chutes de tissu - WWF - Panda Club","isPartOf":{"@id":"https:\/\/www.pandaclub.ch\/de\/#website"},"datePublished":"2026-04-27T10:17:38+00:00","dateModified":"2026-04-27T12:27:30+00:00","description":"Fabrique des petits sacs de lancer \u00e0 partir de chutes de tissu et joue \u00e0 diff\u00e9rents jeux de lancer. Une activit\u00e9 de bricolage pour enfants du Panda Club du WWF.","breadcrumb":{"@id":"https:\/\/www.pandaclub.ch\/fr\/qui-atteindra-la-cible\/#breadcrumb"},"inLanguage":"fr-FR","potentialAction":[{"@type":"ReadAction","target":["https:\/\/www.pandaclub.ch\/fr\/qui-atteindra-la-cible\/"]}]},{"@type":"BreadcrumbList","@id":"https:\/\/www.pandaclub.ch\/fr\/qui-atteindra-la-cible\/#breadcrumb","itemListElement":[{"@type":"ListItem","position":1,"name":"Home","item":"https:\/\/www.pandaclub.ch\/fr\/"},{"@type":"ListItem","position":2,"name":"Qui atteindra la cible?"}]},{"@type":"WebSite","@id":"https:\/\/www.pandaclub.ch\/de\/#website","url":"https:\/\/www.pandaclub.ch\/de\/","name":"WWF - Panda Club","description":"Die Kinderwebseite des WWF Schweiz","potentialAction":[{"@type":"SearchAction","target":{"@type":"EntryPoint","urlTemplate":"https:\/\/www.pandaclub.ch\/de\/?s={search_term_string}"},"query-input":{"@type":"PropertyValueSpecification","valueRequired":true,"valueName":"search_term_string"}}],"inLanguage":"fr-FR"}]}},"_links":{"self":[{"href":"https:\/\/www.pandaclub.ch\/fr\/wp-json\/wp\/v2\/pages\/143188","targetHints":{"allow":["GET"]}}],"collection":[{"href":"https:\/\/www.pandaclub.ch\/fr\/wp-json\/wp\/v2\/pages"}],"about":[{"href":"https:\/\/www.pandaclub.ch\/fr\/wp-json\/wp\/v2\/types\/page"}],"author":[{"embeddable":true,"href":"https:\/\/www.pandaclub.ch\/fr\/wp-json\/wp\/v2\/users\/41"}],"replies":[{"embeddable":true,"href":"https:\/\/www.pandaclub.ch\/fr\/wp-json\/wp\/v2\/comments?post=143188"}],"version-history":[{"count":4,"href":"https:\/\/www.pandaclub.ch\/fr\/wp-json\/wp\/v2\/pages\/143188\/revisions"}],"predecessor-version":[{"id":143193,"href":"https:\/\/www.pandaclub.ch\/fr\/wp-json\/wp\/v2\/pages\/143188\/revisions\/143193"}],"wp:attachment":[{"href":"https:\/\/www.pandaclub.ch\/fr\/wp-json\/wp\/v2\/media?parent=143188"}],"curies":[{"name":"wp","href":"https:\/\/api.w.org\/{rel}","templated":true}]}}