{"id":12622,"date":"2019-11-01T14:05:12","date_gmt":"2019-11-01T13:05:12","guid":{"rendered":"https:\/\/www.pandaclub.ch\/?page_id=12622"},"modified":"2023-12-04T14:51:23","modified_gmt":"2023-12-04T13:51:23","slug":"conseils-pour-ton-stand-de-vente","status":"publish","type":"page","link":"https:\/\/www.pandaclub.ch\/fr\/conseils-pour-ton-stand-de-vente\/","title":{"rendered":"Conseils pour ton stand de vente"},"content":{"rendered":"","protected":false},"excerpt":{"rendered":"","protected":false},"author":37,"featured_media":0,"parent":0,"menu_order":511,"comment_status":"closed","ping_status":"closed","template":"","meta":{"_acf_changed":false,"footnotes":""},"class_list":["post-12622","page","type-page","status-publish","hentry"],"acf":[],"yoast_head":"<!-- This site is optimized with the Yoast SEO plugin v27.2 - https:\/\/yoast.com\/product\/yoast-seo-wordpress\/ -->\n<title>Conseils pour ton stand de vente - WWF - Panda Club<\/title>\n<meta name=\"description\" content=\"De nombreux enfants ont d\u00e9j\u00e0 organis\u00e9 un stand de vente et ont de conseils. N\u2019h\u00e9site pas \u00e0 suivre leur exemple!\" \/>\n<meta name=\"robots\" content=\"index, follow, max-snippet:-1, max-image-preview:large, max-video-preview:-1\" \/>\n<link rel=\"canonical\" href=\"https:\/\/www.pandaclub.ch\/de\/tipps-fuer-deine-standaktion\/\" \/>\n<meta property=\"og:locale\" content=\"fr_FR\" \/>\n<meta property=\"og:type\" content=\"article\" \/>\n<meta property=\"og:title\" content=\"Conseils pour ton stand de vente - WWF - Panda Club\" \/>\n<meta property=\"og:description\" content=\"De nombreux enfants ont d\u00e9j\u00e0 organis\u00e9 un stand de vente et ont de conseils. N\u2019h\u00e9site pas \u00e0 suivre leur exemple!\" \/>\n<meta property=\"og:url\" content=\"https:\/\/www.pandaclub.ch\/de\/tipps-fuer-deine-standaktion\/\" \/>\n<meta property=\"og:site_name\" content=\"WWF - Panda Club\" \/>\n<meta property=\"article:modified_time\" content=\"2023-12-04T13:51:23+00:00\" \/>\n<meta name=\"twitter:card\" content=\"summary_large_image\" \/>\n<script type=\"application\/ld+json\" class=\"yoast-schema-graph\">{\"@context\":\"https:\/\/schema.org\",\"@graph\":[{\"@type\":\"WebPage\",\"@id\":\"https:\/\/www.pandaclub.ch\/de\/tipps-fuer-deine-standaktion\/\",\"url\":\"https:\/\/www.pandaclub.ch\/de\/tipps-fuer-deine-standaktion\/\",\"name\":\"Conseils pour ton stand de vente - WWF - Panda Club\",\"isPartOf\":{\"@id\":\"https:\/\/www.pandaclub.ch\/de\/#website\"},\"datePublished\":\"2019-11-01T13:05:12+00:00\",\"dateModified\":\"2023-12-04T13:51:23+00:00\",\"description\":\"De nombreux enfants ont d\u00e9j\u00e0 organis\u00e9 un stand de vente et ont de conseils. N\u2019h\u00e9site pas \u00e0 suivre leur exemple!\",\"breadcrumb\":{\"@id\":\"https:\/\/www.pandaclub.ch\/de\/tipps-fuer-deine-standaktion\/#breadcrumb\"},\"inLanguage\":\"fr-FR\",\"potentialAction\":[{\"@type\":\"ReadAction\",\"target\":[\"https:\/\/www.pandaclub.ch\/de\/tipps-fuer-deine-standaktion\/\"]}]},{\"@type\":\"BreadcrumbList\",\"@id\":\"https:\/\/www.pandaclub.ch\/de\/tipps-fuer-deine-standaktion\/#breadcrumb\",\"itemListElement\":[{\"@type\":\"ListItem\",\"position\":1,\"name\":\"Home\",\"item\":\"https:\/\/www.pandaclub.ch\/fr\/\"},{\"@type\":\"ListItem\",\"position\":2,\"name\":\"Conseils pour ton stand de vente\"}]},{\"@type\":\"WebSite\",\"@id\":\"https:\/\/www.pandaclub.ch\/de\/#website\",\"url\":\"https:\/\/www.pandaclub.ch\/de\/\",\"name\":\"WWF - Panda Club\",\"description\":\"Die Kinderwebseite des WWF Schweiz\",\"potentialAction\":[{\"@type\":\"SearchAction\",\"target\":{\"@type\":\"EntryPoint\",\"urlTemplate\":\"https:\/\/www.pandaclub.ch\/de\/?s={search_term_string}\"},\"query-input\":{\"@type\":\"PropertyValueSpecification\",\"valueRequired\":true,\"valueName\":\"search_term_string\"}}],\"inLanguage\":\"fr-FR\"}]}<\/script>\n<!-- \/ Yoast SEO plugin. -->","yoast_head_json":{"title":"Conseils pour ton stand de vente - WWF - Panda Club","description":"De nombreux enfants ont d\u00e9j\u00e0 organis\u00e9 un stand de vente et ont de conseils. N\u2019h\u00e9site pas \u00e0 suivre leur exemple!","robots":{"index":"index","follow":"follow","max-snippet":"max-snippet:-1","max-image-preview":"max-image-preview:large","max-video-preview":"max-video-preview:-1"},"canonical":"https:\/\/www.pandaclub.ch\/de\/tipps-fuer-deine-standaktion\/","og_locale":"fr_FR","og_type":"article","og_title":"Conseils pour ton stand de vente - WWF - Panda Club","og_description":"De nombreux enfants ont d\u00e9j\u00e0 organis\u00e9 un stand de vente et ont de conseils. N\u2019h\u00e9site pas \u00e0 suivre leur exemple!","og_url":"https:\/\/www.pandaclub.ch\/de\/tipps-fuer-deine-standaktion\/","og_site_name":"WWF - Panda Club","article_modified_time":"2023-12-04T13:51:23+00:00","twitter_card":"summary_large_image","schema":{"@context":"https:\/\/schema.org","@graph":[{"@type":"WebPage","@id":"https:\/\/www.pandaclub.ch\/de\/tipps-fuer-deine-standaktion\/","url":"https:\/\/www.pandaclub.ch\/de\/tipps-fuer-deine-standaktion\/","name":"Conseils pour ton stand de vente - WWF - Panda Club","isPartOf":{"@id":"https:\/\/www.pandaclub.ch\/de\/#website"},"datePublished":"2019-11-01T13:05:12+00:00","dateModified":"2023-12-04T13:51:23+00:00","description":"De nombreux enfants ont d\u00e9j\u00e0 organis\u00e9 un stand de vente et ont de conseils. N\u2019h\u00e9site pas \u00e0 suivre leur exemple!","breadcrumb":{"@id":"https:\/\/www.pandaclub.ch\/de\/tipps-fuer-deine-standaktion\/#breadcrumb"},"inLanguage":"fr-FR","potentialAction":[{"@type":"ReadAction","target":["https:\/\/www.pandaclub.ch\/de\/tipps-fuer-deine-standaktion\/"]}]},{"@type":"BreadcrumbList","@id":"https:\/\/www.pandaclub.ch\/de\/tipps-fuer-deine-standaktion\/#breadcrumb","itemListElement":[{"@type":"ListItem","position":1,"name":"Home","item":"https:\/\/www.pandaclub.ch\/fr\/"},{"@type":"ListItem","position":2,"name":"Conseils pour ton stand de vente"}]},{"@type":"WebSite","@id":"https:\/\/www.pandaclub.ch\/de\/#website","url":"https:\/\/www.pandaclub.ch\/de\/","name":"WWF - Panda Club","description":"Die Kinderwebseite des WWF Schweiz","potentialAction":[{"@type":"SearchAction","target":{"@type":"EntryPoint","urlTemplate":"https:\/\/www.pandaclub.ch\/de\/?s={search_term_string}"},"query-input":{"@type":"PropertyValueSpecification","valueRequired":true,"valueName":"search_term_string"}}],"inLanguage":"fr-FR"}]}},"_links":{"self":[{"href":"https:\/\/www.pandaclub.ch\/fr\/wp-json\/wp\/v2\/pages\/12622","targetHints":{"allow":["GET"]}}],"collection":[{"href":"https:\/\/www.pandaclub.ch\/fr\/wp-json\/wp\/v2\/pages"}],"about":[{"href":"https:\/\/www.pandaclub.ch\/fr\/wp-json\/wp\/v2\/types\/page"}],"author":[{"embeddable":true,"href":"https:\/\/www.pandaclub.ch\/fr\/wp-json\/wp\/v2\/users\/37"}],"replies":[{"embeddable":true,"href":"https:\/\/www.pandaclub.ch\/fr\/wp-json\/wp\/v2\/comments?post=12622"}],"version-history":[{"count":4,"href":"https:\/\/www.pandaclub.ch\/fr\/wp-json\/wp\/v2\/pages\/12622\/revisions"}],"predecessor-version":[{"id":84248,"href":"https:\/\/www.pandaclub.ch\/fr\/wp-json\/wp\/v2\/pages\/12622\/revisions\/84248"}],"wp:attachment":[{"href":"https:\/\/www.pandaclub.ch\/fr\/wp-json\/wp\/v2\/media?parent=12622"}],"curies":[{"name":"wp","href":"https:\/\/api.w.org\/{rel}","templated":true}]}}