{"id":12118,"date":"2019-09-18T10:22:31","date_gmt":"2019-09-18T08:22:31","guid":{"rendered":"https:\/\/www.pandaclub.ch\/?page_id=12118"},"modified":"2021-10-26T11:40:30","modified_gmt":"2021-10-26T09:40:30","slug":"pandathlon","status":"publish","type":"page","link":"https:\/\/www.pandaclub.ch\/fr\/a-toi-de-jouer\/pandathlon\/","title":{"rendered":"Pandathlon"},"content":{"rendered":"","protected":false},"excerpt":{"rendered":"","protected":false},"author":7,"featured_media":0,"parent":3993,"menu_order":499,"comment_status":"closed","ping_status":"closed","template":"","meta":{"_acf_changed":false,"footnotes":""},"class_list":["post-12118","page","type-page","status-publish","hentry"],"acf":[],"yoast_head":"<!-- This site is optimized with the Yoast SEO plugin v27.2 - https:\/\/yoast.com\/product\/yoast-seo-wordpress\/ -->\n<title>Pandathlon - WWF - Panda Club<\/title>\n<meta name=\"description\" content=\"Bewegst du dich gerne, und m\u00f6chtest du Tieren helfen? Melde dich f\u00fcr einen WWF-Lauf an, oder organisiere einen Lauf f\u00fcr bedrohte Tiere an deiner Schule.\" \/>\n<meta name=\"robots\" content=\"index, follow, max-snippet:-1, max-image-preview:large, max-video-preview:-1\" \/>\n<link rel=\"canonical\" href=\"https:\/\/www.pandaclub.ch\/de\/helfen\/wwf-laeufe\/\" \/>\n<meta property=\"og:locale\" content=\"fr_FR\" \/>\n<meta property=\"og:type\" content=\"article\" \/>\n<meta property=\"og:title\" content=\"Pandathlon - WWF - Panda Club\" \/>\n<meta property=\"og:description\" content=\"Bewegst du dich gerne, und m\u00f6chtest du Tieren helfen? Melde dich f\u00fcr einen WWF-Lauf an, oder organisiere einen Lauf f\u00fcr bedrohte Tiere an deiner Schule.\" \/>\n<meta property=\"og:url\" content=\"https:\/\/www.pandaclub.ch\/de\/helfen\/wwf-laeufe\/\" \/>\n<meta property=\"og:site_name\" content=\"WWF - Panda Club\" \/>\n<meta property=\"article:modified_time\" content=\"2021-10-26T09:40:30+00:00\" \/>\n<meta name=\"twitter:card\" content=\"summary_large_image\" \/>\n<script type=\"application\/ld+json\" class=\"yoast-schema-graph\">{\"@context\":\"https:\/\/schema.org\",\"@graph\":[{\"@type\":\"WebPage\",\"@id\":\"https:\/\/www.pandaclub.ch\/de\/helfen\/wwf-laeufe\/\",\"url\":\"https:\/\/www.pandaclub.ch\/de\/helfen\/wwf-laeufe\/\",\"name\":\"Pandathlon - WWF - Panda Club\",\"isPartOf\":{\"@id\":\"https:\/\/www.pandaclub.ch\/de\/#website\"},\"datePublished\":\"2019-09-18T08:22:31+00:00\",\"dateModified\":\"2021-10-26T09:40:30+00:00\",\"description\":\"Bewegst du dich gerne, und m\u00f6chtest du Tieren helfen? Melde dich f\u00fcr einen WWF-Lauf an, oder organisiere einen Lauf f\u00fcr bedrohte Tiere an deiner Schule.\",\"breadcrumb\":{\"@id\":\"https:\/\/www.pandaclub.ch\/de\/helfen\/wwf-laeufe\/#breadcrumb\"},\"inLanguage\":\"fr-FR\",\"potentialAction\":[{\"@type\":\"ReadAction\",\"target\":[\"https:\/\/www.pandaclub.ch\/de\/helfen\/wwf-laeufe\/\"]}]},{\"@type\":\"BreadcrumbList\",\"@id\":\"https:\/\/www.pandaclub.ch\/de\/helfen\/wwf-laeufe\/#breadcrumb\",\"itemListElement\":[{\"@type\":\"ListItem\",\"position\":1,\"name\":\"Home\",\"item\":\"https:\/\/www.pandaclub.ch\/fr\/\"},{\"@type\":\"ListItem\",\"position\":2,\"name\":\"A toi de jouer\",\"item\":\"https:\/\/www.pandaclub.ch\/fr\/a-toi-de-jouer\/\"},{\"@type\":\"ListItem\",\"position\":3,\"name\":\"Pandathlon\"}]},{\"@type\":\"WebSite\",\"@id\":\"https:\/\/www.pandaclub.ch\/de\/#website\",\"url\":\"https:\/\/www.pandaclub.ch\/de\/\",\"name\":\"WWF - Panda Club\",\"description\":\"Die Kinderwebseite des WWF Schweiz\",\"potentialAction\":[{\"@type\":\"SearchAction\",\"target\":{\"@type\":\"EntryPoint\",\"urlTemplate\":\"https:\/\/www.pandaclub.ch\/de\/?s={search_term_string}\"},\"query-input\":{\"@type\":\"PropertyValueSpecification\",\"valueRequired\":true,\"valueName\":\"search_term_string\"}}],\"inLanguage\":\"fr-FR\"}]}<\/script>\n<!-- \/ Yoast SEO plugin. -->","yoast_head_json":{"title":"Pandathlon - WWF - Panda Club","description":"Bewegst du dich gerne, und m\u00f6chtest du Tieren helfen? Melde dich f\u00fcr einen WWF-Lauf an, oder organisiere einen Lauf f\u00fcr bedrohte Tiere an deiner Schule.","robots":{"index":"index","follow":"follow","max-snippet":"max-snippet:-1","max-image-preview":"max-image-preview:large","max-video-preview":"max-video-preview:-1"},"canonical":"https:\/\/www.pandaclub.ch\/de\/helfen\/wwf-laeufe\/","og_locale":"fr_FR","og_type":"article","og_title":"Pandathlon - WWF - Panda Club","og_description":"Bewegst du dich gerne, und m\u00f6chtest du Tieren helfen? Melde dich f\u00fcr einen WWF-Lauf an, oder organisiere einen Lauf f\u00fcr bedrohte Tiere an deiner Schule.","og_url":"https:\/\/www.pandaclub.ch\/de\/helfen\/wwf-laeufe\/","og_site_name":"WWF - Panda Club","article_modified_time":"2021-10-26T09:40:30+00:00","twitter_card":"summary_large_image","schema":{"@context":"https:\/\/schema.org","@graph":[{"@type":"WebPage","@id":"https:\/\/www.pandaclub.ch\/de\/helfen\/wwf-laeufe\/","url":"https:\/\/www.pandaclub.ch\/de\/helfen\/wwf-laeufe\/","name":"Pandathlon - WWF - Panda Club","isPartOf":{"@id":"https:\/\/www.pandaclub.ch\/de\/#website"},"datePublished":"2019-09-18T08:22:31+00:00","dateModified":"2021-10-26T09:40:30+00:00","description":"Bewegst du dich gerne, und m\u00f6chtest du Tieren helfen? Melde dich f\u00fcr einen WWF-Lauf an, oder organisiere einen Lauf f\u00fcr bedrohte Tiere an deiner Schule.","breadcrumb":{"@id":"https:\/\/www.pandaclub.ch\/de\/helfen\/wwf-laeufe\/#breadcrumb"},"inLanguage":"fr-FR","potentialAction":[{"@type":"ReadAction","target":["https:\/\/www.pandaclub.ch\/de\/helfen\/wwf-laeufe\/"]}]},{"@type":"BreadcrumbList","@id":"https:\/\/www.pandaclub.ch\/de\/helfen\/wwf-laeufe\/#breadcrumb","itemListElement":[{"@type":"ListItem","position":1,"name":"Home","item":"https:\/\/www.pandaclub.ch\/fr\/"},{"@type":"ListItem","position":2,"name":"A toi de jouer","item":"https:\/\/www.pandaclub.ch\/fr\/a-toi-de-jouer\/"},{"@type":"ListItem","position":3,"name":"Pandathlon"}]},{"@type":"WebSite","@id":"https:\/\/www.pandaclub.ch\/de\/#website","url":"https:\/\/www.pandaclub.ch\/de\/","name":"WWF - Panda Club","description":"Die Kinderwebseite des WWF Schweiz","potentialAction":[{"@type":"SearchAction","target":{"@type":"EntryPoint","urlTemplate":"https:\/\/www.pandaclub.ch\/de\/?s={search_term_string}"},"query-input":{"@type":"PropertyValueSpecification","valueRequired":true,"valueName":"search_term_string"}}],"inLanguage":"fr-FR"}]}},"_links":{"self":[{"href":"https:\/\/www.pandaclub.ch\/fr\/wp-json\/wp\/v2\/pages\/12118","targetHints":{"allow":["GET"]}}],"collection":[{"href":"https:\/\/www.pandaclub.ch\/fr\/wp-json\/wp\/v2\/pages"}],"about":[{"href":"https:\/\/www.pandaclub.ch\/fr\/wp-json\/wp\/v2\/types\/page"}],"author":[{"embeddable":true,"href":"https:\/\/www.pandaclub.ch\/fr\/wp-json\/wp\/v2\/users\/7"}],"replies":[{"embeddable":true,"href":"https:\/\/www.pandaclub.ch\/fr\/wp-json\/wp\/v2\/comments?post=12118"}],"version-history":[{"count":8,"href":"https:\/\/www.pandaclub.ch\/fr\/wp-json\/wp\/v2\/pages\/12118\/revisions"}],"predecessor-version":[{"id":52772,"href":"https:\/\/www.pandaclub.ch\/fr\/wp-json\/wp\/v2\/pages\/12118\/revisions\/52772"}],"up":[{"embeddable":true,"href":"https:\/\/www.pandaclub.ch\/fr\/wp-json\/wp\/v2\/pages\/3993"}],"wp:attachment":[{"href":"https:\/\/www.pandaclub.ch\/fr\/wp-json\/wp\/v2\/media?parent=12118"}],"curies":[{"name":"wp","href":"https:\/\/api.w.org\/{rel}","templated":true}]}}