{"id":103287,"date":"2024-03-27T11:03:36","date_gmt":"2024-03-27T10:03:36","guid":{"rendered":"https:\/\/www.pandaclub.ch\/?page_id=103287"},"modified":"2024-03-26T19:55:10","modified_gmt":"2024-03-26T18:55:10","slug":"apprends-a-connaitre-tes-petits-voisins-sauvages","status":"publish","type":"page","link":"https:\/\/www.pandaclub.ch\/fr\/apprends-a-connaitre-tes-petits-voisins-sauvages\/","title":{"rendered":"Apprends \u00e0 conna\u00eetre tes petits voisins sauvages"},"content":{"rendered":"","protected":false},"excerpt":{"rendered":"","protected":false},"author":4,"featured_media":0,"parent":0,"menu_order":159,"comment_status":"closed","ping_status":"closed","template":"","meta":{"_acf_changed":false,"footnotes":""},"class_list":["post-103287","page","type-page","status-publish","hentry"],"acf":[],"yoast_head":"<!-- This site is optimized with the Yoast SEO plugin v27.2 - https:\/\/yoast.com\/product\/yoast-seo-wordpress\/ -->\n<title>Tiere in Garten, Feld und Stadt - WWF - Panda Club<\/title>\n<meta name=\"description\" content=\"Quelques r\u00e9ponses aux questions sur l&#039;\u00e9cureuil, le h\u00e9risson, le bourdon et d&#039;autres animaux du jardin, des champs et de la ville. Une page du Panda Club WWF.\" \/>\n<meta name=\"robots\" content=\"index, follow, max-snippet:-1, max-image-preview:large, max-video-preview:-1\" \/>\n<link rel=\"canonical\" href=\"https:\/\/www.pandaclub.ch\/fr\/apprends-a-connaitre-tes-petits-voisins-sauvages\/\" \/>\n<meta name=\"twitter:card\" content=\"summary_large_image\" \/>\n<meta name=\"twitter:title\" content=\"Tiere in Garten, Feld und Stadt - WWF - Panda Club\" \/>\n<meta name=\"twitter:description\" content=\"Quelques r\u00e9ponses aux questions sur l&#039;\u00e9cureuil, le h\u00e9risson, le bourdon et d&#039;autres animaux du jardin, des champs et de la ville. Une page du Panda Club WWF.\" \/>\n<script type=\"application\/ld+json\" class=\"yoast-schema-graph\">{\"@context\":\"https:\/\/schema.org\",\"@graph\":[{\"@type\":\"WebPage\",\"@id\":\"https:\/\/www.pandaclub.ch\/fr\/apprends-a-connaitre-tes-petits-voisins-sauvages\/\",\"url\":\"https:\/\/www.pandaclub.ch\/fr\/apprends-a-connaitre-tes-petits-voisins-sauvages\/\",\"name\":\"Tiere in Garten, Feld und Stadt - WWF - Panda Club\",\"isPartOf\":{\"@id\":\"https:\/\/www.pandaclub.ch\/de\/#website\"},\"datePublished\":\"2024-03-27T10:03:36+00:00\",\"description\":\"Quelques r\u00e9ponses aux questions sur l'\u00e9cureuil, le h\u00e9risson, le bourdon et d'autres animaux du jardin, des champs et de la ville. Une page du Panda Club WWF.\",\"breadcrumb\":{\"@id\":\"https:\/\/www.pandaclub.ch\/fr\/apprends-a-connaitre-tes-petits-voisins-sauvages\/#breadcrumb\"},\"inLanguage\":\"fr-FR\",\"potentialAction\":[{\"@type\":\"ReadAction\",\"target\":[\"https:\/\/www.pandaclub.ch\/fr\/apprends-a-connaitre-tes-petits-voisins-sauvages\/\"]}]},{\"@type\":\"BreadcrumbList\",\"@id\":\"https:\/\/www.pandaclub.ch\/fr\/apprends-a-connaitre-tes-petits-voisins-sauvages\/#breadcrumb\",\"itemListElement\":[{\"@type\":\"ListItem\",\"position\":1,\"name\":\"Home\",\"item\":\"https:\/\/www.pandaclub.ch\/fr\/\"},{\"@type\":\"ListItem\",\"position\":2,\"name\":\"Apprends \u00e0 conna\u00eetre tes petits voisins sauvages\"}]},{\"@type\":\"WebSite\",\"@id\":\"https:\/\/www.pandaclub.ch\/de\/#website\",\"url\":\"https:\/\/www.pandaclub.ch\/de\/\",\"name\":\"WWF - Panda Club\",\"description\":\"Die Kinderwebseite des WWF Schweiz\",\"potentialAction\":[{\"@type\":\"SearchAction\",\"target\":{\"@type\":\"EntryPoint\",\"urlTemplate\":\"https:\/\/www.pandaclub.ch\/de\/?s={search_term_string}\"},\"query-input\":{\"@type\":\"PropertyValueSpecification\",\"valueRequired\":true,\"valueName\":\"search_term_string\"}}],\"inLanguage\":\"fr-FR\"}]}<\/script>\n<!-- \/ Yoast SEO plugin. -->","yoast_head_json":{"title":"Tiere in Garten, Feld und Stadt - WWF - Panda Club","description":"Quelques r\u00e9ponses aux questions sur l'\u00e9cureuil, le h\u00e9risson, le bourdon et d'autres animaux du jardin, des champs et de la ville. Une page du Panda Club WWF.","robots":{"index":"index","follow":"follow","max-snippet":"max-snippet:-1","max-image-preview":"max-image-preview:large","max-video-preview":"max-video-preview:-1"},"canonical":"https:\/\/www.pandaclub.ch\/fr\/apprends-a-connaitre-tes-petits-voisins-sauvages\/","twitter_card":"summary_large_image","twitter_title":"Tiere in Garten, Feld und Stadt - WWF - Panda Club","twitter_description":"Quelques r\u00e9ponses aux questions sur l'\u00e9cureuil, le h\u00e9risson, le bourdon et d'autres animaux du jardin, des champs et de la ville. Une page du Panda Club WWF.","schema":{"@context":"https:\/\/schema.org","@graph":[{"@type":"WebPage","@id":"https:\/\/www.pandaclub.ch\/fr\/apprends-a-connaitre-tes-petits-voisins-sauvages\/","url":"https:\/\/www.pandaclub.ch\/fr\/apprends-a-connaitre-tes-petits-voisins-sauvages\/","name":"Tiere in Garten, Feld und Stadt - WWF - Panda Club","isPartOf":{"@id":"https:\/\/www.pandaclub.ch\/de\/#website"},"datePublished":"2024-03-27T10:03:36+00:00","description":"Quelques r\u00e9ponses aux questions sur l'\u00e9cureuil, le h\u00e9risson, le bourdon et d'autres animaux du jardin, des champs et de la ville. Une page du Panda Club WWF.","breadcrumb":{"@id":"https:\/\/www.pandaclub.ch\/fr\/apprends-a-connaitre-tes-petits-voisins-sauvages\/#breadcrumb"},"inLanguage":"fr-FR","potentialAction":[{"@type":"ReadAction","target":["https:\/\/www.pandaclub.ch\/fr\/apprends-a-connaitre-tes-petits-voisins-sauvages\/"]}]},{"@type":"BreadcrumbList","@id":"https:\/\/www.pandaclub.ch\/fr\/apprends-a-connaitre-tes-petits-voisins-sauvages\/#breadcrumb","itemListElement":[{"@type":"ListItem","position":1,"name":"Home","item":"https:\/\/www.pandaclub.ch\/fr\/"},{"@type":"ListItem","position":2,"name":"Apprends \u00e0 conna\u00eetre tes petits voisins sauvages"}]},{"@type":"WebSite","@id":"https:\/\/www.pandaclub.ch\/de\/#website","url":"https:\/\/www.pandaclub.ch\/de\/","name":"WWF - Panda Club","description":"Die Kinderwebseite des WWF Schweiz","potentialAction":[{"@type":"SearchAction","target":{"@type":"EntryPoint","urlTemplate":"https:\/\/www.pandaclub.ch\/de\/?s={search_term_string}"},"query-input":{"@type":"PropertyValueSpecification","valueRequired":true,"valueName":"search_term_string"}}],"inLanguage":"fr-FR"}]}},"_links":{"self":[{"href":"https:\/\/www.pandaclub.ch\/fr\/wp-json\/wp\/v2\/pages\/103287","targetHints":{"allow":["GET"]}}],"collection":[{"href":"https:\/\/www.pandaclub.ch\/fr\/wp-json\/wp\/v2\/pages"}],"about":[{"href":"https:\/\/www.pandaclub.ch\/fr\/wp-json\/wp\/v2\/types\/page"}],"author":[{"embeddable":true,"href":"https:\/\/www.pandaclub.ch\/fr\/wp-json\/wp\/v2\/users\/4"}],"replies":[{"embeddable":true,"href":"https:\/\/www.pandaclub.ch\/fr\/wp-json\/wp\/v2\/comments?post=103287"}],"version-history":[{"count":5,"href":"https:\/\/www.pandaclub.ch\/fr\/wp-json\/wp\/v2\/pages\/103287\/revisions"}],"predecessor-version":[{"id":103393,"href":"https:\/\/www.pandaclub.ch\/fr\/wp-json\/wp\/v2\/pages\/103287\/revisions\/103393"}],"wp:attachment":[{"href":"https:\/\/www.pandaclub.ch\/fr\/wp-json\/wp\/v2\/media?parent=103287"}],"curies":[{"name":"wp","href":"https:\/\/api.w.org\/{rel}","templated":true}]}}