{"id":103265,"date":"2024-04-02T11:21:54","date_gmt":"2024-04-02T09:21:54","guid":{"rendered":"https:\/\/www.pandaclub.ch\/?page_id=103265"},"modified":"2024-03-26T13:34:37","modified_gmt":"2024-03-26T12:34:37","slug":"soupe-d-orties","status":"publish","type":"page","link":"https:\/\/www.pandaclub.ch\/fr\/soupe-d-orties\/","title":{"rendered":"Soupe d&rsquo;orties"},"content":{"rendered":"","protected":false},"excerpt":{"rendered":"","protected":false},"author":8,"featured_media":0,"parent":0,"menu_order":156,"comment_status":"closed","ping_status":"closed","template":"","meta":{"_acf_changed":false,"footnotes":""},"class_list":["post-103265","page","type-page","status-publish","hentry"],"acf":[],"yoast_head":"<!-- This site is optimized with the Yoast SEO plugin v27.2 - https:\/\/yoast.com\/product\/yoast-seo-wordpress\/ -->\n<title>Soupe d&#039;orties - WWF - Panda Club<\/title>\n<meta name=\"description\" content=\"Les orties se trouvent dans de nombreux endroits pr\u00e8s de chez toi. Apr\u00e8s les avoir ramass\u00e9es, apporte-les \u00e0 la cuisine et transforme-les en d\u00e9licieuses recettes. Une id\u00e9e de recettes du Panda Club WWF.\" \/>\n<meta name=\"robots\" content=\"index, follow, max-snippet:-1, max-image-preview:large, max-video-preview:-1\" \/>\n<link rel=\"canonical\" href=\"https:\/\/www.pandaclub.ch\/fr\/soupe-d-orties\/\" \/>\n<meta property=\"og:locale\" content=\"fr_FR\" \/>\n<meta property=\"og:type\" content=\"article\" \/>\n<meta property=\"og:title\" content=\"Soupe d&#039;orties - WWF - Panda Club\" \/>\n<meta property=\"og:description\" content=\"Les orties se trouvent dans de nombreux endroits pr\u00e8s de chez toi. Apr\u00e8s les avoir ramass\u00e9es, apporte-les \u00e0 la cuisine et transforme-les en d\u00e9licieuses recettes. Une id\u00e9e de recettes du Panda Club WWF.\" \/>\n<meta property=\"og:url\" content=\"https:\/\/www.pandaclub.ch\/fr\/soupe-d-orties\/\" \/>\n<meta property=\"og:site_name\" content=\"WWF - Panda Club\" \/>\n<meta name=\"twitter:card\" content=\"summary_large_image\" \/>\n<script type=\"application\/ld+json\" class=\"yoast-schema-graph\">{\"@context\":\"https:\/\/schema.org\",\"@graph\":[{\"@type\":\"WebPage\",\"@id\":\"https:\/\/www.pandaclub.ch\/fr\/soupe-d-orties\/\",\"url\":\"https:\/\/www.pandaclub.ch\/fr\/soupe-d-orties\/\",\"name\":\"Soupe d'orties - WWF - Panda Club\",\"isPartOf\":{\"@id\":\"https:\/\/www.pandaclub.ch\/de\/#website\"},\"datePublished\":\"2024-04-02T09:21:54+00:00\",\"description\":\"Les orties se trouvent dans de nombreux endroits pr\u00e8s de chez toi. Apr\u00e8s les avoir ramass\u00e9es, apporte-les \u00e0 la cuisine et transforme-les en d\u00e9licieuses recettes. Une id\u00e9e de recettes du Panda Club WWF.\",\"breadcrumb\":{\"@id\":\"https:\/\/www.pandaclub.ch\/fr\/soupe-d-orties\/#breadcrumb\"},\"inLanguage\":\"fr-FR\",\"potentialAction\":[{\"@type\":\"ReadAction\",\"target\":[\"https:\/\/www.pandaclub.ch\/fr\/soupe-d-orties\/\"]}]},{\"@type\":\"BreadcrumbList\",\"@id\":\"https:\/\/www.pandaclub.ch\/fr\/soupe-d-orties\/#breadcrumb\",\"itemListElement\":[{\"@type\":\"ListItem\",\"position\":1,\"name\":\"Home\",\"item\":\"https:\/\/www.pandaclub.ch\/fr\/\"},{\"@type\":\"ListItem\",\"position\":2,\"name\":\"Soupe d&rsquo;orties\"}]},{\"@type\":\"WebSite\",\"@id\":\"https:\/\/www.pandaclub.ch\/de\/#website\",\"url\":\"https:\/\/www.pandaclub.ch\/de\/\",\"name\":\"WWF - Panda Club\",\"description\":\"Die Kinderwebseite des WWF Schweiz\",\"potentialAction\":[{\"@type\":\"SearchAction\",\"target\":{\"@type\":\"EntryPoint\",\"urlTemplate\":\"https:\/\/www.pandaclub.ch\/de\/?s={search_term_string}\"},\"query-input\":{\"@type\":\"PropertyValueSpecification\",\"valueRequired\":true,\"valueName\":\"search_term_string\"}}],\"inLanguage\":\"fr-FR\"}]}<\/script>\n<!-- \/ Yoast SEO plugin. -->","yoast_head_json":{"title":"Soupe d'orties - WWF - Panda Club","description":"Les orties se trouvent dans de nombreux endroits pr\u00e8s de chez toi. Apr\u00e8s les avoir ramass\u00e9es, apporte-les \u00e0 la cuisine et transforme-les en d\u00e9licieuses recettes. Une id\u00e9e de recettes du Panda Club WWF.","robots":{"index":"index","follow":"follow","max-snippet":"max-snippet:-1","max-image-preview":"max-image-preview:large","max-video-preview":"max-video-preview:-1"},"canonical":"https:\/\/www.pandaclub.ch\/fr\/soupe-d-orties\/","og_locale":"fr_FR","og_type":"article","og_title":"Soupe d'orties - WWF - Panda Club","og_description":"Les orties se trouvent dans de nombreux endroits pr\u00e8s de chez toi. Apr\u00e8s les avoir ramass\u00e9es, apporte-les \u00e0 la cuisine et transforme-les en d\u00e9licieuses recettes. Une id\u00e9e de recettes du Panda Club WWF.","og_url":"https:\/\/www.pandaclub.ch\/fr\/soupe-d-orties\/","og_site_name":"WWF - Panda Club","twitter_card":"summary_large_image","schema":{"@context":"https:\/\/schema.org","@graph":[{"@type":"WebPage","@id":"https:\/\/www.pandaclub.ch\/fr\/soupe-d-orties\/","url":"https:\/\/www.pandaclub.ch\/fr\/soupe-d-orties\/","name":"Soupe d'orties - WWF - Panda Club","isPartOf":{"@id":"https:\/\/www.pandaclub.ch\/de\/#website"},"datePublished":"2024-04-02T09:21:54+00:00","description":"Les orties se trouvent dans de nombreux endroits pr\u00e8s de chez toi. Apr\u00e8s les avoir ramass\u00e9es, apporte-les \u00e0 la cuisine et transforme-les en d\u00e9licieuses recettes. Une id\u00e9e de recettes du Panda Club WWF.","breadcrumb":{"@id":"https:\/\/www.pandaclub.ch\/fr\/soupe-d-orties\/#breadcrumb"},"inLanguage":"fr-FR","potentialAction":[{"@type":"ReadAction","target":["https:\/\/www.pandaclub.ch\/fr\/soupe-d-orties\/"]}]},{"@type":"BreadcrumbList","@id":"https:\/\/www.pandaclub.ch\/fr\/soupe-d-orties\/#breadcrumb","itemListElement":[{"@type":"ListItem","position":1,"name":"Home","item":"https:\/\/www.pandaclub.ch\/fr\/"},{"@type":"ListItem","position":2,"name":"Soupe d&rsquo;orties"}]},{"@type":"WebSite","@id":"https:\/\/www.pandaclub.ch\/de\/#website","url":"https:\/\/www.pandaclub.ch\/de\/","name":"WWF - Panda Club","description":"Die Kinderwebseite des WWF Schweiz","potentialAction":[{"@type":"SearchAction","target":{"@type":"EntryPoint","urlTemplate":"https:\/\/www.pandaclub.ch\/de\/?s={search_term_string}"},"query-input":{"@type":"PropertyValueSpecification","valueRequired":true,"valueName":"search_term_string"}}],"inLanguage":"fr-FR"}]}},"_links":{"self":[{"href":"https:\/\/www.pandaclub.ch\/fr\/wp-json\/wp\/v2\/pages\/103265","targetHints":{"allow":["GET"]}}],"collection":[{"href":"https:\/\/www.pandaclub.ch\/fr\/wp-json\/wp\/v2\/pages"}],"about":[{"href":"https:\/\/www.pandaclub.ch\/fr\/wp-json\/wp\/v2\/types\/page"}],"author":[{"embeddable":true,"href":"https:\/\/www.pandaclub.ch\/fr\/wp-json\/wp\/v2\/users\/8"}],"replies":[{"embeddable":true,"href":"https:\/\/www.pandaclub.ch\/fr\/wp-json\/wp\/v2\/comments?post=103265"}],"version-history":[{"count":2,"href":"https:\/\/www.pandaclub.ch\/fr\/wp-json\/wp\/v2\/pages\/103265\/revisions"}],"predecessor-version":[{"id":103285,"href":"https:\/\/www.pandaclub.ch\/fr\/wp-json\/wp\/v2\/pages\/103265\/revisions\/103285"}],"wp:attachment":[{"href":"https:\/\/www.pandaclub.ch\/fr\/wp-json\/wp\/v2\/media?parent=103265"}],"curies":[{"name":"wp","href":"https:\/\/api.w.org\/{rel}","templated":true}]}}