{"id":103227,"date":"2024-03-27T10:42:13","date_gmt":"2024-03-27T09:42:13","guid":{"rendered":"https:\/\/www.pandaclub.ch\/?page_id=103227"},"modified":"2024-03-26T12:46:01","modified_gmt":"2024-03-26T11:46:01","slug":"des-fleurs-sechees-pour-ton-herbier","status":"publish","type":"page","link":"https:\/\/www.pandaclub.ch\/fr\/des-fleurs-sechees-pour-ton-herbier\/","title":{"rendered":"Des fleurs s\u00e9ch\u00e9es pour ton herbier"},"content":{"rendered":"","protected":false},"excerpt":{"rendered":"","protected":false},"author":4,"featured_media":0,"parent":0,"menu_order":162,"comment_status":"closed","ping_status":"closed","template":"","meta":{"_acf_changed":false,"footnotes":""},"class_list":["post-103227","page","type-page","status-publish","hentry"],"acf":[],"yoast_head":"<!-- This site is optimized with the Yoast SEO plugin v27.2 - https:\/\/yoast.com\/product\/yoast-seo-wordpress\/ -->\n<title>des-fleurs-s\u00e9ch\u00e9es-pour-ton-herbier - WWF - Panda Club<\/title>\n<meta name=\"description\" content=\"Cueille des fleurs et presse-les entre des livres. Une id\u00e9e du Panda Club WWF.\" \/>\n<meta name=\"robots\" content=\"index, follow, max-snippet:-1, max-image-preview:large, max-video-preview:-1\" \/>\n<link rel=\"canonical\" href=\"https:\/\/www.pandaclub.ch\/fr\/des-fleurs-sechees-pour-ton-herbier\/\" \/>\n<meta name=\"twitter:card\" content=\"summary_large_image\" \/>\n<meta name=\"twitter:title\" content=\"des-fleurs-s\u00e9ch\u00e9es-pour-ton-herbier - WWF - Panda Club\" \/>\n<meta name=\"twitter:description\" content=\"Cueille des fleurs et presse-les entre des livres. Une id\u00e9e du Panda Club WWF.\" \/>\n<script type=\"application\/ld+json\" class=\"yoast-schema-graph\">{\"@context\":\"https:\/\/schema.org\",\"@graph\":[{\"@type\":\"WebPage\",\"@id\":\"https:\/\/www.pandaclub.ch\/fr\/des-fleurs-sechees-pour-ton-herbier\/\",\"url\":\"https:\/\/www.pandaclub.ch\/fr\/des-fleurs-sechees-pour-ton-herbier\/\",\"name\":\"des-fleurs-s\u00e9ch\u00e9es-pour-ton-herbier - WWF - Panda Club\",\"isPartOf\":{\"@id\":\"https:\/\/www.pandaclub.ch\/de\/#website\"},\"datePublished\":\"2024-03-27T09:42:13+00:00\",\"description\":\"Cueille des fleurs et presse-les entre des livres. Une id\u00e9e du Panda Club WWF.\",\"breadcrumb\":{\"@id\":\"https:\/\/www.pandaclub.ch\/fr\/des-fleurs-sechees-pour-ton-herbier\/#breadcrumb\"},\"inLanguage\":\"fr-FR\",\"potentialAction\":[{\"@type\":\"ReadAction\",\"target\":[\"https:\/\/www.pandaclub.ch\/fr\/des-fleurs-sechees-pour-ton-herbier\/\"]}]},{\"@type\":\"BreadcrumbList\",\"@id\":\"https:\/\/www.pandaclub.ch\/fr\/des-fleurs-sechees-pour-ton-herbier\/#breadcrumb\",\"itemListElement\":[{\"@type\":\"ListItem\",\"position\":1,\"name\":\"Home\",\"item\":\"https:\/\/www.pandaclub.ch\/fr\/\"},{\"@type\":\"ListItem\",\"position\":2,\"name\":\"Des fleurs s\u00e9ch\u00e9es pour ton herbier\"}]},{\"@type\":\"WebSite\",\"@id\":\"https:\/\/www.pandaclub.ch\/de\/#website\",\"url\":\"https:\/\/www.pandaclub.ch\/de\/\",\"name\":\"WWF - Panda Club\",\"description\":\"Die Kinderwebseite des WWF Schweiz\",\"potentialAction\":[{\"@type\":\"SearchAction\",\"target\":{\"@type\":\"EntryPoint\",\"urlTemplate\":\"https:\/\/www.pandaclub.ch\/de\/?s={search_term_string}\"},\"query-input\":{\"@type\":\"PropertyValueSpecification\",\"valueRequired\":true,\"valueName\":\"search_term_string\"}}],\"inLanguage\":\"fr-FR\"}]}<\/script>\n<!-- \/ Yoast SEO plugin. -->","yoast_head_json":{"title":"des-fleurs-s\u00e9ch\u00e9es-pour-ton-herbier - WWF - Panda Club","description":"Cueille des fleurs et presse-les entre des livres. Une id\u00e9e du Panda Club WWF.","robots":{"index":"index","follow":"follow","max-snippet":"max-snippet:-1","max-image-preview":"max-image-preview:large","max-video-preview":"max-video-preview:-1"},"canonical":"https:\/\/www.pandaclub.ch\/fr\/des-fleurs-sechees-pour-ton-herbier\/","twitter_card":"summary_large_image","twitter_title":"des-fleurs-s\u00e9ch\u00e9es-pour-ton-herbier - WWF - Panda Club","twitter_description":"Cueille des fleurs et presse-les entre des livres. Une id\u00e9e du Panda Club WWF.","schema":{"@context":"https:\/\/schema.org","@graph":[{"@type":"WebPage","@id":"https:\/\/www.pandaclub.ch\/fr\/des-fleurs-sechees-pour-ton-herbier\/","url":"https:\/\/www.pandaclub.ch\/fr\/des-fleurs-sechees-pour-ton-herbier\/","name":"des-fleurs-s\u00e9ch\u00e9es-pour-ton-herbier - WWF - Panda Club","isPartOf":{"@id":"https:\/\/www.pandaclub.ch\/de\/#website"},"datePublished":"2024-03-27T09:42:13+00:00","description":"Cueille des fleurs et presse-les entre des livres. Une id\u00e9e du Panda Club WWF.","breadcrumb":{"@id":"https:\/\/www.pandaclub.ch\/fr\/des-fleurs-sechees-pour-ton-herbier\/#breadcrumb"},"inLanguage":"fr-FR","potentialAction":[{"@type":"ReadAction","target":["https:\/\/www.pandaclub.ch\/fr\/des-fleurs-sechees-pour-ton-herbier\/"]}]},{"@type":"BreadcrumbList","@id":"https:\/\/www.pandaclub.ch\/fr\/des-fleurs-sechees-pour-ton-herbier\/#breadcrumb","itemListElement":[{"@type":"ListItem","position":1,"name":"Home","item":"https:\/\/www.pandaclub.ch\/fr\/"},{"@type":"ListItem","position":2,"name":"Des fleurs s\u00e9ch\u00e9es pour ton herbier"}]},{"@type":"WebSite","@id":"https:\/\/www.pandaclub.ch\/de\/#website","url":"https:\/\/www.pandaclub.ch\/de\/","name":"WWF - Panda Club","description":"Die Kinderwebseite des WWF Schweiz","potentialAction":[{"@type":"SearchAction","target":{"@type":"EntryPoint","urlTemplate":"https:\/\/www.pandaclub.ch\/de\/?s={search_term_string}"},"query-input":{"@type":"PropertyValueSpecification","valueRequired":true,"valueName":"search_term_string"}}],"inLanguage":"fr-FR"}]}},"_links":{"self":[{"href":"https:\/\/www.pandaclub.ch\/fr\/wp-json\/wp\/v2\/pages\/103227","targetHints":{"allow":["GET"]}}],"collection":[{"href":"https:\/\/www.pandaclub.ch\/fr\/wp-json\/wp\/v2\/pages"}],"about":[{"href":"https:\/\/www.pandaclub.ch\/fr\/wp-json\/wp\/v2\/types\/page"}],"author":[{"embeddable":true,"href":"https:\/\/www.pandaclub.ch\/fr\/wp-json\/wp\/v2\/users\/4"}],"replies":[{"embeddable":true,"href":"https:\/\/www.pandaclub.ch\/fr\/wp-json\/wp\/v2\/comments?post=103227"}],"version-history":[{"count":5,"href":"https:\/\/www.pandaclub.ch\/fr\/wp-json\/wp\/v2\/pages\/103227\/revisions"}],"predecessor-version":[{"id":103254,"href":"https:\/\/www.pandaclub.ch\/fr\/wp-json\/wp\/v2\/pages\/103227\/revisions\/103254"}],"wp:attachment":[{"href":"https:\/\/www.pandaclub.ch\/fr\/wp-json\/wp\/v2\/media?parent=103227"}],"curies":[{"name":"wp","href":"https:\/\/api.w.org\/{rel}","templated":true}]}}