{"id":99191,"date":"2024-03-27T10:42:13","date_gmt":"2024-03-27T09:42:13","guid":{"rendered":"https:\/\/www.pandaclub.ch\/?page_id=99191"},"modified":"2026-03-05T11:57:14","modified_gmt":"2026-03-05T10:57:14","slug":"pflanzen-pressen","status":"publish","type":"page","link":"https:\/\/www.pandaclub.ch\/de\/pflanzen-pressen\/","title":{"rendered":"Pflanzen pressen"},"content":{"rendered":"","protected":false},"excerpt":{"rendered":"","protected":false},"author":4,"featured_media":0,"parent":0,"menu_order":159,"comment_status":"closed","ping_status":"closed","template":"","meta":{"_acf_changed":false,"footnotes":""},"class_list":["post-99191","page","type-page","status-publish","hentry"],"acf":[],"yoast_head":"<!-- This site is optimized with the Yoast SEO plugin v27.2 - https:\/\/yoast.com\/product\/yoast-seo-wordpress\/ -->\n<title>Pflanzen pressen f\u00fcrs Herbarium - WWF - Panda Club<\/title>\n<meta name=\"description\" content=\"Sammle Pflanzen und presse sie zwischen B\u00fcchern. Eine Idee f\u00fcr Kinder vom Panda Club des WWF.\" \/>\n<meta name=\"robots\" content=\"index, follow, max-snippet:-1, max-image-preview:large, max-video-preview:-1\" \/>\n<link rel=\"canonical\" href=\"https:\/\/www.pandaclub.ch\/de\/pflanzen-pressen\/\" \/>\n<meta name=\"twitter:card\" content=\"summary_large_image\" \/>\n<meta name=\"twitter:title\" content=\"Pflanzen pressen f\u00fcrs Herbarium - WWF - Panda Club\" \/>\n<meta name=\"twitter:description\" content=\"Sammle Pflanzen und presse sie zwischen B\u00fcchern. Eine Idee f\u00fcr Kinder vom Panda Club des WWF.\" \/>\n<script type=\"application\/ld+json\" class=\"yoast-schema-graph\">{\"@context\":\"https:\/\/schema.org\",\"@graph\":[{\"@type\":\"WebPage\",\"@id\":\"https:\/\/www.pandaclub.ch\/de\/pflanzen-pressen\/\",\"url\":\"https:\/\/www.pandaclub.ch\/de\/pflanzen-pressen\/\",\"name\":\"Pflanzen pressen f\u00fcrs Herbarium - WWF - Panda Club\",\"isPartOf\":{\"@id\":\"https:\/\/www.pandaclub.ch\/de\/#website\"},\"datePublished\":\"2024-03-27T09:42:13+00:00\",\"dateModified\":\"2026-03-05T10:57:14+00:00\",\"description\":\"Sammle Pflanzen und presse sie zwischen B\u00fcchern. Eine Idee f\u00fcr Kinder vom Panda Club des WWF.\",\"breadcrumb\":{\"@id\":\"https:\/\/www.pandaclub.ch\/de\/pflanzen-pressen\/#breadcrumb\"},\"inLanguage\":\"de\",\"potentialAction\":[{\"@type\":\"ReadAction\",\"target\":[\"https:\/\/www.pandaclub.ch\/de\/pflanzen-pressen\/\"]}]},{\"@type\":\"BreadcrumbList\",\"@id\":\"https:\/\/www.pandaclub.ch\/de\/pflanzen-pressen\/#breadcrumb\",\"itemListElement\":[{\"@type\":\"ListItem\",\"position\":1,\"name\":\"Home\",\"item\":\"https:\/\/www.pandaclub.ch\/de\/\"},{\"@type\":\"ListItem\",\"position\":2,\"name\":\"Pflanzen pressen\"}]},{\"@type\":\"WebSite\",\"@id\":\"https:\/\/www.pandaclub.ch\/de\/#website\",\"url\":\"https:\/\/www.pandaclub.ch\/de\/\",\"name\":\"WWF - Panda Club\",\"description\":\"Die Kinderwebseite des WWF Schweiz\",\"potentialAction\":[{\"@type\":\"SearchAction\",\"target\":{\"@type\":\"EntryPoint\",\"urlTemplate\":\"https:\/\/www.pandaclub.ch\/de\/?s={search_term_string}\"},\"query-input\":{\"@type\":\"PropertyValueSpecification\",\"valueRequired\":true,\"valueName\":\"search_term_string\"}}],\"inLanguage\":\"de\"}]}<\/script>\n<!-- \/ Yoast SEO plugin. -->","yoast_head_json":{"title":"Pflanzen pressen f\u00fcrs Herbarium - WWF - Panda Club","description":"Sammle Pflanzen und presse sie zwischen B\u00fcchern. Eine Idee f\u00fcr Kinder vom Panda Club des WWF.","robots":{"index":"index","follow":"follow","max-snippet":"max-snippet:-1","max-image-preview":"max-image-preview:large","max-video-preview":"max-video-preview:-1"},"canonical":"https:\/\/www.pandaclub.ch\/de\/pflanzen-pressen\/","twitter_card":"summary_large_image","twitter_title":"Pflanzen pressen f\u00fcrs Herbarium - WWF - Panda Club","twitter_description":"Sammle Pflanzen und presse sie zwischen B\u00fcchern. Eine Idee f\u00fcr Kinder vom Panda Club des WWF.","schema":{"@context":"https:\/\/schema.org","@graph":[{"@type":"WebPage","@id":"https:\/\/www.pandaclub.ch\/de\/pflanzen-pressen\/","url":"https:\/\/www.pandaclub.ch\/de\/pflanzen-pressen\/","name":"Pflanzen pressen f\u00fcrs Herbarium - WWF - Panda Club","isPartOf":{"@id":"https:\/\/www.pandaclub.ch\/de\/#website"},"datePublished":"2024-03-27T09:42:13+00:00","dateModified":"2026-03-05T10:57:14+00:00","description":"Sammle Pflanzen und presse sie zwischen B\u00fcchern. Eine Idee f\u00fcr Kinder vom Panda Club des WWF.","breadcrumb":{"@id":"https:\/\/www.pandaclub.ch\/de\/pflanzen-pressen\/#breadcrumb"},"inLanguage":"de","potentialAction":[{"@type":"ReadAction","target":["https:\/\/www.pandaclub.ch\/de\/pflanzen-pressen\/"]}]},{"@type":"BreadcrumbList","@id":"https:\/\/www.pandaclub.ch\/de\/pflanzen-pressen\/#breadcrumb","itemListElement":[{"@type":"ListItem","position":1,"name":"Home","item":"https:\/\/www.pandaclub.ch\/de\/"},{"@type":"ListItem","position":2,"name":"Pflanzen pressen"}]},{"@type":"WebSite","@id":"https:\/\/www.pandaclub.ch\/de\/#website","url":"https:\/\/www.pandaclub.ch\/de\/","name":"WWF - Panda Club","description":"Die Kinderwebseite des WWF Schweiz","potentialAction":[{"@type":"SearchAction","target":{"@type":"EntryPoint","urlTemplate":"https:\/\/www.pandaclub.ch\/de\/?s={search_term_string}"},"query-input":{"@type":"PropertyValueSpecification","valueRequired":true,"valueName":"search_term_string"}}],"inLanguage":"de"}]}},"_links":{"self":[{"href":"https:\/\/www.pandaclub.ch\/de\/wp-json\/wp\/v2\/pages\/99191","targetHints":{"allow":["GET"]}}],"collection":[{"href":"https:\/\/www.pandaclub.ch\/de\/wp-json\/wp\/v2\/pages"}],"about":[{"href":"https:\/\/www.pandaclub.ch\/de\/wp-json\/wp\/v2\/types\/page"}],"author":[{"embeddable":true,"href":"https:\/\/www.pandaclub.ch\/de\/wp-json\/wp\/v2\/users\/4"}],"replies":[{"embeddable":true,"href":"https:\/\/www.pandaclub.ch\/de\/wp-json\/wp\/v2\/comments?post=99191"}],"version-history":[{"count":5,"href":"https:\/\/www.pandaclub.ch\/de\/wp-json\/wp\/v2\/pages\/99191\/revisions"}],"predecessor-version":[{"id":139813,"href":"https:\/\/www.pandaclub.ch\/de\/wp-json\/wp\/v2\/pages\/99191\/revisions\/139813"}],"wp:attachment":[{"href":"https:\/\/www.pandaclub.ch\/de\/wp-json\/wp\/v2\/media?parent=99191"}],"curies":[{"name":"wp","href":"https:\/\/api.w.org\/{rel}","templated":true}]}}