{"id":9851,"date":"2019-09-18T10:22:31","date_gmt":"2019-09-18T08:22:31","guid":{"rendered":"https:\/\/www.pandaclub.ch\/?page_id=9851"},"modified":"2024-01-08T19:21:58","modified_gmt":"2024-01-08T18:21:58","slug":"wwf-laeufe","status":"publish","type":"page","link":"https:\/\/www.pandaclub.ch\/de\/helfen\/wwf-laeufe\/","title":{"rendered":"WWF-L\u00e4ufe"},"content":{"rendered":"","protected":false},"excerpt":{"rendered":"","protected":false},"author":4,"featured_media":0,"parent":368,"menu_order":495,"comment_status":"closed","ping_status":"closed","template":"","meta":{"_acf_changed":false,"footnotes":""},"class_list":["post-9851","page","type-page","status-publish","hentry","storypage-cat-permanent"],"acf":[],"yoast_head":"<!-- This site is optimized with the Yoast SEO plugin v27.2 - https:\/\/yoast.com\/product\/yoast-seo-wordpress\/ -->\n<title>WWF-L\u00e4ufe - WWF - Panda Club<\/title>\n<meta name=\"description\" content=\"Bewegst du dich gerne, und m\u00f6chtest du Tieren helfen? Melde dich f\u00fcr einen WWF-Lauf an, oder organisiere einen Lauf f\u00fcr bedrohte Tiere an deiner Schule.\" \/>\n<meta name=\"robots\" content=\"index, follow, max-snippet:-1, max-image-preview:large, max-video-preview:-1\" \/>\n<link rel=\"canonical\" href=\"https:\/\/www.pandaclub.ch\/de\/helfen\/wwf-laeufe\/\" \/>\n<meta name=\"twitter:card\" content=\"summary_large_image\" \/>\n<meta name=\"twitter:title\" content=\"WWF-L\u00e4ufe - WWF - Panda Club\" \/>\n<meta name=\"twitter:description\" content=\"Bewegst du dich gerne, und m\u00f6chtest du Tieren helfen? Melde dich f\u00fcr einen WWF-Lauf an, oder organisiere einen Lauf f\u00fcr bedrohte Tiere an deiner Schule.\" \/>\n<script type=\"application\/ld+json\" class=\"yoast-schema-graph\">{\"@context\":\"https:\/\/schema.org\",\"@graph\":[{\"@type\":\"WebPage\",\"@id\":\"https:\/\/www.pandaclub.ch\/de\/helfen\/wwf-laeufe\/\",\"url\":\"https:\/\/www.pandaclub.ch\/de\/helfen\/wwf-laeufe\/\",\"name\":\"WWF-L\u00e4ufe - WWF - Panda Club\",\"isPartOf\":{\"@id\":\"https:\/\/www.pandaclub.ch\/de\/#website\"},\"datePublished\":\"2019-09-18T08:22:31+00:00\",\"dateModified\":\"2024-01-08T18:21:58+00:00\",\"description\":\"Bewegst du dich gerne, und m\u00f6chtest du Tieren helfen? Melde dich f\u00fcr einen WWF-Lauf an, oder organisiere einen Lauf f\u00fcr bedrohte Tiere an deiner Schule.\",\"breadcrumb\":{\"@id\":\"https:\/\/www.pandaclub.ch\/de\/helfen\/wwf-laeufe\/#breadcrumb\"},\"inLanguage\":\"de\",\"potentialAction\":[{\"@type\":\"ReadAction\",\"target\":[\"https:\/\/www.pandaclub.ch\/de\/helfen\/wwf-laeufe\/\"]}]},{\"@type\":\"BreadcrumbList\",\"@id\":\"https:\/\/www.pandaclub.ch\/de\/helfen\/wwf-laeufe\/#breadcrumb\",\"itemListElement\":[{\"@type\":\"ListItem\",\"position\":1,\"name\":\"Home\",\"item\":\"https:\/\/www.pandaclub.ch\/de\/\"},{\"@type\":\"ListItem\",\"position\":2,\"name\":\"Helfen\",\"item\":\"https:\/\/www.pandaclub.ch\/de\/helfen\/\"},{\"@type\":\"ListItem\",\"position\":3,\"name\":\"WWF-L\u00e4ufe\"}]},{\"@type\":\"WebSite\",\"@id\":\"https:\/\/www.pandaclub.ch\/de\/#website\",\"url\":\"https:\/\/www.pandaclub.ch\/de\/\",\"name\":\"WWF - Panda Club\",\"description\":\"Die Kinderwebseite des WWF Schweiz\",\"potentialAction\":[{\"@type\":\"SearchAction\",\"target\":{\"@type\":\"EntryPoint\",\"urlTemplate\":\"https:\/\/www.pandaclub.ch\/de\/?s={search_term_string}\"},\"query-input\":{\"@type\":\"PropertyValueSpecification\",\"valueRequired\":true,\"valueName\":\"search_term_string\"}}],\"inLanguage\":\"de\"}]}<\/script>\n<!-- \/ Yoast SEO plugin. -->","yoast_head_json":{"title":"WWF-L\u00e4ufe - WWF - Panda Club","description":"Bewegst du dich gerne, und m\u00f6chtest du Tieren helfen? Melde dich f\u00fcr einen WWF-Lauf an, oder organisiere einen Lauf f\u00fcr bedrohte Tiere an deiner Schule.","robots":{"index":"index","follow":"follow","max-snippet":"max-snippet:-1","max-image-preview":"max-image-preview:large","max-video-preview":"max-video-preview:-1"},"canonical":"https:\/\/www.pandaclub.ch\/de\/helfen\/wwf-laeufe\/","twitter_card":"summary_large_image","twitter_title":"WWF-L\u00e4ufe - WWF - Panda Club","twitter_description":"Bewegst du dich gerne, und m\u00f6chtest du Tieren helfen? Melde dich f\u00fcr einen WWF-Lauf an, oder organisiere einen Lauf f\u00fcr bedrohte Tiere an deiner Schule.","schema":{"@context":"https:\/\/schema.org","@graph":[{"@type":"WebPage","@id":"https:\/\/www.pandaclub.ch\/de\/helfen\/wwf-laeufe\/","url":"https:\/\/www.pandaclub.ch\/de\/helfen\/wwf-laeufe\/","name":"WWF-L\u00e4ufe - WWF - Panda Club","isPartOf":{"@id":"https:\/\/www.pandaclub.ch\/de\/#website"},"datePublished":"2019-09-18T08:22:31+00:00","dateModified":"2024-01-08T18:21:58+00:00","description":"Bewegst du dich gerne, und m\u00f6chtest du Tieren helfen? Melde dich f\u00fcr einen WWF-Lauf an, oder organisiere einen Lauf f\u00fcr bedrohte Tiere an deiner Schule.","breadcrumb":{"@id":"https:\/\/www.pandaclub.ch\/de\/helfen\/wwf-laeufe\/#breadcrumb"},"inLanguage":"de","potentialAction":[{"@type":"ReadAction","target":["https:\/\/www.pandaclub.ch\/de\/helfen\/wwf-laeufe\/"]}]},{"@type":"BreadcrumbList","@id":"https:\/\/www.pandaclub.ch\/de\/helfen\/wwf-laeufe\/#breadcrumb","itemListElement":[{"@type":"ListItem","position":1,"name":"Home","item":"https:\/\/www.pandaclub.ch\/de\/"},{"@type":"ListItem","position":2,"name":"Helfen","item":"https:\/\/www.pandaclub.ch\/de\/helfen\/"},{"@type":"ListItem","position":3,"name":"WWF-L\u00e4ufe"}]},{"@type":"WebSite","@id":"https:\/\/www.pandaclub.ch\/de\/#website","url":"https:\/\/www.pandaclub.ch\/de\/","name":"WWF - Panda Club","description":"Die Kinderwebseite des WWF Schweiz","potentialAction":[{"@type":"SearchAction","target":{"@type":"EntryPoint","urlTemplate":"https:\/\/www.pandaclub.ch\/de\/?s={search_term_string}"},"query-input":{"@type":"PropertyValueSpecification","valueRequired":true,"valueName":"search_term_string"}}],"inLanguage":"de"}]}},"_links":{"self":[{"href":"https:\/\/www.pandaclub.ch\/de\/wp-json\/wp\/v2\/pages\/9851","targetHints":{"allow":["GET"]}}],"collection":[{"href":"https:\/\/www.pandaclub.ch\/de\/wp-json\/wp\/v2\/pages"}],"about":[{"href":"https:\/\/www.pandaclub.ch\/de\/wp-json\/wp\/v2\/types\/page"}],"author":[{"embeddable":true,"href":"https:\/\/www.pandaclub.ch\/de\/wp-json\/wp\/v2\/users\/4"}],"replies":[{"embeddable":true,"href":"https:\/\/www.pandaclub.ch\/de\/wp-json\/wp\/v2\/comments?post=9851"}],"version-history":[{"count":30,"href":"https:\/\/www.pandaclub.ch\/de\/wp-json\/wp\/v2\/pages\/9851\/revisions"}],"predecessor-version":[{"id":93923,"href":"https:\/\/www.pandaclub.ch\/de\/wp-json\/wp\/v2\/pages\/9851\/revisions\/93923"}],"up":[{"embeddable":true,"href":"https:\/\/www.pandaclub.ch\/de\/wp-json\/wp\/v2\/pages\/368"}],"wp:attachment":[{"href":"https:\/\/www.pandaclub.ch\/de\/wp-json\/wp\/v2\/media?parent=9851"}],"curies":[{"name":"wp","href":"https:\/\/api.w.org\/{rel}","templated":true}]}}