{"id":93785,"date":"2024-02-06T13:26:19","date_gmt":"2024-02-06T12:26:19","guid":{"rendered":"https:\/\/www.pandaclub.ch\/?page_id=93785"},"modified":"2024-02-06T13:26:19","modified_gmt":"2024-02-06T12:26:19","slug":"wilde-maehnen-praechtige-federn","status":"publish","type":"page","link":"https:\/\/www.pandaclub.ch\/de\/wilde-maehnen-praechtige-federn\/","title":{"rendered":"Wilde M\u00e4hnen, pr\u00e4chtige Federn"},"content":{"rendered":"","protected":false},"excerpt":{"rendered":"","protected":false},"author":4,"featured_media":0,"parent":0,"menu_order":194,"comment_status":"closed","ping_status":"closed","template":"","meta":{"_acf_changed":false,"footnotes":""},"class_list":["post-93785","page","type-page","status-publish","hentry"],"acf":[],"yoast_head":"<!-- This site is optimized with the Yoast SEO plugin v27.2 - https:\/\/yoast.com\/product\/yoast-seo-wordpress\/ -->\n<title>Wilde M\u00e4hnen, pr\u00e4chtige Federn - WWF - Panda Club<\/title>\n<meta name=\"description\" content=\"L\u00f6we, Liszt\u00e4ffchen, M\u00e4hnenwolf und Wiedehopf \u2013 manche Tiere haben auff\u00e4llige Federn oder Haare auf dem Kopf. Informationen f\u00fcr Kinder vom Panda Club des WWF Schweiz\" \/>\n<meta name=\"robots\" content=\"index, follow, max-snippet:-1, max-image-preview:large, max-video-preview:-1\" \/>\n<link rel=\"canonical\" href=\"https:\/\/www.pandaclub.ch\/de\/wilde-maehnen-praechtige-federn\/\" \/>\n<meta property=\"og:locale\" content=\"de_DE\" \/>\n<meta property=\"og:type\" content=\"article\" \/>\n<meta property=\"og:title\" content=\"Wilde M\u00e4hnen, pr\u00e4chtige Federn - WWF - Panda Club\" \/>\n<meta property=\"og:description\" content=\"L\u00f6we, Liszt\u00e4ffchen, M\u00e4hnenwolf und Wiedehopf \u2013 manche Tiere haben auff\u00e4llige Federn oder Haare auf dem Kopf. Informationen f\u00fcr Kinder vom Panda Club des WWF Schweiz\" \/>\n<meta property=\"og:url\" content=\"https:\/\/www.pandaclub.ch\/de\/wilde-maehnen-praechtige-federn\/\" \/>\n<meta property=\"og:site_name\" content=\"WWF - Panda Club\" \/>\n<meta name=\"twitter:card\" content=\"summary_large_image\" \/>\n<script type=\"application\/ld+json\" class=\"yoast-schema-graph\">{\"@context\":\"https:\/\/schema.org\",\"@graph\":[{\"@type\":\"WebPage\",\"@id\":\"https:\/\/www.pandaclub.ch\/de\/wilde-maehnen-praechtige-federn\/\",\"url\":\"https:\/\/www.pandaclub.ch\/de\/wilde-maehnen-praechtige-federn\/\",\"name\":\"Wilde M\u00e4hnen, pr\u00e4chtige Federn - WWF - Panda Club\",\"isPartOf\":{\"@id\":\"https:\/\/www.pandaclub.ch\/de\/#website\"},\"datePublished\":\"2024-02-06T12:26:19+00:00\",\"description\":\"L\u00f6we, Liszt\u00e4ffchen, M\u00e4hnenwolf und Wiedehopf \u2013 manche Tiere haben auff\u00e4llige Federn oder Haare auf dem Kopf. Informationen f\u00fcr Kinder vom Panda Club des WWF Schweiz\",\"breadcrumb\":{\"@id\":\"https:\/\/www.pandaclub.ch\/de\/wilde-maehnen-praechtige-federn\/#breadcrumb\"},\"inLanguage\":\"de\",\"potentialAction\":[{\"@type\":\"ReadAction\",\"target\":[\"https:\/\/www.pandaclub.ch\/de\/wilde-maehnen-praechtige-federn\/\"]}]},{\"@type\":\"BreadcrumbList\",\"@id\":\"https:\/\/www.pandaclub.ch\/de\/wilde-maehnen-praechtige-federn\/#breadcrumb\",\"itemListElement\":[{\"@type\":\"ListItem\",\"position\":1,\"name\":\"Home\",\"item\":\"https:\/\/www.pandaclub.ch\/de\/\"},{\"@type\":\"ListItem\",\"position\":2,\"name\":\"Wilde M\u00e4hnen, pr\u00e4chtige Federn\"}]},{\"@type\":\"WebSite\",\"@id\":\"https:\/\/www.pandaclub.ch\/de\/#website\",\"url\":\"https:\/\/www.pandaclub.ch\/de\/\",\"name\":\"WWF - Panda Club\",\"description\":\"Die Kinderwebseite des WWF Schweiz\",\"potentialAction\":[{\"@type\":\"SearchAction\",\"target\":{\"@type\":\"EntryPoint\",\"urlTemplate\":\"https:\/\/www.pandaclub.ch\/de\/?s={search_term_string}\"},\"query-input\":{\"@type\":\"PropertyValueSpecification\",\"valueRequired\":true,\"valueName\":\"search_term_string\"}}],\"inLanguage\":\"de\"}]}<\/script>\n<!-- \/ Yoast SEO plugin. -->","yoast_head_json":{"title":"Wilde M\u00e4hnen, pr\u00e4chtige Federn - WWF - Panda Club","description":"L\u00f6we, Liszt\u00e4ffchen, M\u00e4hnenwolf und Wiedehopf \u2013 manche Tiere haben auff\u00e4llige Federn oder Haare auf dem Kopf. Informationen f\u00fcr Kinder vom Panda Club des WWF Schweiz","robots":{"index":"index","follow":"follow","max-snippet":"max-snippet:-1","max-image-preview":"max-image-preview:large","max-video-preview":"max-video-preview:-1"},"canonical":"https:\/\/www.pandaclub.ch\/de\/wilde-maehnen-praechtige-federn\/","og_locale":"de_DE","og_type":"article","og_title":"Wilde M\u00e4hnen, pr\u00e4chtige Federn - WWF - Panda Club","og_description":"L\u00f6we, Liszt\u00e4ffchen, M\u00e4hnenwolf und Wiedehopf \u2013 manche Tiere haben auff\u00e4llige Federn oder Haare auf dem Kopf. Informationen f\u00fcr Kinder vom Panda Club des WWF Schweiz","og_url":"https:\/\/www.pandaclub.ch\/de\/wilde-maehnen-praechtige-federn\/","og_site_name":"WWF - Panda Club","twitter_card":"summary_large_image","schema":{"@context":"https:\/\/schema.org","@graph":[{"@type":"WebPage","@id":"https:\/\/www.pandaclub.ch\/de\/wilde-maehnen-praechtige-federn\/","url":"https:\/\/www.pandaclub.ch\/de\/wilde-maehnen-praechtige-federn\/","name":"Wilde M\u00e4hnen, pr\u00e4chtige Federn - WWF - Panda Club","isPartOf":{"@id":"https:\/\/www.pandaclub.ch\/de\/#website"},"datePublished":"2024-02-06T12:26:19+00:00","description":"L\u00f6we, Liszt\u00e4ffchen, M\u00e4hnenwolf und Wiedehopf \u2013 manche Tiere haben auff\u00e4llige Federn oder Haare auf dem Kopf. Informationen f\u00fcr Kinder vom Panda Club des WWF Schweiz","breadcrumb":{"@id":"https:\/\/www.pandaclub.ch\/de\/wilde-maehnen-praechtige-federn\/#breadcrumb"},"inLanguage":"de","potentialAction":[{"@type":"ReadAction","target":["https:\/\/www.pandaclub.ch\/de\/wilde-maehnen-praechtige-federn\/"]}]},{"@type":"BreadcrumbList","@id":"https:\/\/www.pandaclub.ch\/de\/wilde-maehnen-praechtige-federn\/#breadcrumb","itemListElement":[{"@type":"ListItem","position":1,"name":"Home","item":"https:\/\/www.pandaclub.ch\/de\/"},{"@type":"ListItem","position":2,"name":"Wilde M\u00e4hnen, pr\u00e4chtige Federn"}]},{"@type":"WebSite","@id":"https:\/\/www.pandaclub.ch\/de\/#website","url":"https:\/\/www.pandaclub.ch\/de\/","name":"WWF - Panda Club","description":"Die Kinderwebseite des WWF Schweiz","potentialAction":[{"@type":"SearchAction","target":{"@type":"EntryPoint","urlTemplate":"https:\/\/www.pandaclub.ch\/de\/?s={search_term_string}"},"query-input":{"@type":"PropertyValueSpecification","valueRequired":true,"valueName":"search_term_string"}}],"inLanguage":"de"}]}},"_links":{"self":[{"href":"https:\/\/www.pandaclub.ch\/de\/wp-json\/wp\/v2\/pages\/93785","targetHints":{"allow":["GET"]}}],"collection":[{"href":"https:\/\/www.pandaclub.ch\/de\/wp-json\/wp\/v2\/pages"}],"about":[{"href":"https:\/\/www.pandaclub.ch\/de\/wp-json\/wp\/v2\/types\/page"}],"author":[{"embeddable":true,"href":"https:\/\/www.pandaclub.ch\/de\/wp-json\/wp\/v2\/users\/4"}],"replies":[{"embeddable":true,"href":"https:\/\/www.pandaclub.ch\/de\/wp-json\/wp\/v2\/comments?post=93785"}],"version-history":[{"count":31,"href":"https:\/\/www.pandaclub.ch\/de\/wp-json\/wp\/v2\/pages\/93785\/revisions"}],"predecessor-version":[{"id":144144,"href":"https:\/\/www.pandaclub.ch\/de\/wp-json\/wp\/v2\/pages\/93785\/revisions\/144144"}],"wp:attachment":[{"href":"https:\/\/www.pandaclub.ch\/de\/wp-json\/wp\/v2\/media?parent=93785"}],"curies":[{"name":"wp","href":"https:\/\/api.w.org\/{rel}","templated":true}]}}