{"id":83268,"date":"2024-02-06T13:27:24","date_gmt":"2024-02-06T12:27:24","guid":{"rendered":"https:\/\/www.pandaclub.ch\/?page_id=83268"},"modified":"2024-02-06T13:27:24","modified_gmt":"2024-02-06T12:27:24","slug":"was-riecht-hier-nach-popcorn","status":"publish","type":"page","link":"https:\/\/www.pandaclub.ch\/de\/was-riecht-hier-nach-popcorn\/","title":{"rendered":"Was riecht hier nach Popcorn?"},"content":{"rendered":"","protected":false},"excerpt":{"rendered":"","protected":false},"author":4,"featured_media":0,"parent":0,"menu_order":197,"comment_status":"closed","ping_status":"closed","template":"","meta":{"_acf_changed":false,"footnotes":""},"class_list":["post-83268","page","type-page","status-publish","hentry"],"acf":[],"yoast_head":"<!-- This site is optimized with the Yoast SEO plugin v27.2 - https:\/\/yoast.com\/product\/yoast-seo-wordpress\/ -->\n<title>Was riecht hier nach Popcorn? - WWF - Panda Club<\/title>\n<meta name=\"description\" content=\"Der Binturong hat Dr\u00fcsen an seinem Hintern. \u00dcber diese verstr\u00f6mt es einen Duft, der an Popcorn erinnert. Informationen zu Tieren auf der Kinderwebsite des WWF.\" \/>\n<meta name=\"robots\" content=\"index, follow, max-snippet:-1, max-image-preview:large, max-video-preview:-1\" \/>\n<link rel=\"canonical\" href=\"https:\/\/www.pandaclub.ch\/de\/was-riecht-hier-nach-popcorn\/\" \/>\n<meta name=\"twitter:card\" content=\"summary_large_image\" \/>\n<meta name=\"twitter:title\" content=\"Was riecht hier nach Popcorn? - WWF - Panda Club\" \/>\n<meta name=\"twitter:description\" content=\"Der Binturong hat Dr\u00fcsen an seinem Hintern. \u00dcber diese verstr\u00f6mt es einen Duft, der an Popcorn erinnert. Informationen zu Tieren auf der Kinderwebsite des WWF.\" \/>\n<script type=\"application\/ld+json\" class=\"yoast-schema-graph\">{\"@context\":\"https:\/\/schema.org\",\"@graph\":[{\"@type\":\"WebPage\",\"@id\":\"https:\/\/www.pandaclub.ch\/de\/was-riecht-hier-nach-popcorn\/\",\"url\":\"https:\/\/www.pandaclub.ch\/de\/was-riecht-hier-nach-popcorn\/\",\"name\":\"Was riecht hier nach Popcorn? - WWF - Panda Club\",\"isPartOf\":{\"@id\":\"https:\/\/www.pandaclub.ch\/de\/#website\"},\"datePublished\":\"2024-02-06T12:27:24+00:00\",\"description\":\"Der Binturong hat Dr\u00fcsen an seinem Hintern. \u00dcber diese verstr\u00f6mt es einen Duft, der an Popcorn erinnert. Informationen zu Tieren auf der Kinderwebsite des WWF.\",\"breadcrumb\":{\"@id\":\"https:\/\/www.pandaclub.ch\/de\/was-riecht-hier-nach-popcorn\/#breadcrumb\"},\"inLanguage\":\"de\",\"potentialAction\":[{\"@type\":\"ReadAction\",\"target\":[\"https:\/\/www.pandaclub.ch\/de\/was-riecht-hier-nach-popcorn\/\"]}]},{\"@type\":\"BreadcrumbList\",\"@id\":\"https:\/\/www.pandaclub.ch\/de\/was-riecht-hier-nach-popcorn\/#breadcrumb\",\"itemListElement\":[{\"@type\":\"ListItem\",\"position\":1,\"name\":\"Home\",\"item\":\"https:\/\/www.pandaclub.ch\/de\/\"},{\"@type\":\"ListItem\",\"position\":2,\"name\":\"Was riecht hier nach Popcorn?\"}]},{\"@type\":\"WebSite\",\"@id\":\"https:\/\/www.pandaclub.ch\/de\/#website\",\"url\":\"https:\/\/www.pandaclub.ch\/de\/\",\"name\":\"WWF - Panda Club\",\"description\":\"Die Kinderwebseite des WWF Schweiz\",\"potentialAction\":[{\"@type\":\"SearchAction\",\"target\":{\"@type\":\"EntryPoint\",\"urlTemplate\":\"https:\/\/www.pandaclub.ch\/de\/?s={search_term_string}\"},\"query-input\":{\"@type\":\"PropertyValueSpecification\",\"valueRequired\":true,\"valueName\":\"search_term_string\"}}],\"inLanguage\":\"de\"}]}<\/script>\n<!-- \/ Yoast SEO plugin. -->","yoast_head_json":{"title":"Was riecht hier nach Popcorn? - WWF - Panda Club","description":"Der Binturong hat Dr\u00fcsen an seinem Hintern. \u00dcber diese verstr\u00f6mt es einen Duft, der an Popcorn erinnert. Informationen zu Tieren auf der Kinderwebsite des WWF.","robots":{"index":"index","follow":"follow","max-snippet":"max-snippet:-1","max-image-preview":"max-image-preview:large","max-video-preview":"max-video-preview:-1"},"canonical":"https:\/\/www.pandaclub.ch\/de\/was-riecht-hier-nach-popcorn\/","twitter_card":"summary_large_image","twitter_title":"Was riecht hier nach Popcorn? - WWF - Panda Club","twitter_description":"Der Binturong hat Dr\u00fcsen an seinem Hintern. \u00dcber diese verstr\u00f6mt es einen Duft, der an Popcorn erinnert. Informationen zu Tieren auf der Kinderwebsite des WWF.","schema":{"@context":"https:\/\/schema.org","@graph":[{"@type":"WebPage","@id":"https:\/\/www.pandaclub.ch\/de\/was-riecht-hier-nach-popcorn\/","url":"https:\/\/www.pandaclub.ch\/de\/was-riecht-hier-nach-popcorn\/","name":"Was riecht hier nach Popcorn? - WWF - Panda Club","isPartOf":{"@id":"https:\/\/www.pandaclub.ch\/de\/#website"},"datePublished":"2024-02-06T12:27:24+00:00","description":"Der Binturong hat Dr\u00fcsen an seinem Hintern. \u00dcber diese verstr\u00f6mt es einen Duft, der an Popcorn erinnert. Informationen zu Tieren auf der Kinderwebsite des WWF.","breadcrumb":{"@id":"https:\/\/www.pandaclub.ch\/de\/was-riecht-hier-nach-popcorn\/#breadcrumb"},"inLanguage":"de","potentialAction":[{"@type":"ReadAction","target":["https:\/\/www.pandaclub.ch\/de\/was-riecht-hier-nach-popcorn\/"]}]},{"@type":"BreadcrumbList","@id":"https:\/\/www.pandaclub.ch\/de\/was-riecht-hier-nach-popcorn\/#breadcrumb","itemListElement":[{"@type":"ListItem","position":1,"name":"Home","item":"https:\/\/www.pandaclub.ch\/de\/"},{"@type":"ListItem","position":2,"name":"Was riecht hier nach Popcorn?"}]},{"@type":"WebSite","@id":"https:\/\/www.pandaclub.ch\/de\/#website","url":"https:\/\/www.pandaclub.ch\/de\/","name":"WWF - Panda Club","description":"Die Kinderwebseite des WWF Schweiz","potentialAction":[{"@type":"SearchAction","target":{"@type":"EntryPoint","urlTemplate":"https:\/\/www.pandaclub.ch\/de\/?s={search_term_string}"},"query-input":{"@type":"PropertyValueSpecification","valueRequired":true,"valueName":"search_term_string"}}],"inLanguage":"de"}]}},"_links":{"self":[{"href":"https:\/\/www.pandaclub.ch\/de\/wp-json\/wp\/v2\/pages\/83268","targetHints":{"allow":["GET"]}}],"collection":[{"href":"https:\/\/www.pandaclub.ch\/de\/wp-json\/wp\/v2\/pages"}],"about":[{"href":"https:\/\/www.pandaclub.ch\/de\/wp-json\/wp\/v2\/types\/page"}],"author":[{"embeddable":true,"href":"https:\/\/www.pandaclub.ch\/de\/wp-json\/wp\/v2\/users\/4"}],"replies":[{"embeddable":true,"href":"https:\/\/www.pandaclub.ch\/de\/wp-json\/wp\/v2\/comments?post=83268"}],"version-history":[{"count":5,"href":"https:\/\/www.pandaclub.ch\/de\/wp-json\/wp\/v2\/pages\/83268\/revisions"}],"predecessor-version":[{"id":94057,"href":"https:\/\/www.pandaclub.ch\/de\/wp-json\/wp\/v2\/pages\/83268\/revisions\/94057"}],"wp:attachment":[{"href":"https:\/\/www.pandaclub.ch\/de\/wp-json\/wp\/v2\/media?parent=83268"}],"curies":[{"name":"wp","href":"https:\/\/api.w.org\/{rel}","templated":true}]}}