{"id":82743,"date":"2023-10-13T11:35:28","date_gmt":"2023-10-13T09:35:28","guid":{"rendered":"https:\/\/www.pandaclub.ch\/?page_id=82743"},"modified":"2023-10-13T11:43:34","modified_gmt":"2023-10-13T09:43:34","slug":"82743","status":"publish","type":"page","link":"https:\/\/www.pandaclub.ch\/de\/82743\/","title":{"rendered":""},"content":{"rendered":"","protected":false},"excerpt":{"rendered":"","protected":false},"author":7,"featured_media":0,"parent":0,"menu_order":515,"comment_status":"closed","ping_status":"closed","template":"home.php","meta":{"_acf_changed":false,"footnotes":""},"class_list":["post-82743","page","type-page","status-publish","hentry"],"acf":[],"yoast_head":"<!-- This site is optimized with the Yoast SEO plugin v27.2 - https:\/\/yoast.com\/product\/yoast-seo-wordpress\/ -->\n<title>Le site du WWF Suisse pour les enfants - WWF - Panda Club<\/title>\n<meta name=\"description\" content=\"Sur le site Web du Panda Club, tu peux lire des choses int\u00e9ressantes sur les animaux et leurs habitats, apprendre pourquoi ils sont menac\u00e9s et ce que fait le WWF pour les prot\u00e9ger.\" \/>\n<meta name=\"robots\" content=\"index, follow, max-snippet:-1, max-image-preview:large, max-video-preview:-1\" \/>\n<link rel=\"canonical\" href=\"https:\/\/www.pandaclub.ch\/de\/82743\/\" \/>\n<meta property=\"og:locale\" content=\"de_DE\" \/>\n<meta property=\"og:type\" content=\"article\" \/>\n<meta property=\"og:title\" content=\"Le site du WWF Suisse pour les enfants - WWF - Panda Club\" \/>\n<meta property=\"og:description\" content=\"Sur le site Web du Panda Club, tu peux lire des choses int\u00e9ressantes sur les animaux et leurs habitats, apprendre pourquoi ils sont menac\u00e9s et ce que fait le WWF pour les prot\u00e9ger.\" \/>\n<meta property=\"og:url\" content=\"https:\/\/www.pandaclub.ch\/de\/82743\/\" \/>\n<meta property=\"og:site_name\" content=\"WWF - Panda Club\" \/>\n<meta property=\"article:modified_time\" content=\"2023-10-13T09:43:34+00:00\" \/>\n<meta name=\"twitter:card\" content=\"summary_large_image\" \/>\n<script type=\"application\/ld+json\" class=\"yoast-schema-graph\">{\"@context\":\"https:\/\/schema.org\",\"@graph\":[{\"@type\":\"WebPage\",\"@id\":\"https:\/\/www.pandaclub.ch\/de\/82743\/\",\"url\":\"https:\/\/www.pandaclub.ch\/de\/82743\/\",\"name\":\"Le site du WWF Suisse pour les enfants - WWF - Panda Club\",\"isPartOf\":{\"@id\":\"https:\/\/www.pandaclub.ch\/de\/#website\"},\"datePublished\":\"2023-10-13T09:35:28+00:00\",\"dateModified\":\"2023-10-13T09:43:34+00:00\",\"description\":\"Sur le site Web du Panda Club, tu peux lire des choses int\u00e9ressantes sur les animaux et leurs habitats, apprendre pourquoi ils sont menac\u00e9s et ce que fait le WWF pour les prot\u00e9ger.\",\"inLanguage\":\"de\",\"potentialAction\":[{\"@type\":\"ReadAction\",\"target\":[\"https:\/\/www.pandaclub.ch\/de\/82743\/\"]}]},{\"@type\":\"WebSite\",\"@id\":\"https:\/\/www.pandaclub.ch\/de\/#website\",\"url\":\"https:\/\/www.pandaclub.ch\/de\/\",\"name\":\"WWF - Panda Club\",\"description\":\"Die Kinderwebseite des WWF Schweiz\",\"potentialAction\":[{\"@type\":\"SearchAction\",\"target\":{\"@type\":\"EntryPoint\",\"urlTemplate\":\"https:\/\/www.pandaclub.ch\/de\/?s={search_term_string}\"},\"query-input\":{\"@type\":\"PropertyValueSpecification\",\"valueRequired\":true,\"valueName\":\"search_term_string\"}}],\"inLanguage\":\"de\"}]}<\/script>\n<!-- \/ Yoast SEO plugin. -->","yoast_head_json":{"title":"Le site du WWF Suisse pour les enfants - WWF - Panda Club","description":"Sur le site Web du Panda Club, tu peux lire des choses int\u00e9ressantes sur les animaux et leurs habitats, apprendre pourquoi ils sont menac\u00e9s et ce que fait le WWF pour les prot\u00e9ger.","robots":{"index":"index","follow":"follow","max-snippet":"max-snippet:-1","max-image-preview":"max-image-preview:large","max-video-preview":"max-video-preview:-1"},"canonical":"https:\/\/www.pandaclub.ch\/de\/82743\/","og_locale":"de_DE","og_type":"article","og_title":"Le site du WWF Suisse pour les enfants - WWF - Panda Club","og_description":"Sur le site Web du Panda Club, tu peux lire des choses int\u00e9ressantes sur les animaux et leurs habitats, apprendre pourquoi ils sont menac\u00e9s et ce que fait le WWF pour les prot\u00e9ger.","og_url":"https:\/\/www.pandaclub.ch\/de\/82743\/","og_site_name":"WWF - Panda Club","article_modified_time":"2023-10-13T09:43:34+00:00","twitter_card":"summary_large_image","schema":{"@context":"https:\/\/schema.org","@graph":[{"@type":"WebPage","@id":"https:\/\/www.pandaclub.ch\/de\/82743\/","url":"https:\/\/www.pandaclub.ch\/de\/82743\/","name":"Le site du WWF Suisse pour les enfants - WWF - Panda Club","isPartOf":{"@id":"https:\/\/www.pandaclub.ch\/de\/#website"},"datePublished":"2023-10-13T09:35:28+00:00","dateModified":"2023-10-13T09:43:34+00:00","description":"Sur le site Web du Panda Club, tu peux lire des choses int\u00e9ressantes sur les animaux et leurs habitats, apprendre pourquoi ils sont menac\u00e9s et ce que fait le WWF pour les prot\u00e9ger.","inLanguage":"de","potentialAction":[{"@type":"ReadAction","target":["https:\/\/www.pandaclub.ch\/de\/82743\/"]}]},{"@type":"WebSite","@id":"https:\/\/www.pandaclub.ch\/de\/#website","url":"https:\/\/www.pandaclub.ch\/de\/","name":"WWF - Panda Club","description":"Die Kinderwebseite des WWF Schweiz","potentialAction":[{"@type":"SearchAction","target":{"@type":"EntryPoint","urlTemplate":"https:\/\/www.pandaclub.ch\/de\/?s={search_term_string}"},"query-input":{"@type":"PropertyValueSpecification","valueRequired":true,"valueName":"search_term_string"}}],"inLanguage":"de"}]}},"_links":{"self":[{"href":"https:\/\/www.pandaclub.ch\/de\/wp-json\/wp\/v2\/pages\/82743","targetHints":{"allow":["GET"]}}],"collection":[{"href":"https:\/\/www.pandaclub.ch\/de\/wp-json\/wp\/v2\/pages"}],"about":[{"href":"https:\/\/www.pandaclub.ch\/de\/wp-json\/wp\/v2\/types\/page"}],"author":[{"embeddable":true,"href":"https:\/\/www.pandaclub.ch\/de\/wp-json\/wp\/v2\/users\/7"}],"replies":[{"embeddable":true,"href":"https:\/\/www.pandaclub.ch\/de\/wp-json\/wp\/v2\/comments?post=82743"}],"version-history":[{"count":6,"href":"https:\/\/www.pandaclub.ch\/de\/wp-json\/wp\/v2\/pages\/82743\/revisions"}],"predecessor-version":[{"id":144188,"href":"https:\/\/www.pandaclub.ch\/de\/wp-json\/wp\/v2\/pages\/82743\/revisions\/144188"}],"wp:attachment":[{"href":"https:\/\/www.pandaclub.ch\/de\/wp-json\/wp\/v2\/media?parent=82743"}],"curies":[{"name":"wp","href":"https:\/\/api.w.org\/{rel}","templated":true}]}}