{"id":71888,"date":"2023-04-04T08:59:50","date_gmt":"2023-04-04T06:59:50","guid":{"rendered":"https:\/\/www.pandaclub.ch\/?page_id=71888"},"modified":"2023-04-04T09:14:52","modified_gmt":"2023-04-04T07:14:52","slug":"zugvoegel-und-ihre-besonderen-faehigkeiten","status":"publish","type":"page","link":"https:\/\/www.pandaclub.ch\/de\/zugvoegel-und-ihre-besonderen-faehigkeiten\/","title":{"rendered":"Die Reise der Zugv\u00f6gel"},"content":{"rendered":"","protected":false},"excerpt":{"rendered":"","protected":false},"author":4,"featured_media":0,"parent":0,"menu_order":237,"comment_status":"closed","ping_status":"closed","template":"","meta":{"_acf_changed":false,"footnotes":""},"class_list":["post-71888","page","type-page","status-publish","hentry"],"acf":[],"yoast_head":"<!-- This site is optimized with the Yoast SEO plugin v27.2 - https:\/\/yoast.com\/product\/yoast-seo-wordpress\/ -->\n<title>Die Reise der Zugv\u00f6gel - WWF - Panda Club<\/title>\n<meta name=\"description\" content=\"Was sind Zugv\u00f6gel? Warum ziehen Zugv\u00f6gel im Winter in den S\u00fcden? Welche Zugv\u00f6gel gibt es? Informationen auf der Kinderwebsite Panda Club des WWF\" \/>\n<meta name=\"robots\" content=\"index, follow, max-snippet:-1, max-image-preview:large, max-video-preview:-1\" \/>\n<link rel=\"canonical\" href=\"https:\/\/www.pandaclub.ch\/de\/zugvoegel-und-ihre-besonderen-faehigkeiten\/\" \/>\n<meta name=\"twitter:card\" content=\"summary_large_image\" \/>\n<meta name=\"twitter:title\" content=\"Die Reise der Zugv\u00f6gel - WWF - Panda Club\" \/>\n<meta name=\"twitter:description\" content=\"Was sind Zugv\u00f6gel? Warum ziehen Zugv\u00f6gel im Winter in den S\u00fcden? Welche Zugv\u00f6gel gibt es? Informationen auf der Kinderwebsite Panda Club des WWF\" \/>\n<script type=\"application\/ld+json\" class=\"yoast-schema-graph\">{\"@context\":\"https:\/\/schema.org\",\"@graph\":[{\"@type\":\"WebPage\",\"@id\":\"https:\/\/www.pandaclub.ch\/de\/zugvoegel-und-ihre-besonderen-faehigkeiten\/\",\"url\":\"https:\/\/www.pandaclub.ch\/de\/zugvoegel-und-ihre-besonderen-faehigkeiten\/\",\"name\":\"Die Reise der Zugv\u00f6gel - WWF - Panda Club\",\"isPartOf\":{\"@id\":\"https:\/\/www.pandaclub.ch\/de\/#website\"},\"datePublished\":\"2023-04-04T06:59:50+00:00\",\"dateModified\":\"2023-04-04T07:14:52+00:00\",\"description\":\"Was sind Zugv\u00f6gel? Warum ziehen Zugv\u00f6gel im Winter in den S\u00fcden? Welche Zugv\u00f6gel gibt es? Informationen auf der Kinderwebsite Panda Club des WWF\",\"breadcrumb\":{\"@id\":\"https:\/\/www.pandaclub.ch\/de\/zugvoegel-und-ihre-besonderen-faehigkeiten\/#breadcrumb\"},\"inLanguage\":\"de\",\"potentialAction\":[{\"@type\":\"ReadAction\",\"target\":[\"https:\/\/www.pandaclub.ch\/de\/zugvoegel-und-ihre-besonderen-faehigkeiten\/\"]}]},{\"@type\":\"BreadcrumbList\",\"@id\":\"https:\/\/www.pandaclub.ch\/de\/zugvoegel-und-ihre-besonderen-faehigkeiten\/#breadcrumb\",\"itemListElement\":[{\"@type\":\"ListItem\",\"position\":1,\"name\":\"Home\",\"item\":\"https:\/\/www.pandaclub.ch\/de\/\"},{\"@type\":\"ListItem\",\"position\":2,\"name\":\"Die Reise der Zugv\u00f6gel\"}]},{\"@type\":\"WebSite\",\"@id\":\"https:\/\/www.pandaclub.ch\/de\/#website\",\"url\":\"https:\/\/www.pandaclub.ch\/de\/\",\"name\":\"WWF - Panda Club\",\"description\":\"Die Kinderwebseite des WWF Schweiz\",\"potentialAction\":[{\"@type\":\"SearchAction\",\"target\":{\"@type\":\"EntryPoint\",\"urlTemplate\":\"https:\/\/www.pandaclub.ch\/de\/?s={search_term_string}\"},\"query-input\":{\"@type\":\"PropertyValueSpecification\",\"valueRequired\":true,\"valueName\":\"search_term_string\"}}],\"inLanguage\":\"de\"}]}<\/script>\n<!-- \/ Yoast SEO plugin. -->","yoast_head_json":{"title":"Die Reise der Zugv\u00f6gel - WWF - Panda Club","description":"Was sind Zugv\u00f6gel? Warum ziehen Zugv\u00f6gel im Winter in den S\u00fcden? Welche Zugv\u00f6gel gibt es? Informationen auf der Kinderwebsite Panda Club des WWF","robots":{"index":"index","follow":"follow","max-snippet":"max-snippet:-1","max-image-preview":"max-image-preview:large","max-video-preview":"max-video-preview:-1"},"canonical":"https:\/\/www.pandaclub.ch\/de\/zugvoegel-und-ihre-besonderen-faehigkeiten\/","twitter_card":"summary_large_image","twitter_title":"Die Reise der Zugv\u00f6gel - WWF - Panda Club","twitter_description":"Was sind Zugv\u00f6gel? Warum ziehen Zugv\u00f6gel im Winter in den S\u00fcden? Welche Zugv\u00f6gel gibt es? Informationen auf der Kinderwebsite Panda Club des WWF","schema":{"@context":"https:\/\/schema.org","@graph":[{"@type":"WebPage","@id":"https:\/\/www.pandaclub.ch\/de\/zugvoegel-und-ihre-besonderen-faehigkeiten\/","url":"https:\/\/www.pandaclub.ch\/de\/zugvoegel-und-ihre-besonderen-faehigkeiten\/","name":"Die Reise der Zugv\u00f6gel - WWF - Panda Club","isPartOf":{"@id":"https:\/\/www.pandaclub.ch\/de\/#website"},"datePublished":"2023-04-04T06:59:50+00:00","dateModified":"2023-04-04T07:14:52+00:00","description":"Was sind Zugv\u00f6gel? Warum ziehen Zugv\u00f6gel im Winter in den S\u00fcden? Welche Zugv\u00f6gel gibt es? Informationen auf der Kinderwebsite Panda Club des WWF","breadcrumb":{"@id":"https:\/\/www.pandaclub.ch\/de\/zugvoegel-und-ihre-besonderen-faehigkeiten\/#breadcrumb"},"inLanguage":"de","potentialAction":[{"@type":"ReadAction","target":["https:\/\/www.pandaclub.ch\/de\/zugvoegel-und-ihre-besonderen-faehigkeiten\/"]}]},{"@type":"BreadcrumbList","@id":"https:\/\/www.pandaclub.ch\/de\/zugvoegel-und-ihre-besonderen-faehigkeiten\/#breadcrumb","itemListElement":[{"@type":"ListItem","position":1,"name":"Home","item":"https:\/\/www.pandaclub.ch\/de\/"},{"@type":"ListItem","position":2,"name":"Die Reise der Zugv\u00f6gel"}]},{"@type":"WebSite","@id":"https:\/\/www.pandaclub.ch\/de\/#website","url":"https:\/\/www.pandaclub.ch\/de\/","name":"WWF - Panda Club","description":"Die Kinderwebseite des WWF Schweiz","potentialAction":[{"@type":"SearchAction","target":{"@type":"EntryPoint","urlTemplate":"https:\/\/www.pandaclub.ch\/de\/?s={search_term_string}"},"query-input":{"@type":"PropertyValueSpecification","valueRequired":true,"valueName":"search_term_string"}}],"inLanguage":"de"}]}},"_links":{"self":[{"href":"https:\/\/www.pandaclub.ch\/de\/wp-json\/wp\/v2\/pages\/71888","targetHints":{"allow":["GET"]}}],"collection":[{"href":"https:\/\/www.pandaclub.ch\/de\/wp-json\/wp\/v2\/pages"}],"about":[{"href":"https:\/\/www.pandaclub.ch\/de\/wp-json\/wp\/v2\/types\/page"}],"author":[{"embeddable":true,"href":"https:\/\/www.pandaclub.ch\/de\/wp-json\/wp\/v2\/users\/4"}],"replies":[{"embeddable":true,"href":"https:\/\/www.pandaclub.ch\/de\/wp-json\/wp\/v2\/comments?post=71888"}],"version-history":[{"count":14,"href":"https:\/\/www.pandaclub.ch\/de\/wp-json\/wp\/v2\/pages\/71888\/revisions"}],"predecessor-version":[{"id":73458,"href":"https:\/\/www.pandaclub.ch\/de\/wp-json\/wp\/v2\/pages\/71888\/revisions\/73458"}],"wp:attachment":[{"href":"https:\/\/www.pandaclub.ch\/de\/wp-json\/wp\/v2\/media?parent=71888"}],"curies":[{"name":"wp","href":"https:\/\/api.w.org\/{rel}","templated":true}]}}