{"id":7131,"date":"2019-11-01T14:03:17","date_gmt":"2019-11-01T13:03:17","guid":{"rendered":"https:\/\/www.pandaclub.ch\/?page_id=7131"},"modified":"2023-12-04T13:12:54","modified_gmt":"2023-12-04T12:12:54","slug":"tipps-fuer-deine-standaktion","status":"publish","type":"page","link":"https:\/\/www.pandaclub.ch\/de\/tipps-fuer-deine-standaktion\/","title":{"rendered":"Tipps f\u00fcr deine Standaktion"},"content":{"rendered":"","protected":false},"excerpt":{"rendered":"","protected":false},"author":37,"featured_media":0,"parent":0,"menu_order":498,"comment_status":"closed","ping_status":"closed","template":"","meta":{"_acf_changed":false,"footnotes":""},"class_list":["post-7131","page","type-page","status-publish","hentry"],"acf":[],"yoast_head":"<!-- This site is optimized with the Yoast SEO plugin v27.2 - https:\/\/yoast.com\/product\/yoast-seo-wordpress\/ -->\n<title>Tipps f\u00fcr deine Standaktion - WWF - Panda Club<\/title>\n<meta name=\"description\" content=\"Viele Kinder haben bereits eine Standaktion f\u00fcr den WWF gemacht und dabei sind viele Tipps, Ideen und Ratschl\u00e4ge f\u00fcr ihre Nachfolger zusammengekommen. Lass dich von ihnen inspirieren!\" \/>\n<meta name=\"robots\" content=\"index, follow, max-snippet:-1, max-image-preview:large, max-video-preview:-1\" \/>\n<link rel=\"canonical\" href=\"https:\/\/www.pandaclub.ch\/de\/tipps-fuer-deine-standaktion\/\" \/>\n<meta name=\"twitter:card\" content=\"summary_large_image\" \/>\n<meta name=\"twitter:title\" content=\"Tipps f\u00fcr deine Standaktion - WWF - Panda Club\" \/>\n<meta name=\"twitter:description\" content=\"Viele Kinder haben bereits eine Standaktion f\u00fcr den WWF gemacht und dabei sind viele Tipps, Ideen und Ratschl\u00e4ge f\u00fcr ihre Nachfolger zusammengekommen. Lass dich von ihnen inspirieren!\" \/>\n<script type=\"application\/ld+json\" class=\"yoast-schema-graph\">{\"@context\":\"https:\/\/schema.org\",\"@graph\":[{\"@type\":\"WebPage\",\"@id\":\"https:\/\/www.pandaclub.ch\/de\/tipps-fuer-deine-standaktion\/\",\"url\":\"https:\/\/www.pandaclub.ch\/de\/tipps-fuer-deine-standaktion\/\",\"name\":\"Tipps f\u00fcr deine Standaktion - WWF - Panda Club\",\"isPartOf\":{\"@id\":\"https:\/\/www.pandaclub.ch\/de\/#website\"},\"datePublished\":\"2019-11-01T13:03:17+00:00\",\"dateModified\":\"2023-12-04T12:12:54+00:00\",\"description\":\"Viele Kinder haben bereits eine Standaktion f\u00fcr den WWF gemacht und dabei sind viele Tipps, Ideen und Ratschl\u00e4ge f\u00fcr ihre Nachfolger zusammengekommen. Lass dich von ihnen inspirieren!\",\"breadcrumb\":{\"@id\":\"https:\/\/www.pandaclub.ch\/de\/tipps-fuer-deine-standaktion\/#breadcrumb\"},\"inLanguage\":\"de\",\"potentialAction\":[{\"@type\":\"ReadAction\",\"target\":[\"https:\/\/www.pandaclub.ch\/de\/tipps-fuer-deine-standaktion\/\"]}]},{\"@type\":\"BreadcrumbList\",\"@id\":\"https:\/\/www.pandaclub.ch\/de\/tipps-fuer-deine-standaktion\/#breadcrumb\",\"itemListElement\":[{\"@type\":\"ListItem\",\"position\":1,\"name\":\"Home\",\"item\":\"https:\/\/www.pandaclub.ch\/de\/\"},{\"@type\":\"ListItem\",\"position\":2,\"name\":\"Tipps f\u00fcr deine Standaktion\"}]},{\"@type\":\"WebSite\",\"@id\":\"https:\/\/www.pandaclub.ch\/de\/#website\",\"url\":\"https:\/\/www.pandaclub.ch\/de\/\",\"name\":\"WWF - Panda Club\",\"description\":\"Die Kinderwebseite des WWF Schweiz\",\"potentialAction\":[{\"@type\":\"SearchAction\",\"target\":{\"@type\":\"EntryPoint\",\"urlTemplate\":\"https:\/\/www.pandaclub.ch\/de\/?s={search_term_string}\"},\"query-input\":{\"@type\":\"PropertyValueSpecification\",\"valueRequired\":true,\"valueName\":\"search_term_string\"}}],\"inLanguage\":\"de\"}]}<\/script>\n<!-- \/ Yoast SEO plugin. -->","yoast_head_json":{"title":"Tipps f\u00fcr deine Standaktion - WWF - Panda Club","description":"Viele Kinder haben bereits eine Standaktion f\u00fcr den WWF gemacht und dabei sind viele Tipps, Ideen und Ratschl\u00e4ge f\u00fcr ihre Nachfolger zusammengekommen. Lass dich von ihnen inspirieren!","robots":{"index":"index","follow":"follow","max-snippet":"max-snippet:-1","max-image-preview":"max-image-preview:large","max-video-preview":"max-video-preview:-1"},"canonical":"https:\/\/www.pandaclub.ch\/de\/tipps-fuer-deine-standaktion\/","twitter_card":"summary_large_image","twitter_title":"Tipps f\u00fcr deine Standaktion - WWF - Panda Club","twitter_description":"Viele Kinder haben bereits eine Standaktion f\u00fcr den WWF gemacht und dabei sind viele Tipps, Ideen und Ratschl\u00e4ge f\u00fcr ihre Nachfolger zusammengekommen. Lass dich von ihnen inspirieren!","schema":{"@context":"https:\/\/schema.org","@graph":[{"@type":"WebPage","@id":"https:\/\/www.pandaclub.ch\/de\/tipps-fuer-deine-standaktion\/","url":"https:\/\/www.pandaclub.ch\/de\/tipps-fuer-deine-standaktion\/","name":"Tipps f\u00fcr deine Standaktion - WWF - Panda Club","isPartOf":{"@id":"https:\/\/www.pandaclub.ch\/de\/#website"},"datePublished":"2019-11-01T13:03:17+00:00","dateModified":"2023-12-04T12:12:54+00:00","description":"Viele Kinder haben bereits eine Standaktion f\u00fcr den WWF gemacht und dabei sind viele Tipps, Ideen und Ratschl\u00e4ge f\u00fcr ihre Nachfolger zusammengekommen. Lass dich von ihnen inspirieren!","breadcrumb":{"@id":"https:\/\/www.pandaclub.ch\/de\/tipps-fuer-deine-standaktion\/#breadcrumb"},"inLanguage":"de","potentialAction":[{"@type":"ReadAction","target":["https:\/\/www.pandaclub.ch\/de\/tipps-fuer-deine-standaktion\/"]}]},{"@type":"BreadcrumbList","@id":"https:\/\/www.pandaclub.ch\/de\/tipps-fuer-deine-standaktion\/#breadcrumb","itemListElement":[{"@type":"ListItem","position":1,"name":"Home","item":"https:\/\/www.pandaclub.ch\/de\/"},{"@type":"ListItem","position":2,"name":"Tipps f\u00fcr deine Standaktion"}]},{"@type":"WebSite","@id":"https:\/\/www.pandaclub.ch\/de\/#website","url":"https:\/\/www.pandaclub.ch\/de\/","name":"WWF - Panda Club","description":"Die Kinderwebseite des WWF Schweiz","potentialAction":[{"@type":"SearchAction","target":{"@type":"EntryPoint","urlTemplate":"https:\/\/www.pandaclub.ch\/de\/?s={search_term_string}"},"query-input":{"@type":"PropertyValueSpecification","valueRequired":true,"valueName":"search_term_string"}}],"inLanguage":"de"}]}},"_links":{"self":[{"href":"https:\/\/www.pandaclub.ch\/de\/wp-json\/wp\/v2\/pages\/7131","targetHints":{"allow":["GET"]}}],"collection":[{"href":"https:\/\/www.pandaclub.ch\/de\/wp-json\/wp\/v2\/pages"}],"about":[{"href":"https:\/\/www.pandaclub.ch\/de\/wp-json\/wp\/v2\/types\/page"}],"author":[{"embeddable":true,"href":"https:\/\/www.pandaclub.ch\/de\/wp-json\/wp\/v2\/users\/37"}],"replies":[{"embeddable":true,"href":"https:\/\/www.pandaclub.ch\/de\/wp-json\/wp\/v2\/comments?post=7131"}],"version-history":[{"count":20,"href":"https:\/\/www.pandaclub.ch\/de\/wp-json\/wp\/v2\/pages\/7131\/revisions"}],"predecessor-version":[{"id":84242,"href":"https:\/\/www.pandaclub.ch\/de\/wp-json\/wp\/v2\/pages\/7131\/revisions\/84242"}],"wp:attachment":[{"href":"https:\/\/www.pandaclub.ch\/de\/wp-json\/wp\/v2\/media?parent=7131"}],"curies":[{"name":"wp","href":"https:\/\/api.w.org\/{rel}","templated":true}]}}