{"id":3892,"date":"2019-05-22T13:32:35","date_gmt":"2019-05-22T11:32:35","guid":{"rendered":"https:\/\/www.pandaclub.ch\/?page_id=3892"},"modified":"2021-04-09T14:19:48","modified_gmt":"2021-04-09T12:19:48","slug":"dein-club","status":"publish","type":"page","link":"https:\/\/www.pandaclub.ch\/de\/dein-club\/","title":{"rendered":"Dein Club"},"content":{"rendered":"","protected":false},"excerpt":{"rendered":"","protected":false},"author":37,"featured_media":0,"parent":0,"menu_order":525,"comment_status":"closed","ping_status":"closed","template":"nav-page.php","meta":{"_acf_changed":false,"footnotes":""},"class_list":["post-3892","page","type-page","status-publish","hentry"],"acf":[],"yoast_head":"<!-- This site is optimized with the Yoast SEO plugin v27.2 - https:\/\/yoast.com\/product\/yoast-seo-wordpress\/ -->\n<title>Dein Club - WWF - Panda Club<\/title>\n<meta name=\"description\" content=\"Willst du die Natur entdecken und dich f\u00fcr bedrohte Tiere und ihre Lebensr\u00e4ume einsetzen? Dann mach mit im Panda Club, dem WWF-Angebot f\u00fcr junge Umweltsch\u00fctzer.\" \/>\n<meta name=\"robots\" content=\"index, follow, max-snippet:-1, max-image-preview:large, max-video-preview:-1\" \/>\n<link rel=\"canonical\" href=\"https:\/\/www.pandaclub.ch\/de\/dein-club\/\" \/>\n<meta name=\"twitter:card\" content=\"summary_large_image\" \/>\n<meta name=\"twitter:title\" content=\"Dein Club - WWF - Panda Club\" \/>\n<meta name=\"twitter:description\" content=\"Willst du die Natur entdecken und dich f\u00fcr bedrohte Tiere und ihre Lebensr\u00e4ume einsetzen? Dann mach mit im Panda Club, dem WWF-Angebot f\u00fcr junge Umweltsch\u00fctzer.\" \/>\n<script type=\"application\/ld+json\" class=\"yoast-schema-graph\">{\"@context\":\"https:\/\/schema.org\",\"@graph\":[{\"@type\":\"WebPage\",\"@id\":\"https:\/\/www.pandaclub.ch\/de\/dein-club\/\",\"url\":\"https:\/\/www.pandaclub.ch\/de\/dein-club\/\",\"name\":\"Dein Club - WWF - Panda Club\",\"isPartOf\":{\"@id\":\"https:\/\/www.pandaclub.ch\/de\/#website\"},\"datePublished\":\"2019-05-22T11:32:35+00:00\",\"dateModified\":\"2021-04-09T12:19:48+00:00\",\"description\":\"Willst du die Natur entdecken und dich f\u00fcr bedrohte Tiere und ihre Lebensr\u00e4ume einsetzen? Dann mach mit im Panda Club, dem WWF-Angebot f\u00fcr junge Umweltsch\u00fctzer.\",\"breadcrumb\":{\"@id\":\"https:\/\/www.pandaclub.ch\/de\/dein-club\/#breadcrumb\"},\"inLanguage\":\"de\",\"potentialAction\":[{\"@type\":\"ReadAction\",\"target\":[\"https:\/\/www.pandaclub.ch\/de\/dein-club\/\"]}]},{\"@type\":\"BreadcrumbList\",\"@id\":\"https:\/\/www.pandaclub.ch\/de\/dein-club\/#breadcrumb\",\"itemListElement\":[{\"@type\":\"ListItem\",\"position\":1,\"name\":\"Home\",\"item\":\"https:\/\/www.pandaclub.ch\/de\/\"},{\"@type\":\"ListItem\",\"position\":2,\"name\":\"Dein Club\"}]},{\"@type\":\"WebSite\",\"@id\":\"https:\/\/www.pandaclub.ch\/de\/#website\",\"url\":\"https:\/\/www.pandaclub.ch\/de\/\",\"name\":\"WWF - Panda Club\",\"description\":\"Die Kinderwebseite des WWF Schweiz\",\"potentialAction\":[{\"@type\":\"SearchAction\",\"target\":{\"@type\":\"EntryPoint\",\"urlTemplate\":\"https:\/\/www.pandaclub.ch\/de\/?s={search_term_string}\"},\"query-input\":{\"@type\":\"PropertyValueSpecification\",\"valueRequired\":true,\"valueName\":\"search_term_string\"}}],\"inLanguage\":\"de\"}]}<\/script>\n<!-- \/ Yoast SEO plugin. -->","yoast_head_json":{"title":"Dein Club - WWF - Panda Club","description":"Willst du die Natur entdecken und dich f\u00fcr bedrohte Tiere und ihre Lebensr\u00e4ume einsetzen? Dann mach mit im Panda Club, dem WWF-Angebot f\u00fcr junge Umweltsch\u00fctzer.","robots":{"index":"index","follow":"follow","max-snippet":"max-snippet:-1","max-image-preview":"max-image-preview:large","max-video-preview":"max-video-preview:-1"},"canonical":"https:\/\/www.pandaclub.ch\/de\/dein-club\/","twitter_card":"summary_large_image","twitter_title":"Dein Club - WWF - Panda Club","twitter_description":"Willst du die Natur entdecken und dich f\u00fcr bedrohte Tiere und ihre Lebensr\u00e4ume einsetzen? Dann mach mit im Panda Club, dem WWF-Angebot f\u00fcr junge Umweltsch\u00fctzer.","schema":{"@context":"https:\/\/schema.org","@graph":[{"@type":"WebPage","@id":"https:\/\/www.pandaclub.ch\/de\/dein-club\/","url":"https:\/\/www.pandaclub.ch\/de\/dein-club\/","name":"Dein Club - WWF - Panda Club","isPartOf":{"@id":"https:\/\/www.pandaclub.ch\/de\/#website"},"datePublished":"2019-05-22T11:32:35+00:00","dateModified":"2021-04-09T12:19:48+00:00","description":"Willst du die Natur entdecken und dich f\u00fcr bedrohte Tiere und ihre Lebensr\u00e4ume einsetzen? Dann mach mit im Panda Club, dem WWF-Angebot f\u00fcr junge Umweltsch\u00fctzer.","breadcrumb":{"@id":"https:\/\/www.pandaclub.ch\/de\/dein-club\/#breadcrumb"},"inLanguage":"de","potentialAction":[{"@type":"ReadAction","target":["https:\/\/www.pandaclub.ch\/de\/dein-club\/"]}]},{"@type":"BreadcrumbList","@id":"https:\/\/www.pandaclub.ch\/de\/dein-club\/#breadcrumb","itemListElement":[{"@type":"ListItem","position":1,"name":"Home","item":"https:\/\/www.pandaclub.ch\/de\/"},{"@type":"ListItem","position":2,"name":"Dein Club"}]},{"@type":"WebSite","@id":"https:\/\/www.pandaclub.ch\/de\/#website","url":"https:\/\/www.pandaclub.ch\/de\/","name":"WWF - Panda Club","description":"Die Kinderwebseite des WWF Schweiz","potentialAction":[{"@type":"SearchAction","target":{"@type":"EntryPoint","urlTemplate":"https:\/\/www.pandaclub.ch\/de\/?s={search_term_string}"},"query-input":{"@type":"PropertyValueSpecification","valueRequired":true,"valueName":"search_term_string"}}],"inLanguage":"de"}]}},"_links":{"self":[{"href":"https:\/\/www.pandaclub.ch\/de\/wp-json\/wp\/v2\/pages\/3892","targetHints":{"allow":["GET"]}}],"collection":[{"href":"https:\/\/www.pandaclub.ch\/de\/wp-json\/wp\/v2\/pages"}],"about":[{"href":"https:\/\/www.pandaclub.ch\/de\/wp-json\/wp\/v2\/types\/page"}],"author":[{"embeddable":true,"href":"https:\/\/www.pandaclub.ch\/de\/wp-json\/wp\/v2\/users\/37"}],"replies":[{"embeddable":true,"href":"https:\/\/www.pandaclub.ch\/de\/wp-json\/wp\/v2\/comments?post=3892"}],"version-history":[{"count":7,"href":"https:\/\/www.pandaclub.ch\/de\/wp-json\/wp\/v2\/pages\/3892\/revisions"}],"predecessor-version":[{"id":40312,"href":"https:\/\/www.pandaclub.ch\/de\/wp-json\/wp\/v2\/pages\/3892\/revisions\/40312"}],"wp:attachment":[{"href":"https:\/\/www.pandaclub.ch\/de\/wp-json\/wp\/v2\/media?parent=3892"}],"curies":[{"name":"wp","href":"https:\/\/api.w.org\/{rel}","templated":true}]}}