{"id":37105,"date":"2021-09-29T12:41:04","date_gmt":"2021-09-29T10:41:04","guid":{"rendered":"https:\/\/www.pandaclub.ch\/?page_id=37105"},"modified":"2026-04-28T09:16:21","modified_gmt":"2026-04-28T07:16:21","slug":"klima-und-klimakrise","status":"publish","type":"page","link":"https:\/\/www.pandaclub.ch\/de\/klima-und-klimakrise\/","title":{"rendered":"Klima und Klimakrise"},"content":{"rendered":"","protected":false},"excerpt":{"rendered":"","protected":false},"author":4,"featured_media":0,"parent":0,"menu_order":356,"comment_status":"closed","ping_status":"closed","template":"","meta":{"_acf_changed":false,"footnotes":""},"class_list":["post-37105","page","type-page","status-publish","hentry"],"acf":[],"yoast_head":"<!-- This site is optimized with the Yoast SEO plugin v27.2 - https:\/\/yoast.com\/product\/yoast-seo-wordpress\/ -->\n<title>Treibhauseffekt und Klimakrise - WWF - Panda Club<\/title>\n<meta name=\"description\" content=\"Was ist der Treibhauseffekt, und was k\u00f6nnen wir tun, um das Klima zu sch\u00fctzen? Informationen \u00fcber den Klimawandel auf der Kinderwebseite Panda Club des WWF.\" \/>\n<meta name=\"robots\" content=\"index, follow, max-snippet:-1, max-image-preview:large, max-video-preview:-1\" \/>\n<link rel=\"canonical\" href=\"https:\/\/www.pandaclub.ch\/de\/klima-und-klimakrise\/\" \/>\n<meta name=\"twitter:card\" content=\"summary_large_image\" \/>\n<meta name=\"twitter:title\" content=\"Treibhauseffekt und Klimakrise - WWF - Panda Club\" \/>\n<meta name=\"twitter:description\" content=\"Was ist der Treibhauseffekt, und was k\u00f6nnen wir tun, um das Klima zu sch\u00fctzen? Informationen \u00fcber den Klimawandel auf der Kinderwebseite Panda Club des WWF.\" \/>\n<script type=\"application\/ld+json\" class=\"yoast-schema-graph\">{\"@context\":\"https:\/\/schema.org\",\"@graph\":[{\"@type\":\"WebPage\",\"@id\":\"https:\/\/www.pandaclub.ch\/de\/klima-und-klimakrise\/\",\"url\":\"https:\/\/www.pandaclub.ch\/de\/klima-und-klimakrise\/\",\"name\":\"Treibhauseffekt und Klimakrise - WWF - Panda Club\",\"isPartOf\":{\"@id\":\"https:\/\/www.pandaclub.ch\/de\/#website\"},\"datePublished\":\"2021-09-29T10:41:04+00:00\",\"dateModified\":\"2026-04-28T07:16:21+00:00\",\"description\":\"Was ist der Treibhauseffekt, und was k\u00f6nnen wir tun, um das Klima zu sch\u00fctzen? Informationen \u00fcber den Klimawandel auf der Kinderwebseite Panda Club des WWF.\",\"breadcrumb\":{\"@id\":\"https:\/\/www.pandaclub.ch\/de\/klima-und-klimakrise\/#breadcrumb\"},\"inLanguage\":\"de\",\"potentialAction\":[{\"@type\":\"ReadAction\",\"target\":[\"https:\/\/www.pandaclub.ch\/de\/klima-und-klimakrise\/\"]}]},{\"@type\":\"BreadcrumbList\",\"@id\":\"https:\/\/www.pandaclub.ch\/de\/klima-und-klimakrise\/#breadcrumb\",\"itemListElement\":[{\"@type\":\"ListItem\",\"position\":1,\"name\":\"Home\",\"item\":\"https:\/\/www.pandaclub.ch\/de\/\"},{\"@type\":\"ListItem\",\"position\":2,\"name\":\"Klima und Klimakrise\"}]},{\"@type\":\"WebSite\",\"@id\":\"https:\/\/www.pandaclub.ch\/de\/#website\",\"url\":\"https:\/\/www.pandaclub.ch\/de\/\",\"name\":\"WWF - Panda Club\",\"description\":\"Die Kinderwebseite des WWF Schweiz\",\"potentialAction\":[{\"@type\":\"SearchAction\",\"target\":{\"@type\":\"EntryPoint\",\"urlTemplate\":\"https:\/\/www.pandaclub.ch\/de\/?s={search_term_string}\"},\"query-input\":{\"@type\":\"PropertyValueSpecification\",\"valueRequired\":true,\"valueName\":\"search_term_string\"}}],\"inLanguage\":\"de\"}]}<\/script>\n<!-- \/ Yoast SEO plugin. -->","yoast_head_json":{"title":"Treibhauseffekt und Klimakrise - WWF - Panda Club","description":"Was ist der Treibhauseffekt, und was k\u00f6nnen wir tun, um das Klima zu sch\u00fctzen? Informationen \u00fcber den Klimawandel auf der Kinderwebseite Panda Club des WWF.","robots":{"index":"index","follow":"follow","max-snippet":"max-snippet:-1","max-image-preview":"max-image-preview:large","max-video-preview":"max-video-preview:-1"},"canonical":"https:\/\/www.pandaclub.ch\/de\/klima-und-klimakrise\/","twitter_card":"summary_large_image","twitter_title":"Treibhauseffekt und Klimakrise - WWF - Panda Club","twitter_description":"Was ist der Treibhauseffekt, und was k\u00f6nnen wir tun, um das Klima zu sch\u00fctzen? Informationen \u00fcber den Klimawandel auf der Kinderwebseite Panda Club des WWF.","schema":{"@context":"https:\/\/schema.org","@graph":[{"@type":"WebPage","@id":"https:\/\/www.pandaclub.ch\/de\/klima-und-klimakrise\/","url":"https:\/\/www.pandaclub.ch\/de\/klima-und-klimakrise\/","name":"Treibhauseffekt und Klimakrise - WWF - Panda Club","isPartOf":{"@id":"https:\/\/www.pandaclub.ch\/de\/#website"},"datePublished":"2021-09-29T10:41:04+00:00","dateModified":"2026-04-28T07:16:21+00:00","description":"Was ist der Treibhauseffekt, und was k\u00f6nnen wir tun, um das Klima zu sch\u00fctzen? Informationen \u00fcber den Klimawandel auf der Kinderwebseite Panda Club des WWF.","breadcrumb":{"@id":"https:\/\/www.pandaclub.ch\/de\/klima-und-klimakrise\/#breadcrumb"},"inLanguage":"de","potentialAction":[{"@type":"ReadAction","target":["https:\/\/www.pandaclub.ch\/de\/klima-und-klimakrise\/"]}]},{"@type":"BreadcrumbList","@id":"https:\/\/www.pandaclub.ch\/de\/klima-und-klimakrise\/#breadcrumb","itemListElement":[{"@type":"ListItem","position":1,"name":"Home","item":"https:\/\/www.pandaclub.ch\/de\/"},{"@type":"ListItem","position":2,"name":"Klima und Klimakrise"}]},{"@type":"WebSite","@id":"https:\/\/www.pandaclub.ch\/de\/#website","url":"https:\/\/www.pandaclub.ch\/de\/","name":"WWF - Panda Club","description":"Die Kinderwebseite des WWF Schweiz","potentialAction":[{"@type":"SearchAction","target":{"@type":"EntryPoint","urlTemplate":"https:\/\/www.pandaclub.ch\/de\/?s={search_term_string}"},"query-input":{"@type":"PropertyValueSpecification","valueRequired":true,"valueName":"search_term_string"}}],"inLanguage":"de"}]}},"_links":{"self":[{"href":"https:\/\/www.pandaclub.ch\/de\/wp-json\/wp\/v2\/pages\/37105","targetHints":{"allow":["GET"]}}],"collection":[{"href":"https:\/\/www.pandaclub.ch\/de\/wp-json\/wp\/v2\/pages"}],"about":[{"href":"https:\/\/www.pandaclub.ch\/de\/wp-json\/wp\/v2\/types\/page"}],"author":[{"embeddable":true,"href":"https:\/\/www.pandaclub.ch\/de\/wp-json\/wp\/v2\/users\/4"}],"replies":[{"embeddable":true,"href":"https:\/\/www.pandaclub.ch\/de\/wp-json\/wp\/v2\/comments?post=37105"}],"version-history":[{"count":89,"href":"https:\/\/www.pandaclub.ch\/de\/wp-json\/wp\/v2\/pages\/37105\/revisions"}],"predecessor-version":[{"id":143267,"href":"https:\/\/www.pandaclub.ch\/de\/wp-json\/wp\/v2\/pages\/37105\/revisions\/143267"}],"wp:attachment":[{"href":"https:\/\/www.pandaclub.ch\/de\/wp-json\/wp\/v2\/media?parent=37105"}],"curies":[{"name":"wp","href":"https:\/\/api.w.org\/{rel}","templated":true}]}}