{"id":16496,"date":"2020-04-06T20:21:32","date_gmt":"2020-04-06T18:21:32","guid":{"rendered":"https:\/\/www.pandaclub.ch\/?page_id=16496"},"modified":"2020-04-06T20:24:10","modified_gmt":"2020-04-06T18:24:10","slug":"erstaunliche-froschwelt","status":"publish","type":"page","link":"https:\/\/www.pandaclub.ch\/de\/erstaunliche-froschwelt\/","title":{"rendered":"Erstaunliche Froschwelt"},"content":{"rendered":"","protected":false},"excerpt":{"rendered":"","protected":false},"author":4,"featured_media":0,"parent":0,"menu_order":431,"comment_status":"closed","ping_status":"closed","template":"","meta":{"_acf_changed":false,"footnotes":""},"class_list":["post-16496","page","type-page","status-publish","hentry"],"acf":[],"yoast_head":"<!-- This site is optimized with the Yoast SEO plugin v27.2 - https:\/\/yoast.com\/product\/yoast-seo-wordpress\/ -->\n<title>Erstaunliche Froschwelt - WWF - Panda Club<\/title>\n<meta name=\"description\" content=\"Fr\u00f6sche mit Sonnencreme, Fr\u00f6sche, die wie Schildkr\u00f6ten aussehen \u2013 erstaunliche Froscharten aus aller Welt auf der Kinderwebsite Panda Club des WWF Schweiz.\" \/>\n<meta name=\"robots\" content=\"index, follow, max-snippet:-1, max-image-preview:large, max-video-preview:-1\" \/>\n<link rel=\"canonical\" href=\"https:\/\/www.pandaclub.ch\/de\/erstaunliche-froschwelt\/\" \/>\n<meta name=\"twitter:card\" content=\"summary_large_image\" \/>\n<meta name=\"twitter:title\" content=\"Erstaunliche Froschwelt - WWF - Panda Club\" \/>\n<meta name=\"twitter:description\" content=\"Fr\u00f6sche mit Sonnencreme, Fr\u00f6sche, die wie Schildkr\u00f6ten aussehen \u2013 erstaunliche Froscharten aus aller Welt auf der Kinderwebsite Panda Club des WWF Schweiz.\" \/>\n<script type=\"application\/ld+json\" class=\"yoast-schema-graph\">{\"@context\":\"https:\/\/schema.org\",\"@graph\":[{\"@type\":\"WebPage\",\"@id\":\"https:\/\/www.pandaclub.ch\/de\/erstaunliche-froschwelt\/\",\"url\":\"https:\/\/www.pandaclub.ch\/de\/erstaunliche-froschwelt\/\",\"name\":\"Erstaunliche Froschwelt - WWF - Panda Club\",\"isPartOf\":{\"@id\":\"https:\/\/www.pandaclub.ch\/de\/#website\"},\"datePublished\":\"2020-04-06T18:21:32+00:00\",\"dateModified\":\"2020-04-06T18:24:10+00:00\",\"description\":\"Fr\u00f6sche mit Sonnencreme, Fr\u00f6sche, die wie Schildkr\u00f6ten aussehen \u2013 erstaunliche Froscharten aus aller Welt auf der Kinderwebsite Panda Club des WWF Schweiz.\",\"breadcrumb\":{\"@id\":\"https:\/\/www.pandaclub.ch\/de\/erstaunliche-froschwelt\/#breadcrumb\"},\"inLanguage\":\"de\",\"potentialAction\":[{\"@type\":\"ReadAction\",\"target\":[\"https:\/\/www.pandaclub.ch\/de\/erstaunliche-froschwelt\/\"]}]},{\"@type\":\"BreadcrumbList\",\"@id\":\"https:\/\/www.pandaclub.ch\/de\/erstaunliche-froschwelt\/#breadcrumb\",\"itemListElement\":[{\"@type\":\"ListItem\",\"position\":1,\"name\":\"Home\",\"item\":\"https:\/\/www.pandaclub.ch\/de\/\"},{\"@type\":\"ListItem\",\"position\":2,\"name\":\"Erstaunliche Froschwelt\"}]},{\"@type\":\"WebSite\",\"@id\":\"https:\/\/www.pandaclub.ch\/de\/#website\",\"url\":\"https:\/\/www.pandaclub.ch\/de\/\",\"name\":\"WWF - Panda Club\",\"description\":\"Die Kinderwebseite des WWF Schweiz\",\"potentialAction\":[{\"@type\":\"SearchAction\",\"target\":{\"@type\":\"EntryPoint\",\"urlTemplate\":\"https:\/\/www.pandaclub.ch\/de\/?s={search_term_string}\"},\"query-input\":{\"@type\":\"PropertyValueSpecification\",\"valueRequired\":true,\"valueName\":\"search_term_string\"}}],\"inLanguage\":\"de\"}]}<\/script>\n<!-- \/ Yoast SEO plugin. -->","yoast_head_json":{"title":"Erstaunliche Froschwelt - WWF - Panda Club","description":"Fr\u00f6sche mit Sonnencreme, Fr\u00f6sche, die wie Schildkr\u00f6ten aussehen \u2013 erstaunliche Froscharten aus aller Welt auf der Kinderwebsite Panda Club des WWF Schweiz.","robots":{"index":"index","follow":"follow","max-snippet":"max-snippet:-1","max-image-preview":"max-image-preview:large","max-video-preview":"max-video-preview:-1"},"canonical":"https:\/\/www.pandaclub.ch\/de\/erstaunliche-froschwelt\/","twitter_card":"summary_large_image","twitter_title":"Erstaunliche Froschwelt - WWF - Panda Club","twitter_description":"Fr\u00f6sche mit Sonnencreme, Fr\u00f6sche, die wie Schildkr\u00f6ten aussehen \u2013 erstaunliche Froscharten aus aller Welt auf der Kinderwebsite Panda Club des WWF Schweiz.","schema":{"@context":"https:\/\/schema.org","@graph":[{"@type":"WebPage","@id":"https:\/\/www.pandaclub.ch\/de\/erstaunliche-froschwelt\/","url":"https:\/\/www.pandaclub.ch\/de\/erstaunliche-froschwelt\/","name":"Erstaunliche Froschwelt - WWF - Panda Club","isPartOf":{"@id":"https:\/\/www.pandaclub.ch\/de\/#website"},"datePublished":"2020-04-06T18:21:32+00:00","dateModified":"2020-04-06T18:24:10+00:00","description":"Fr\u00f6sche mit Sonnencreme, Fr\u00f6sche, die wie Schildkr\u00f6ten aussehen \u2013 erstaunliche Froscharten aus aller Welt auf der Kinderwebsite Panda Club des WWF Schweiz.","breadcrumb":{"@id":"https:\/\/www.pandaclub.ch\/de\/erstaunliche-froschwelt\/#breadcrumb"},"inLanguage":"de","potentialAction":[{"@type":"ReadAction","target":["https:\/\/www.pandaclub.ch\/de\/erstaunliche-froschwelt\/"]}]},{"@type":"BreadcrumbList","@id":"https:\/\/www.pandaclub.ch\/de\/erstaunliche-froschwelt\/#breadcrumb","itemListElement":[{"@type":"ListItem","position":1,"name":"Home","item":"https:\/\/www.pandaclub.ch\/de\/"},{"@type":"ListItem","position":2,"name":"Erstaunliche Froschwelt"}]},{"@type":"WebSite","@id":"https:\/\/www.pandaclub.ch\/de\/#website","url":"https:\/\/www.pandaclub.ch\/de\/","name":"WWF - Panda Club","description":"Die Kinderwebseite des WWF Schweiz","potentialAction":[{"@type":"SearchAction","target":{"@type":"EntryPoint","urlTemplate":"https:\/\/www.pandaclub.ch\/de\/?s={search_term_string}"},"query-input":{"@type":"PropertyValueSpecification","valueRequired":true,"valueName":"search_term_string"}}],"inLanguage":"de"}]}},"_links":{"self":[{"href":"https:\/\/www.pandaclub.ch\/de\/wp-json\/wp\/v2\/pages\/16496","targetHints":{"allow":["GET"]}}],"collection":[{"href":"https:\/\/www.pandaclub.ch\/de\/wp-json\/wp\/v2\/pages"}],"about":[{"href":"https:\/\/www.pandaclub.ch\/de\/wp-json\/wp\/v2\/types\/page"}],"author":[{"embeddable":true,"href":"https:\/\/www.pandaclub.ch\/de\/wp-json\/wp\/v2\/users\/4"}],"replies":[{"embeddable":true,"href":"https:\/\/www.pandaclub.ch\/de\/wp-json\/wp\/v2\/comments?post=16496"}],"version-history":[{"count":13,"href":"https:\/\/www.pandaclub.ch\/de\/wp-json\/wp\/v2\/pages\/16496\/revisions"}],"predecessor-version":[{"id":18365,"href":"https:\/\/www.pandaclub.ch\/de\/wp-json\/wp\/v2\/pages\/16496\/revisions\/18365"}],"wp:attachment":[{"href":"https:\/\/www.pandaclub.ch\/de\/wp-json\/wp\/v2\/media?parent=16496"}],"curies":[{"name":"wp","href":"https:\/\/api.w.org\/{rel}","templated":true}]}}