{"id":142400,"date":"2026-04-27T12:17:38","date_gmt":"2026-04-27T10:17:38","guid":{"rendered":"https:\/\/www.pandaclub.ch\/?page_id=142400"},"modified":"2026-04-28T16:16:50","modified_gmt":"2026-04-28T14:16:50","slug":"wer-landet-den-volltreffer","status":"publish","type":"page","link":"https:\/\/www.pandaclub.ch\/de\/wer-landet-den-volltreffer\/","title":{"rendered":"Wer landet den Volltreffer?"},"content":{"rendered":"","protected":false},"excerpt":{"rendered":"","protected":false},"author":41,"featured_media":0,"parent":0,"menu_order":2,"comment_status":"closed","ping_status":"closed","template":"","meta":{"_acf_changed":false,"footnotes":""},"class_list":["post-142400","page","type-page","status-publish","hentry"],"acf":[],"yoast_head":"<!-- This site is optimized with the Yoast SEO plugin v27.2 - https:\/\/yoast.com\/product\/yoast-seo-wordpress\/ -->\n<title>Bastelanleitung f\u00fcr Wurfs\u00e4ckchen aus Stoffresten - WWF - Panda Club<\/title>\n<meta name=\"description\" content=\"N\u00e4he aus Stoffresten Wurfs\u00e4ckchen und spiele verschiedene Wurfspiele. Eine Bastelanleitung f\u00fcr Kinder vom Panda Club des WWF.\" \/>\n<meta name=\"robots\" content=\"index, follow, max-snippet:-1, max-image-preview:large, max-video-preview:-1\" \/>\n<link rel=\"canonical\" href=\"https:\/\/www.pandaclub.ch\/de\/wer-landet-den-volltreffer\/\" \/>\n<meta name=\"twitter:card\" content=\"summary_large_image\" \/>\n<meta name=\"twitter:title\" content=\"Bastelanleitung f\u00fcr Wurfs\u00e4ckchen aus Stoffresten - WWF - Panda Club\" \/>\n<meta name=\"twitter:description\" content=\"N\u00e4he aus Stoffresten Wurfs\u00e4ckchen und spiele verschiedene Wurfspiele. Eine Bastelanleitung f\u00fcr Kinder vom Panda Club des WWF.\" \/>\n<script type=\"application\/ld+json\" class=\"yoast-schema-graph\">{\"@context\":\"https:\/\/schema.org\",\"@graph\":[{\"@type\":\"WebPage\",\"@id\":\"https:\/\/www.pandaclub.ch\/de\/wer-landet-den-volltreffer\/\",\"url\":\"https:\/\/www.pandaclub.ch\/de\/wer-landet-den-volltreffer\/\",\"name\":\"Bastelanleitung f\u00fcr Wurfs\u00e4ckchen aus Stoffresten - WWF - Panda Club\",\"isPartOf\":{\"@id\":\"https:\/\/www.pandaclub.ch\/de\/#website\"},\"datePublished\":\"2026-04-27T10:17:38+00:00\",\"dateModified\":\"2026-04-28T14:16:50+00:00\",\"description\":\"N\u00e4he aus Stoffresten Wurfs\u00e4ckchen und spiele verschiedene Wurfspiele. Eine Bastelanleitung f\u00fcr Kinder vom Panda Club des WWF.\",\"breadcrumb\":{\"@id\":\"https:\/\/www.pandaclub.ch\/de\/wer-landet-den-volltreffer\/#breadcrumb\"},\"inLanguage\":\"de\",\"potentialAction\":[{\"@type\":\"ReadAction\",\"target\":[\"https:\/\/www.pandaclub.ch\/de\/wer-landet-den-volltreffer\/\"]}]},{\"@type\":\"BreadcrumbList\",\"@id\":\"https:\/\/www.pandaclub.ch\/de\/wer-landet-den-volltreffer\/#breadcrumb\",\"itemListElement\":[{\"@type\":\"ListItem\",\"position\":1,\"name\":\"Home\",\"item\":\"https:\/\/www.pandaclub.ch\/de\/\"},{\"@type\":\"ListItem\",\"position\":2,\"name\":\"Wer landet den Volltreffer?\"}]},{\"@type\":\"WebSite\",\"@id\":\"https:\/\/www.pandaclub.ch\/de\/#website\",\"url\":\"https:\/\/www.pandaclub.ch\/de\/\",\"name\":\"WWF - Panda Club\",\"description\":\"Die Kinderwebseite des WWF Schweiz\",\"potentialAction\":[{\"@type\":\"SearchAction\",\"target\":{\"@type\":\"EntryPoint\",\"urlTemplate\":\"https:\/\/www.pandaclub.ch\/de\/?s={search_term_string}\"},\"query-input\":{\"@type\":\"PropertyValueSpecification\",\"valueRequired\":true,\"valueName\":\"search_term_string\"}}],\"inLanguage\":\"de\"}]}<\/script>\n<!-- \/ Yoast SEO plugin. -->","yoast_head_json":{"title":"Bastelanleitung f\u00fcr Wurfs\u00e4ckchen aus Stoffresten - WWF - Panda Club","description":"N\u00e4he aus Stoffresten Wurfs\u00e4ckchen und spiele verschiedene Wurfspiele. Eine Bastelanleitung f\u00fcr Kinder vom Panda Club des WWF.","robots":{"index":"index","follow":"follow","max-snippet":"max-snippet:-1","max-image-preview":"max-image-preview:large","max-video-preview":"max-video-preview:-1"},"canonical":"https:\/\/www.pandaclub.ch\/de\/wer-landet-den-volltreffer\/","twitter_card":"summary_large_image","twitter_title":"Bastelanleitung f\u00fcr Wurfs\u00e4ckchen aus Stoffresten - WWF - Panda Club","twitter_description":"N\u00e4he aus Stoffresten Wurfs\u00e4ckchen und spiele verschiedene Wurfspiele. Eine Bastelanleitung f\u00fcr Kinder vom Panda Club des WWF.","schema":{"@context":"https:\/\/schema.org","@graph":[{"@type":"WebPage","@id":"https:\/\/www.pandaclub.ch\/de\/wer-landet-den-volltreffer\/","url":"https:\/\/www.pandaclub.ch\/de\/wer-landet-den-volltreffer\/","name":"Bastelanleitung f\u00fcr Wurfs\u00e4ckchen aus Stoffresten - WWF - Panda Club","isPartOf":{"@id":"https:\/\/www.pandaclub.ch\/de\/#website"},"datePublished":"2026-04-27T10:17:38+00:00","dateModified":"2026-04-28T14:16:50+00:00","description":"N\u00e4he aus Stoffresten Wurfs\u00e4ckchen und spiele verschiedene Wurfspiele. Eine Bastelanleitung f\u00fcr Kinder vom Panda Club des WWF.","breadcrumb":{"@id":"https:\/\/www.pandaclub.ch\/de\/wer-landet-den-volltreffer\/#breadcrumb"},"inLanguage":"de","potentialAction":[{"@type":"ReadAction","target":["https:\/\/www.pandaclub.ch\/de\/wer-landet-den-volltreffer\/"]}]},{"@type":"BreadcrumbList","@id":"https:\/\/www.pandaclub.ch\/de\/wer-landet-den-volltreffer\/#breadcrumb","itemListElement":[{"@type":"ListItem","position":1,"name":"Home","item":"https:\/\/www.pandaclub.ch\/de\/"},{"@type":"ListItem","position":2,"name":"Wer landet den Volltreffer?"}]},{"@type":"WebSite","@id":"https:\/\/www.pandaclub.ch\/de\/#website","url":"https:\/\/www.pandaclub.ch\/de\/","name":"WWF - Panda Club","description":"Die Kinderwebseite des WWF Schweiz","potentialAction":[{"@type":"SearchAction","target":{"@type":"EntryPoint","urlTemplate":"https:\/\/www.pandaclub.ch\/de\/?s={search_term_string}"},"query-input":{"@type":"PropertyValueSpecification","valueRequired":true,"valueName":"search_term_string"}}],"inLanguage":"de"}]}},"_links":{"self":[{"href":"https:\/\/www.pandaclub.ch\/de\/wp-json\/wp\/v2\/pages\/142400","targetHints":{"allow":["GET"]}}],"collection":[{"href":"https:\/\/www.pandaclub.ch\/de\/wp-json\/wp\/v2\/pages"}],"about":[{"href":"https:\/\/www.pandaclub.ch\/de\/wp-json\/wp\/v2\/types\/page"}],"author":[{"embeddable":true,"href":"https:\/\/www.pandaclub.ch\/de\/wp-json\/wp\/v2\/users\/41"}],"replies":[{"embeddable":true,"href":"https:\/\/www.pandaclub.ch\/de\/wp-json\/wp\/v2\/comments?post=142400"}],"version-history":[{"count":12,"href":"https:\/\/www.pandaclub.ch\/de\/wp-json\/wp\/v2\/pages\/142400\/revisions"}],"predecessor-version":[{"id":143398,"href":"https:\/\/www.pandaclub.ch\/de\/wp-json\/wp\/v2\/pages\/142400\/revisions\/143398"}],"wp:attachment":[{"href":"https:\/\/www.pandaclub.ch\/de\/wp-json\/wp\/v2\/media?parent=142400"}],"curies":[{"name":"wp","href":"https:\/\/api.w.org\/{rel}","templated":true}]}}