{"id":141759,"date":"2026-04-27T10:41:36","date_gmt":"2026-04-27T08:41:36","guid":{"rendered":"https:\/\/www.pandaclub.ch\/?page_id=141759"},"modified":"2026-04-27T10:41:36","modified_gmt":"2026-04-27T08:41:36","slug":"loewenzahngelee","status":"publish","type":"page","link":"https:\/\/www.pandaclub.ch\/de\/loewenzahngelee\/","title":{"rendered":"L\u00f6wenzahngelee"},"content":{"rendered":"","protected":false},"excerpt":{"rendered":"","protected":false},"author":41,"featured_media":0,"parent":0,"menu_order":3,"comment_status":"closed","ping_status":"closed","template":"","meta":{"_acf_changed":false,"footnotes":""},"class_list":["post-141759","page","type-page","status-publish","hentry"],"acf":[],"yoast_head":"<!-- This site is optimized with the Yoast SEO plugin v27.2 - https:\/\/yoast.com\/product\/yoast-seo-wordpress\/ -->\n<title>L\u00f6wenzahngelee - WWF - Panda Club<\/title>\n<meta name=\"description\" content=\"L\u00f6wenzahn findest du im Fr\u00fchling \u00fcberall auf unseren bl\u00fchenden Wiesen. Sammle sie und mach daraus ein L\u00f6wenzahngelee f\u00fcr dein Fr\u00fchst\u00fccksbrot.\" \/>\n<meta name=\"robots\" content=\"index, follow, max-snippet:-1, max-image-preview:large, max-video-preview:-1\" \/>\n<link rel=\"canonical\" href=\"https:\/\/www.pandaclub.ch\/de\/loewenzahngelee\/\" \/>\n<meta name=\"twitter:card\" content=\"summary_large_image\" \/>\n<meta name=\"twitter:title\" content=\"L\u00f6wenzahngelee - WWF - Panda Club\" \/>\n<meta name=\"twitter:description\" content=\"L\u00f6wenzahn findest du im Fr\u00fchling \u00fcberall auf unseren bl\u00fchenden Wiesen. Sammle sie und mach daraus ein L\u00f6wenzahngelee f\u00fcr dein Fr\u00fchst\u00fccksbrot.\" \/>\n<script type=\"application\/ld+json\" class=\"yoast-schema-graph\">{\"@context\":\"https:\/\/schema.org\",\"@graph\":[{\"@type\":\"WebPage\",\"@id\":\"https:\/\/www.pandaclub.ch\/de\/loewenzahngelee\/\",\"url\":\"https:\/\/www.pandaclub.ch\/de\/loewenzahngelee\/\",\"name\":\"L\u00f6wenzahngelee - WWF - Panda Club\",\"isPartOf\":{\"@id\":\"https:\/\/www.pandaclub.ch\/de\/#website\"},\"datePublished\":\"2026-04-27T08:41:36+00:00\",\"description\":\"L\u00f6wenzahn findest du im Fr\u00fchling \u00fcberall auf unseren bl\u00fchenden Wiesen. Sammle sie und mach daraus ein L\u00f6wenzahngelee f\u00fcr dein Fr\u00fchst\u00fccksbrot.\",\"breadcrumb\":{\"@id\":\"https:\/\/www.pandaclub.ch\/de\/loewenzahngelee\/#breadcrumb\"},\"inLanguage\":\"de\",\"potentialAction\":[{\"@type\":\"ReadAction\",\"target\":[\"https:\/\/www.pandaclub.ch\/de\/loewenzahngelee\/\"]}]},{\"@type\":\"BreadcrumbList\",\"@id\":\"https:\/\/www.pandaclub.ch\/de\/loewenzahngelee\/#breadcrumb\",\"itemListElement\":[{\"@type\":\"ListItem\",\"position\":1,\"name\":\"Home\",\"item\":\"https:\/\/www.pandaclub.ch\/de\/\"},{\"@type\":\"ListItem\",\"position\":2,\"name\":\"L\u00f6wenzahngelee\"}]},{\"@type\":\"WebSite\",\"@id\":\"https:\/\/www.pandaclub.ch\/de\/#website\",\"url\":\"https:\/\/www.pandaclub.ch\/de\/\",\"name\":\"WWF - Panda Club\",\"description\":\"Die Kinderwebseite des WWF Schweiz\",\"potentialAction\":[{\"@type\":\"SearchAction\",\"target\":{\"@type\":\"EntryPoint\",\"urlTemplate\":\"https:\/\/www.pandaclub.ch\/de\/?s={search_term_string}\"},\"query-input\":{\"@type\":\"PropertyValueSpecification\",\"valueRequired\":true,\"valueName\":\"search_term_string\"}}],\"inLanguage\":\"de\"}]}<\/script>\n<!-- \/ Yoast SEO plugin. -->","yoast_head_json":{"title":"L\u00f6wenzahngelee - WWF - Panda Club","description":"L\u00f6wenzahn findest du im Fr\u00fchling \u00fcberall auf unseren bl\u00fchenden Wiesen. Sammle sie und mach daraus ein L\u00f6wenzahngelee f\u00fcr dein Fr\u00fchst\u00fccksbrot.","robots":{"index":"index","follow":"follow","max-snippet":"max-snippet:-1","max-image-preview":"max-image-preview:large","max-video-preview":"max-video-preview:-1"},"canonical":"https:\/\/www.pandaclub.ch\/de\/loewenzahngelee\/","twitter_card":"summary_large_image","twitter_title":"L\u00f6wenzahngelee - WWF - Panda Club","twitter_description":"L\u00f6wenzahn findest du im Fr\u00fchling \u00fcberall auf unseren bl\u00fchenden Wiesen. Sammle sie und mach daraus ein L\u00f6wenzahngelee f\u00fcr dein Fr\u00fchst\u00fccksbrot.","schema":{"@context":"https:\/\/schema.org","@graph":[{"@type":"WebPage","@id":"https:\/\/www.pandaclub.ch\/de\/loewenzahngelee\/","url":"https:\/\/www.pandaclub.ch\/de\/loewenzahngelee\/","name":"L\u00f6wenzahngelee - WWF - Panda Club","isPartOf":{"@id":"https:\/\/www.pandaclub.ch\/de\/#website"},"datePublished":"2026-04-27T08:41:36+00:00","description":"L\u00f6wenzahn findest du im Fr\u00fchling \u00fcberall auf unseren bl\u00fchenden Wiesen. Sammle sie und mach daraus ein L\u00f6wenzahngelee f\u00fcr dein Fr\u00fchst\u00fccksbrot.","breadcrumb":{"@id":"https:\/\/www.pandaclub.ch\/de\/loewenzahngelee\/#breadcrumb"},"inLanguage":"de","potentialAction":[{"@type":"ReadAction","target":["https:\/\/www.pandaclub.ch\/de\/loewenzahngelee\/"]}]},{"@type":"BreadcrumbList","@id":"https:\/\/www.pandaclub.ch\/de\/loewenzahngelee\/#breadcrumb","itemListElement":[{"@type":"ListItem","position":1,"name":"Home","item":"https:\/\/www.pandaclub.ch\/de\/"},{"@type":"ListItem","position":2,"name":"L\u00f6wenzahngelee"}]},{"@type":"WebSite","@id":"https:\/\/www.pandaclub.ch\/de\/#website","url":"https:\/\/www.pandaclub.ch\/de\/","name":"WWF - Panda Club","description":"Die Kinderwebseite des WWF Schweiz","potentialAction":[{"@type":"SearchAction","target":{"@type":"EntryPoint","urlTemplate":"https:\/\/www.pandaclub.ch\/de\/?s={search_term_string}"},"query-input":{"@type":"PropertyValueSpecification","valueRequired":true,"valueName":"search_term_string"}}],"inLanguage":"de"}]}},"_links":{"self":[{"href":"https:\/\/www.pandaclub.ch\/de\/wp-json\/wp\/v2\/pages\/141759","targetHints":{"allow":["GET"]}}],"collection":[{"href":"https:\/\/www.pandaclub.ch\/de\/wp-json\/wp\/v2\/pages"}],"about":[{"href":"https:\/\/www.pandaclub.ch\/de\/wp-json\/wp\/v2\/types\/page"}],"author":[{"embeddable":true,"href":"https:\/\/www.pandaclub.ch\/de\/wp-json\/wp\/v2\/users\/41"}],"replies":[{"embeddable":true,"href":"https:\/\/www.pandaclub.ch\/de\/wp-json\/wp\/v2\/comments?post=141759"}],"version-history":[{"count":28,"href":"https:\/\/www.pandaclub.ch\/de\/wp-json\/wp\/v2\/pages\/141759\/revisions"}],"predecessor-version":[{"id":142796,"href":"https:\/\/www.pandaclub.ch\/de\/wp-json\/wp\/v2\/pages\/141759\/revisions\/142796"}],"wp:attachment":[{"href":"https:\/\/www.pandaclub.ch\/de\/wp-json\/wp\/v2\/media?parent=141759"}],"curies":[{"name":"wp","href":"https:\/\/api.w.org\/{rel}","templated":true}]}}