{"id":127673,"date":"2025-06-25T18:10:53","date_gmt":"2025-06-25T16:10:53","guid":{"rendered":"https:\/\/www.pandaclub.ch\/?page_id=127673"},"modified":"2025-07-29T09:33:08","modified_gmt":"2025-07-29T07:33:08","slug":"loesung-des-waldraetsels","status":"publish","type":"page","link":"https:\/\/www.pandaclub.ch\/de\/loesung-des-waldraetsels\/","title":{"rendered":"L\u00f6sung des Waldr\u00e4tsels"},"content":{"rendered":"","protected":false},"excerpt":{"rendered":"","protected":false},"author":4,"featured_media":0,"parent":0,"menu_order":32,"comment_status":"closed","ping_status":"closed","template":"","meta":{"_acf_changed":false,"footnotes":""},"class_list":["post-127673","page","type-page","status-publish","hentry"],"acf":[],"yoast_head":"<!-- This site is optimized with the Yoast SEO plugin v27.2 - https:\/\/yoast.com\/product\/yoast-seo-wordpress\/ -->\n<title>L\u00f6sung des Waldr\u00e4tsels - WWF - Panda Club<\/title>\n<meta name=\"description\" content=\"L\u00f6sung zum Waldr\u00e4tsel im Panda-Club-Magazin 5\/25 \u00fcber den Wald.\" \/>\n<meta name=\"robots\" content=\"index, follow, max-snippet:-1, max-image-preview:large, max-video-preview:-1\" \/>\n<link rel=\"canonical\" href=\"https:\/\/www.pandaclub.ch\/de\/loesung-des-waldraetsels\/\" \/>\n<meta name=\"twitter:card\" content=\"summary_large_image\" \/>\n<meta name=\"twitter:title\" content=\"L\u00f6sung des Waldr\u00e4tsels - WWF - Panda Club\" \/>\n<meta name=\"twitter:description\" content=\"L\u00f6sung zum Waldr\u00e4tsel im Panda-Club-Magazin 5\/25 \u00fcber den Wald.\" \/>\n<script type=\"application\/ld+json\" class=\"yoast-schema-graph\">{\"@context\":\"https:\/\/schema.org\",\"@graph\":[{\"@type\":\"WebPage\",\"@id\":\"https:\/\/www.pandaclub.ch\/de\/loesung-des-waldraetsels\/\",\"url\":\"https:\/\/www.pandaclub.ch\/de\/loesung-des-waldraetsels\/\",\"name\":\"L\u00f6sung des Waldr\u00e4tsels - WWF - Panda Club\",\"isPartOf\":{\"@id\":\"https:\/\/www.pandaclub.ch\/de\/#website\"},\"datePublished\":\"2025-06-25T16:10:53+00:00\",\"dateModified\":\"2025-07-29T07:33:08+00:00\",\"description\":\"L\u00f6sung zum Waldr\u00e4tsel im Panda-Club-Magazin 5\/25 \u00fcber den Wald.\",\"breadcrumb\":{\"@id\":\"https:\/\/www.pandaclub.ch\/de\/loesung-des-waldraetsels\/#breadcrumb\"},\"inLanguage\":\"de\",\"potentialAction\":[{\"@type\":\"ReadAction\",\"target\":[\"https:\/\/www.pandaclub.ch\/de\/loesung-des-waldraetsels\/\"]}]},{\"@type\":\"BreadcrumbList\",\"@id\":\"https:\/\/www.pandaclub.ch\/de\/loesung-des-waldraetsels\/#breadcrumb\",\"itemListElement\":[{\"@type\":\"ListItem\",\"position\":1,\"name\":\"Home\",\"item\":\"https:\/\/www.pandaclub.ch\/de\/\"},{\"@type\":\"ListItem\",\"position\":2,\"name\":\"L\u00f6sung des Waldr\u00e4tsels\"}]},{\"@type\":\"WebSite\",\"@id\":\"https:\/\/www.pandaclub.ch\/de\/#website\",\"url\":\"https:\/\/www.pandaclub.ch\/de\/\",\"name\":\"WWF - Panda Club\",\"description\":\"Die Kinderwebseite des WWF Schweiz\",\"potentialAction\":[{\"@type\":\"SearchAction\",\"target\":{\"@type\":\"EntryPoint\",\"urlTemplate\":\"https:\/\/www.pandaclub.ch\/de\/?s={search_term_string}\"},\"query-input\":{\"@type\":\"PropertyValueSpecification\",\"valueRequired\":true,\"valueName\":\"search_term_string\"}}],\"inLanguage\":\"de\"}]}<\/script>\n<!-- \/ Yoast SEO plugin. -->","yoast_head_json":{"title":"L\u00f6sung des Waldr\u00e4tsels - WWF - Panda Club","description":"L\u00f6sung zum Waldr\u00e4tsel im Panda-Club-Magazin 5\/25 \u00fcber den Wald.","robots":{"index":"index","follow":"follow","max-snippet":"max-snippet:-1","max-image-preview":"max-image-preview:large","max-video-preview":"max-video-preview:-1"},"canonical":"https:\/\/www.pandaclub.ch\/de\/loesung-des-waldraetsels\/","twitter_card":"summary_large_image","twitter_title":"L\u00f6sung des Waldr\u00e4tsels - WWF - Panda Club","twitter_description":"L\u00f6sung zum Waldr\u00e4tsel im Panda-Club-Magazin 5\/25 \u00fcber den Wald.","schema":{"@context":"https:\/\/schema.org","@graph":[{"@type":"WebPage","@id":"https:\/\/www.pandaclub.ch\/de\/loesung-des-waldraetsels\/","url":"https:\/\/www.pandaclub.ch\/de\/loesung-des-waldraetsels\/","name":"L\u00f6sung des Waldr\u00e4tsels - WWF - Panda Club","isPartOf":{"@id":"https:\/\/www.pandaclub.ch\/de\/#website"},"datePublished":"2025-06-25T16:10:53+00:00","dateModified":"2025-07-29T07:33:08+00:00","description":"L\u00f6sung zum Waldr\u00e4tsel im Panda-Club-Magazin 5\/25 \u00fcber den Wald.","breadcrumb":{"@id":"https:\/\/www.pandaclub.ch\/de\/loesung-des-waldraetsels\/#breadcrumb"},"inLanguage":"de","potentialAction":[{"@type":"ReadAction","target":["https:\/\/www.pandaclub.ch\/de\/loesung-des-waldraetsels\/"]}]},{"@type":"BreadcrumbList","@id":"https:\/\/www.pandaclub.ch\/de\/loesung-des-waldraetsels\/#breadcrumb","itemListElement":[{"@type":"ListItem","position":1,"name":"Home","item":"https:\/\/www.pandaclub.ch\/de\/"},{"@type":"ListItem","position":2,"name":"L\u00f6sung des Waldr\u00e4tsels"}]},{"@type":"WebSite","@id":"https:\/\/www.pandaclub.ch\/de\/#website","url":"https:\/\/www.pandaclub.ch\/de\/","name":"WWF - Panda Club","description":"Die Kinderwebseite des WWF Schweiz","potentialAction":[{"@type":"SearchAction","target":{"@type":"EntryPoint","urlTemplate":"https:\/\/www.pandaclub.ch\/de\/?s={search_term_string}"},"query-input":{"@type":"PropertyValueSpecification","valueRequired":true,"valueName":"search_term_string"}}],"inLanguage":"de"}]}},"_links":{"self":[{"href":"https:\/\/www.pandaclub.ch\/de\/wp-json\/wp\/v2\/pages\/127673","targetHints":{"allow":["GET"]}}],"collection":[{"href":"https:\/\/www.pandaclub.ch\/de\/wp-json\/wp\/v2\/pages"}],"about":[{"href":"https:\/\/www.pandaclub.ch\/de\/wp-json\/wp\/v2\/types\/page"}],"author":[{"embeddable":true,"href":"https:\/\/www.pandaclub.ch\/de\/wp-json\/wp\/v2\/users\/4"}],"replies":[{"embeddable":true,"href":"https:\/\/www.pandaclub.ch\/de\/wp-json\/wp\/v2\/comments?post=127673"}],"version-history":[{"count":6,"href":"https:\/\/www.pandaclub.ch\/de\/wp-json\/wp\/v2\/pages\/127673\/revisions"}],"predecessor-version":[{"id":127780,"href":"https:\/\/www.pandaclub.ch\/de\/wp-json\/wp\/v2\/pages\/127673\/revisions\/127780"}],"wp:attachment":[{"href":"https:\/\/www.pandaclub.ch\/de\/wp-json\/wp\/v2\/media?parent=127673"}],"curies":[{"name":"wp","href":"https:\/\/api.w.org\/{rel}","templated":true}]}}