{"id":127459,"date":"2025-06-25T18:00:41","date_gmt":"2025-06-25T16:00:41","guid":{"rendered":"https:\/\/www.pandaclub.ch\/?page_id=127459"},"modified":"2025-06-25T18:06:37","modified_gmt":"2025-06-25T16:06:37","slug":"hoerner-oder-geweih","status":"publish","type":"page","link":"https:\/\/www.pandaclub.ch\/de\/hoerner-oder-geweih\/","title":{"rendered":"H\u00f6rner oder Geweih?"},"content":{"rendered":"","protected":false},"excerpt":{"rendered":"","protected":false},"author":4,"featured_media":0,"parent":0,"menu_order":42,"comment_status":"closed","ping_status":"closed","template":"","meta":{"_acf_changed":false,"footnotes":""},"class_list":["post-127459","page","type-page","status-publish","hentry"],"acf":[],"yoast_head":"<!-- This site is optimized with the Yoast SEO plugin v27.2 - https:\/\/yoast.com\/product\/yoast-seo-wordpress\/ -->\n<title>H\u00f6rner oder Geweih? - WWF - Panda Club<\/title>\n<meta name=\"description\" content=\"Steinb\u00f6cke haben H\u00f6rner, Rothirsche und Rehe ein Geweih. Was ist der Unterschied? Informationen \u00fcber Tiere auf der Kinderwebsite Panda Club des WWF.\" \/>\n<meta name=\"robots\" content=\"index, follow, max-snippet:-1, max-image-preview:large, max-video-preview:-1\" \/>\n<link rel=\"canonical\" href=\"https:\/\/www.pandaclub.ch\/de\/hoerner-oder-geweih\/\" \/>\n<meta name=\"twitter:card\" content=\"summary_large_image\" \/>\n<meta name=\"twitter:title\" content=\"H\u00f6rner oder Geweih? - WWF - Panda Club\" \/>\n<meta name=\"twitter:description\" content=\"Steinb\u00f6cke haben H\u00f6rner, Rothirsche und Rehe ein Geweih. Was ist der Unterschied? Informationen \u00fcber Tiere auf der Kinderwebsite Panda Club des WWF.\" \/>\n<script type=\"application\/ld+json\" class=\"yoast-schema-graph\">{\"@context\":\"https:\/\/schema.org\",\"@graph\":[{\"@type\":\"WebPage\",\"@id\":\"https:\/\/www.pandaclub.ch\/de\/hoerner-oder-geweih\/\",\"url\":\"https:\/\/www.pandaclub.ch\/de\/hoerner-oder-geweih\/\",\"name\":\"H\u00f6rner oder Geweih? - WWF - Panda Club\",\"isPartOf\":{\"@id\":\"https:\/\/www.pandaclub.ch\/de\/#website\"},\"datePublished\":\"2025-06-25T16:00:41+00:00\",\"dateModified\":\"2025-06-25T16:06:37+00:00\",\"description\":\"Steinb\u00f6cke haben H\u00f6rner, Rothirsche und Rehe ein Geweih. Was ist der Unterschied? Informationen \u00fcber Tiere auf der Kinderwebsite Panda Club des WWF.\",\"breadcrumb\":{\"@id\":\"https:\/\/www.pandaclub.ch\/de\/hoerner-oder-geweih\/#breadcrumb\"},\"inLanguage\":\"de\",\"potentialAction\":[{\"@type\":\"ReadAction\",\"target\":[\"https:\/\/www.pandaclub.ch\/de\/hoerner-oder-geweih\/\"]}]},{\"@type\":\"BreadcrumbList\",\"@id\":\"https:\/\/www.pandaclub.ch\/de\/hoerner-oder-geweih\/#breadcrumb\",\"itemListElement\":[{\"@type\":\"ListItem\",\"position\":1,\"name\":\"Home\",\"item\":\"https:\/\/www.pandaclub.ch\/de\/\"},{\"@type\":\"ListItem\",\"position\":2,\"name\":\"H\u00f6rner oder Geweih?\"}]},{\"@type\":\"WebSite\",\"@id\":\"https:\/\/www.pandaclub.ch\/de\/#website\",\"url\":\"https:\/\/www.pandaclub.ch\/de\/\",\"name\":\"WWF - Panda Club\",\"description\":\"Die Kinderwebseite des WWF Schweiz\",\"potentialAction\":[{\"@type\":\"SearchAction\",\"target\":{\"@type\":\"EntryPoint\",\"urlTemplate\":\"https:\/\/www.pandaclub.ch\/de\/?s={search_term_string}\"},\"query-input\":{\"@type\":\"PropertyValueSpecification\",\"valueRequired\":true,\"valueName\":\"search_term_string\"}}],\"inLanguage\":\"de\"}]}<\/script>\n<!-- \/ Yoast SEO plugin. -->","yoast_head_json":{"title":"H\u00f6rner oder Geweih? - WWF - Panda Club","description":"Steinb\u00f6cke haben H\u00f6rner, Rothirsche und Rehe ein Geweih. Was ist der Unterschied? Informationen \u00fcber Tiere auf der Kinderwebsite Panda Club des WWF.","robots":{"index":"index","follow":"follow","max-snippet":"max-snippet:-1","max-image-preview":"max-image-preview:large","max-video-preview":"max-video-preview:-1"},"canonical":"https:\/\/www.pandaclub.ch\/de\/hoerner-oder-geweih\/","twitter_card":"summary_large_image","twitter_title":"H\u00f6rner oder Geweih? - WWF - Panda Club","twitter_description":"Steinb\u00f6cke haben H\u00f6rner, Rothirsche und Rehe ein Geweih. Was ist der Unterschied? Informationen \u00fcber Tiere auf der Kinderwebsite Panda Club des WWF.","schema":{"@context":"https:\/\/schema.org","@graph":[{"@type":"WebPage","@id":"https:\/\/www.pandaclub.ch\/de\/hoerner-oder-geweih\/","url":"https:\/\/www.pandaclub.ch\/de\/hoerner-oder-geweih\/","name":"H\u00f6rner oder Geweih? - WWF - Panda Club","isPartOf":{"@id":"https:\/\/www.pandaclub.ch\/de\/#website"},"datePublished":"2025-06-25T16:00:41+00:00","dateModified":"2025-06-25T16:06:37+00:00","description":"Steinb\u00f6cke haben H\u00f6rner, Rothirsche und Rehe ein Geweih. Was ist der Unterschied? Informationen \u00fcber Tiere auf der Kinderwebsite Panda Club des WWF.","breadcrumb":{"@id":"https:\/\/www.pandaclub.ch\/de\/hoerner-oder-geweih\/#breadcrumb"},"inLanguage":"de","potentialAction":[{"@type":"ReadAction","target":["https:\/\/www.pandaclub.ch\/de\/hoerner-oder-geweih\/"]}]},{"@type":"BreadcrumbList","@id":"https:\/\/www.pandaclub.ch\/de\/hoerner-oder-geweih\/#breadcrumb","itemListElement":[{"@type":"ListItem","position":1,"name":"Home","item":"https:\/\/www.pandaclub.ch\/de\/"},{"@type":"ListItem","position":2,"name":"H\u00f6rner oder Geweih?"}]},{"@type":"WebSite","@id":"https:\/\/www.pandaclub.ch\/de\/#website","url":"https:\/\/www.pandaclub.ch\/de\/","name":"WWF - Panda Club","description":"Die Kinderwebseite des WWF Schweiz","potentialAction":[{"@type":"SearchAction","target":{"@type":"EntryPoint","urlTemplate":"https:\/\/www.pandaclub.ch\/de\/?s={search_term_string}"},"query-input":{"@type":"PropertyValueSpecification","valueRequired":true,"valueName":"search_term_string"}}],"inLanguage":"de"}]}},"_links":{"self":[{"href":"https:\/\/www.pandaclub.ch\/de\/wp-json\/wp\/v2\/pages\/127459","targetHints":{"allow":["GET"]}}],"collection":[{"href":"https:\/\/www.pandaclub.ch\/de\/wp-json\/wp\/v2\/pages"}],"about":[{"href":"https:\/\/www.pandaclub.ch\/de\/wp-json\/wp\/v2\/types\/page"}],"author":[{"embeddable":true,"href":"https:\/\/www.pandaclub.ch\/de\/wp-json\/wp\/v2\/users\/4"}],"replies":[{"embeddable":true,"href":"https:\/\/www.pandaclub.ch\/de\/wp-json\/wp\/v2\/comments?post=127459"}],"version-history":[{"count":5,"href":"https:\/\/www.pandaclub.ch\/de\/wp-json\/wp\/v2\/pages\/127459\/revisions"}],"predecessor-version":[{"id":127778,"href":"https:\/\/www.pandaclub.ch\/de\/wp-json\/wp\/v2\/pages\/127459\/revisions\/127778"}],"wp:attachment":[{"href":"https:\/\/www.pandaclub.ch\/de\/wp-json\/wp\/v2\/media?parent=127459"}],"curies":[{"name":"wp","href":"https:\/\/api.w.org\/{rel}","templated":true}]}}