{"id":127252,"date":"2025-09-24T15:29:54","date_gmt":"2025-09-24T13:29:54","guid":{"rendered":"https:\/\/www.pandaclub.ch\/?page_id=127252"},"modified":"2025-09-24T15:29:54","modified_gmt":"2025-09-24T13:29:54","slug":"ganz-nah-dran","status":"publish","type":"page","link":"https:\/\/www.pandaclub.ch\/de\/ganz-nah-dran\/","title":{"rendered":"Ganz nah dran"},"content":{"rendered":"","protected":false},"excerpt":{"rendered":"","protected":false},"author":4,"featured_media":0,"parent":0,"menu_order":42,"comment_status":"closed","ping_status":"closed","template":"","meta":{"_acf_changed":false,"footnotes":""},"class_list":["post-127252","page","type-page","status-publish","hentry"],"acf":[],"yoast_head":"<!-- This site is optimized with the Yoast SEO plugin v27.2 - https:\/\/yoast.com\/product\/yoast-seo-wordpress\/ -->\n<title>Zu welchem Tier geh\u00f6ren Haut oder Panzer? - WWF - Panda Club<\/title>\n<meta name=\"description\" content=\"Zu welchem Tier geh\u00f6ren Haut oder Panzer? Ein Tierr\u00e4tsel f\u00fcr Kinder vom Panda Club des WWF Schweiz.\" \/>\n<meta name=\"robots\" content=\"index, follow, max-snippet:-1, max-image-preview:large, max-video-preview:-1\" \/>\n<link rel=\"canonical\" href=\"https:\/\/www.pandaclub.ch\/de\/ganz-nah-dran\/\" \/>\n<meta name=\"twitter:card\" content=\"summary_large_image\" \/>\n<meta name=\"twitter:title\" content=\"Zu welchem Tier geh\u00f6ren Haut oder Panzer? - WWF - Panda Club\" \/>\n<meta name=\"twitter:description\" content=\"Zu welchem Tier geh\u00f6ren Haut oder Panzer? Ein Tierr\u00e4tsel f\u00fcr Kinder vom Panda Club des WWF Schweiz.\" \/>\n<script type=\"application\/ld+json\" class=\"yoast-schema-graph\">{\"@context\":\"https:\/\/schema.org\",\"@graph\":[{\"@type\":\"WebPage\",\"@id\":\"https:\/\/www.pandaclub.ch\/de\/ganz-nah-dran\/\",\"url\":\"https:\/\/www.pandaclub.ch\/de\/ganz-nah-dran\/\",\"name\":\"Zu welchem Tier geh\u00f6ren Haut oder Panzer? - WWF - Panda Club\",\"isPartOf\":{\"@id\":\"https:\/\/www.pandaclub.ch\/de\/#website\"},\"datePublished\":\"2025-09-24T13:29:54+00:00\",\"description\":\"Zu welchem Tier geh\u00f6ren Haut oder Panzer? Ein Tierr\u00e4tsel f\u00fcr Kinder vom Panda Club des WWF Schweiz.\",\"breadcrumb\":{\"@id\":\"https:\/\/www.pandaclub.ch\/de\/ganz-nah-dran\/#breadcrumb\"},\"inLanguage\":\"de\",\"potentialAction\":[{\"@type\":\"ReadAction\",\"target\":[\"https:\/\/www.pandaclub.ch\/de\/ganz-nah-dran\/\"]}]},{\"@type\":\"BreadcrumbList\",\"@id\":\"https:\/\/www.pandaclub.ch\/de\/ganz-nah-dran\/#breadcrumb\",\"itemListElement\":[{\"@type\":\"ListItem\",\"position\":1,\"name\":\"Home\",\"item\":\"https:\/\/www.pandaclub.ch\/de\/\"},{\"@type\":\"ListItem\",\"position\":2,\"name\":\"Ganz nah dran\"}]},{\"@type\":\"WebSite\",\"@id\":\"https:\/\/www.pandaclub.ch\/de\/#website\",\"url\":\"https:\/\/www.pandaclub.ch\/de\/\",\"name\":\"WWF - Panda Club\",\"description\":\"Die Kinderwebseite des WWF Schweiz\",\"potentialAction\":[{\"@type\":\"SearchAction\",\"target\":{\"@type\":\"EntryPoint\",\"urlTemplate\":\"https:\/\/www.pandaclub.ch\/de\/?s={search_term_string}\"},\"query-input\":{\"@type\":\"PropertyValueSpecification\",\"valueRequired\":true,\"valueName\":\"search_term_string\"}}],\"inLanguage\":\"de\"}]}<\/script>\n<!-- \/ Yoast SEO plugin. -->","yoast_head_json":{"title":"Zu welchem Tier geh\u00f6ren Haut oder Panzer? - WWF - Panda Club","description":"Zu welchem Tier geh\u00f6ren Haut oder Panzer? Ein Tierr\u00e4tsel f\u00fcr Kinder vom Panda Club des WWF Schweiz.","robots":{"index":"index","follow":"follow","max-snippet":"max-snippet:-1","max-image-preview":"max-image-preview:large","max-video-preview":"max-video-preview:-1"},"canonical":"https:\/\/www.pandaclub.ch\/de\/ganz-nah-dran\/","twitter_card":"summary_large_image","twitter_title":"Zu welchem Tier geh\u00f6ren Haut oder Panzer? - WWF - Panda Club","twitter_description":"Zu welchem Tier geh\u00f6ren Haut oder Panzer? Ein Tierr\u00e4tsel f\u00fcr Kinder vom Panda Club des WWF Schweiz.","schema":{"@context":"https:\/\/schema.org","@graph":[{"@type":"WebPage","@id":"https:\/\/www.pandaclub.ch\/de\/ganz-nah-dran\/","url":"https:\/\/www.pandaclub.ch\/de\/ganz-nah-dran\/","name":"Zu welchem Tier geh\u00f6ren Haut oder Panzer? - WWF - Panda Club","isPartOf":{"@id":"https:\/\/www.pandaclub.ch\/de\/#website"},"datePublished":"2025-09-24T13:29:54+00:00","description":"Zu welchem Tier geh\u00f6ren Haut oder Panzer? Ein Tierr\u00e4tsel f\u00fcr Kinder vom Panda Club des WWF Schweiz.","breadcrumb":{"@id":"https:\/\/www.pandaclub.ch\/de\/ganz-nah-dran\/#breadcrumb"},"inLanguage":"de","potentialAction":[{"@type":"ReadAction","target":["https:\/\/www.pandaclub.ch\/de\/ganz-nah-dran\/"]}]},{"@type":"BreadcrumbList","@id":"https:\/\/www.pandaclub.ch\/de\/ganz-nah-dran\/#breadcrumb","itemListElement":[{"@type":"ListItem","position":1,"name":"Home","item":"https:\/\/www.pandaclub.ch\/de\/"},{"@type":"ListItem","position":2,"name":"Ganz nah dran"}]},{"@type":"WebSite","@id":"https:\/\/www.pandaclub.ch\/de\/#website","url":"https:\/\/www.pandaclub.ch\/de\/","name":"WWF - Panda Club","description":"Die Kinderwebseite des WWF Schweiz","potentialAction":[{"@type":"SearchAction","target":{"@type":"EntryPoint","urlTemplate":"https:\/\/www.pandaclub.ch\/de\/?s={search_term_string}"},"query-input":{"@type":"PropertyValueSpecification","valueRequired":true,"valueName":"search_term_string"}}],"inLanguage":"de"}]}},"_links":{"self":[{"href":"https:\/\/www.pandaclub.ch\/de\/wp-json\/wp\/v2\/pages\/127252","targetHints":{"allow":["GET"]}}],"collection":[{"href":"https:\/\/www.pandaclub.ch\/de\/wp-json\/wp\/v2\/pages"}],"about":[{"href":"https:\/\/www.pandaclub.ch\/de\/wp-json\/wp\/v2\/types\/page"}],"author":[{"embeddable":true,"href":"https:\/\/www.pandaclub.ch\/de\/wp-json\/wp\/v2\/users\/4"}],"replies":[{"embeddable":true,"href":"https:\/\/www.pandaclub.ch\/de\/wp-json\/wp\/v2\/comments?post=127252"}],"version-history":[{"count":13,"href":"https:\/\/www.pandaclub.ch\/de\/wp-json\/wp\/v2\/pages\/127252\/revisions"}],"predecessor-version":[{"id":131552,"href":"https:\/\/www.pandaclub.ch\/de\/wp-json\/wp\/v2\/pages\/127252\/revisions\/131552"}],"wp:attachment":[{"href":"https:\/\/www.pandaclub.ch\/de\/wp-json\/wp\/v2\/media?parent=127252"}],"curies":[{"name":"wp","href":"https:\/\/api.w.org\/{rel}","templated":true}]}}