{"id":11160,"date":"2019-09-25T08:29:31","date_gmt":"2019-09-25T06:29:31","guid":{"rendered":"https:\/\/www.pandaclub.ch\/?page_id=11160"},"modified":"2019-09-25T08:45:37","modified_gmt":"2019-09-25T06:45:37","slug":"eine-eisbaerengeschichte","status":"publish","type":"page","link":"https:\/\/www.pandaclub.ch\/de\/eine-eisbaerengeschichte\/","title":{"rendered":"Eine Eisb\u00e4rengeschichte"},"content":{"rendered":"","protected":false},"excerpt":{"rendered":"","protected":false},"author":4,"featured_media":0,"parent":0,"menu_order":483,"comment_status":"closed","ping_status":"closed","template":"","meta":{"_acf_changed":false,"footnotes":""},"class_list":["post-11160","page","type-page","status-publish","hentry","storypage-cat-news"],"acf":[],"yoast_head":"<!-- This site is optimized with the Yoast SEO plugin v27.2 - https:\/\/yoast.com\/product\/yoast-seo-wordpress\/ -->\n<title>Eine Eisb\u00e4rengeschichte - WWF - Panda Club<\/title>\n<meta name=\"description\" content=\"Schau dir unsere Eisb\u00e4rengeschichte an - m\u00f6chtest du selber einen Stop-Motion-Film machen? Wir zeigen auf der Kinderwebseite Panda Club des WWF, wie&#039;s geht.\" \/>\n<meta name=\"robots\" content=\"index, follow, max-snippet:-1, max-image-preview:large, max-video-preview:-1\" \/>\n<link rel=\"canonical\" href=\"https:\/\/www.pandaclub.ch\/de\/eine-eisbaerengeschichte\/\" \/>\n<meta property=\"og:locale\" content=\"de_DE\" \/>\n<meta property=\"og:type\" content=\"article\" \/>\n<meta property=\"og:title\" content=\"Eine Eisb\u00e4rengeschichte - WWF - Panda Club\" \/>\n<meta property=\"og:description\" content=\"Schau dir unsere Eisb\u00e4rengeschichte an - m\u00f6chtest du selber einen Stop-Motion-Film machen? Wir zeigen auf der Kinderwebseite Panda Club des WWF, wie&#039;s geht.\" \/>\n<meta property=\"og:url\" content=\"https:\/\/www.pandaclub.ch\/de\/eine-eisbaerengeschichte\/\" \/>\n<meta property=\"og:site_name\" content=\"WWF - Panda Club\" \/>\n<meta property=\"article:modified_time\" content=\"2019-09-25T06:45:37+00:00\" \/>\n<meta name=\"twitter:card\" content=\"summary_large_image\" \/>\n<script type=\"application\/ld+json\" class=\"yoast-schema-graph\">{\"@context\":\"https:\/\/schema.org\",\"@graph\":[{\"@type\":\"WebPage\",\"@id\":\"https:\/\/www.pandaclub.ch\/de\/eine-eisbaerengeschichte\/\",\"url\":\"https:\/\/www.pandaclub.ch\/de\/eine-eisbaerengeschichte\/\",\"name\":\"Eine Eisb\u00e4rengeschichte - WWF - Panda Club\",\"isPartOf\":{\"@id\":\"https:\/\/www.pandaclub.ch\/de\/#website\"},\"datePublished\":\"2019-09-25T06:29:31+00:00\",\"dateModified\":\"2019-09-25T06:45:37+00:00\",\"description\":\"Schau dir unsere Eisb\u00e4rengeschichte an - m\u00f6chtest du selber einen Stop-Motion-Film machen? Wir zeigen auf der Kinderwebseite Panda Club des WWF, wie's geht.\",\"breadcrumb\":{\"@id\":\"https:\/\/www.pandaclub.ch\/de\/eine-eisbaerengeschichte\/#breadcrumb\"},\"inLanguage\":\"de\",\"potentialAction\":[{\"@type\":\"ReadAction\",\"target\":[\"https:\/\/www.pandaclub.ch\/de\/eine-eisbaerengeschichte\/\"]}]},{\"@type\":\"BreadcrumbList\",\"@id\":\"https:\/\/www.pandaclub.ch\/de\/eine-eisbaerengeschichte\/#breadcrumb\",\"itemListElement\":[{\"@type\":\"ListItem\",\"position\":1,\"name\":\"Home\",\"item\":\"https:\/\/www.pandaclub.ch\/de\/\"},{\"@type\":\"ListItem\",\"position\":2,\"name\":\"Eine Eisb\u00e4rengeschichte\"}]},{\"@type\":\"WebSite\",\"@id\":\"https:\/\/www.pandaclub.ch\/de\/#website\",\"url\":\"https:\/\/www.pandaclub.ch\/de\/\",\"name\":\"WWF - Panda Club\",\"description\":\"Die Kinderwebseite des WWF Schweiz\",\"potentialAction\":[{\"@type\":\"SearchAction\",\"target\":{\"@type\":\"EntryPoint\",\"urlTemplate\":\"https:\/\/www.pandaclub.ch\/de\/?s={search_term_string}\"},\"query-input\":{\"@type\":\"PropertyValueSpecification\",\"valueRequired\":true,\"valueName\":\"search_term_string\"}}],\"inLanguage\":\"de\"}]}<\/script>\n<!-- \/ Yoast SEO plugin. -->","yoast_head_json":{"title":"Eine Eisb\u00e4rengeschichte - WWF - Panda Club","description":"Schau dir unsere Eisb\u00e4rengeschichte an - m\u00f6chtest du selber einen Stop-Motion-Film machen? Wir zeigen auf der Kinderwebseite Panda Club des WWF, wie's geht.","robots":{"index":"index","follow":"follow","max-snippet":"max-snippet:-1","max-image-preview":"max-image-preview:large","max-video-preview":"max-video-preview:-1"},"canonical":"https:\/\/www.pandaclub.ch\/de\/eine-eisbaerengeschichte\/","og_locale":"de_DE","og_type":"article","og_title":"Eine Eisb\u00e4rengeschichte - WWF - Panda Club","og_description":"Schau dir unsere Eisb\u00e4rengeschichte an - m\u00f6chtest du selber einen Stop-Motion-Film machen? Wir zeigen auf der Kinderwebseite Panda Club des WWF, wie's geht.","og_url":"https:\/\/www.pandaclub.ch\/de\/eine-eisbaerengeschichte\/","og_site_name":"WWF - Panda Club","article_modified_time":"2019-09-25T06:45:37+00:00","twitter_card":"summary_large_image","schema":{"@context":"https:\/\/schema.org","@graph":[{"@type":"WebPage","@id":"https:\/\/www.pandaclub.ch\/de\/eine-eisbaerengeschichte\/","url":"https:\/\/www.pandaclub.ch\/de\/eine-eisbaerengeschichte\/","name":"Eine Eisb\u00e4rengeschichte - WWF - Panda Club","isPartOf":{"@id":"https:\/\/www.pandaclub.ch\/de\/#website"},"datePublished":"2019-09-25T06:29:31+00:00","dateModified":"2019-09-25T06:45:37+00:00","description":"Schau dir unsere Eisb\u00e4rengeschichte an - m\u00f6chtest du selber einen Stop-Motion-Film machen? Wir zeigen auf der Kinderwebseite Panda Club des WWF, wie's geht.","breadcrumb":{"@id":"https:\/\/www.pandaclub.ch\/de\/eine-eisbaerengeschichte\/#breadcrumb"},"inLanguage":"de","potentialAction":[{"@type":"ReadAction","target":["https:\/\/www.pandaclub.ch\/de\/eine-eisbaerengeschichte\/"]}]},{"@type":"BreadcrumbList","@id":"https:\/\/www.pandaclub.ch\/de\/eine-eisbaerengeschichte\/#breadcrumb","itemListElement":[{"@type":"ListItem","position":1,"name":"Home","item":"https:\/\/www.pandaclub.ch\/de\/"},{"@type":"ListItem","position":2,"name":"Eine Eisb\u00e4rengeschichte"}]},{"@type":"WebSite","@id":"https:\/\/www.pandaclub.ch\/de\/#website","url":"https:\/\/www.pandaclub.ch\/de\/","name":"WWF - Panda Club","description":"Die Kinderwebseite des WWF Schweiz","potentialAction":[{"@type":"SearchAction","target":{"@type":"EntryPoint","urlTemplate":"https:\/\/www.pandaclub.ch\/de\/?s={search_term_string}"},"query-input":{"@type":"PropertyValueSpecification","valueRequired":true,"valueName":"search_term_string"}}],"inLanguage":"de"}]}},"_links":{"self":[{"href":"https:\/\/www.pandaclub.ch\/de\/wp-json\/wp\/v2\/pages\/11160","targetHints":{"allow":["GET"]}}],"collection":[{"href":"https:\/\/www.pandaclub.ch\/de\/wp-json\/wp\/v2\/pages"}],"about":[{"href":"https:\/\/www.pandaclub.ch\/de\/wp-json\/wp\/v2\/types\/page"}],"author":[{"embeddable":true,"href":"https:\/\/www.pandaclub.ch\/de\/wp-json\/wp\/v2\/users\/4"}],"replies":[{"embeddable":true,"href":"https:\/\/www.pandaclub.ch\/de\/wp-json\/wp\/v2\/comments?post=11160"}],"version-history":[{"count":13,"href":"https:\/\/www.pandaclub.ch\/de\/wp-json\/wp\/v2\/pages\/11160\/revisions"}],"predecessor-version":[{"id":144192,"href":"https:\/\/www.pandaclub.ch\/de\/wp-json\/wp\/v2\/pages\/11160\/revisions\/144192"}],"wp:attachment":[{"href":"https:\/\/www.pandaclub.ch\/de\/wp-json\/wp\/v2\/media?parent=11160"}],"curies":[{"name":"wp","href":"https:\/\/api.w.org\/{rel}","templated":true}]}}