{"id":104820,"date":"2024-07-01T16:22:54","date_gmt":"2024-07-01T14:22:54","guid":{"rendered":"https:\/\/www.pandaclub.ch\/?page_id=104820"},"modified":"2026-02-04T07:50:06","modified_gmt":"2026-02-04T06:50:06","slug":"panda-club-magazine-fuer-den-unterricht","status":"publish","type":"page","link":"https:\/\/www.pandaclub.ch\/de\/panda-club-magazine-fuer-den-unterricht\/","title":{"rendered":"Panda-Club-Magazine f\u00fcr den Unterricht"},"content":{"rendered":"","protected":false},"excerpt":{"rendered":"","protected":false},"author":4,"featured_media":0,"parent":0,"menu_order":129,"comment_status":"closed","ping_status":"closed","template":"","meta":{"_acf_changed":false,"footnotes":""},"class_list":["post-104820","page","type-page","status-publish","hentry"],"acf":[],"yoast_head":"<!-- This site is optimized with the Yoast SEO plugin v27.2 - https:\/\/yoast.com\/product\/yoast-seo-wordpress\/ -->\n<title>Panda-Club-Magazine f\u00fcr die Schule - WWF - Panda Club<\/title>\n<meta name=\"description\" content=\"Bestellen Sie unsere Panda-Club-Magazine \u00fcber Tiere, Lebensr\u00e4ume und Umweltschutz kostenlos f\u00fcr Ihren Unterricht. Ein Umweltbildungsangebot des WWF Schweiz.\" \/>\n<meta name=\"robots\" content=\"index, follow, max-snippet:-1, max-image-preview:large, max-video-preview:-1\" \/>\n<link rel=\"canonical\" href=\"https:\/\/www.pandaclub.ch\/de\/panda-club-magazine-fuer-den-unterricht\/\" \/>\n<meta name=\"twitter:card\" content=\"summary_large_image\" \/>\n<meta name=\"twitter:title\" content=\"Panda-Club-Magazine f\u00fcr die Schule - WWF - Panda Club\" \/>\n<meta name=\"twitter:description\" content=\"Bestellen Sie unsere Panda-Club-Magazine \u00fcber Tiere, Lebensr\u00e4ume und Umweltschutz kostenlos f\u00fcr Ihren Unterricht. Ein Umweltbildungsangebot des WWF Schweiz.\" \/>\n<script type=\"application\/ld+json\" class=\"yoast-schema-graph\">{\"@context\":\"https:\/\/schema.org\",\"@graph\":[{\"@type\":\"WebPage\",\"@id\":\"https:\/\/www.pandaclub.ch\/de\/panda-club-magazine-fuer-den-unterricht\/\",\"url\":\"https:\/\/www.pandaclub.ch\/de\/panda-club-magazine-fuer-den-unterricht\/\",\"name\":\"Panda-Club-Magazine f\u00fcr die Schule - WWF - Panda Club\",\"isPartOf\":{\"@id\":\"https:\/\/www.pandaclub.ch\/de\/#website\"},\"datePublished\":\"2024-07-01T14:22:54+00:00\",\"dateModified\":\"2026-02-04T06:50:06+00:00\",\"description\":\"Bestellen Sie unsere Panda-Club-Magazine \u00fcber Tiere, Lebensr\u00e4ume und Umweltschutz kostenlos f\u00fcr Ihren Unterricht. Ein Umweltbildungsangebot des WWF Schweiz.\",\"breadcrumb\":{\"@id\":\"https:\/\/www.pandaclub.ch\/de\/panda-club-magazine-fuer-den-unterricht\/#breadcrumb\"},\"inLanguage\":\"de\",\"potentialAction\":[{\"@type\":\"ReadAction\",\"target\":[\"https:\/\/www.pandaclub.ch\/de\/panda-club-magazine-fuer-den-unterricht\/\"]}]},{\"@type\":\"BreadcrumbList\",\"@id\":\"https:\/\/www.pandaclub.ch\/de\/panda-club-magazine-fuer-den-unterricht\/#breadcrumb\",\"itemListElement\":[{\"@type\":\"ListItem\",\"position\":1,\"name\":\"Home\",\"item\":\"https:\/\/www.pandaclub.ch\/de\/\"},{\"@type\":\"ListItem\",\"position\":2,\"name\":\"Panda-Club-Magazine f\u00fcr den Unterricht\"}]},{\"@type\":\"WebSite\",\"@id\":\"https:\/\/www.pandaclub.ch\/de\/#website\",\"url\":\"https:\/\/www.pandaclub.ch\/de\/\",\"name\":\"WWF - Panda Club\",\"description\":\"Die Kinderwebseite des WWF Schweiz\",\"potentialAction\":[{\"@type\":\"SearchAction\",\"target\":{\"@type\":\"EntryPoint\",\"urlTemplate\":\"https:\/\/www.pandaclub.ch\/de\/?s={search_term_string}\"},\"query-input\":{\"@type\":\"PropertyValueSpecification\",\"valueRequired\":true,\"valueName\":\"search_term_string\"}}],\"inLanguage\":\"de\"}]}<\/script>\n<!-- \/ Yoast SEO plugin. -->","yoast_head_json":{"title":"Panda-Club-Magazine f\u00fcr die Schule - WWF - Panda Club","description":"Bestellen Sie unsere Panda-Club-Magazine \u00fcber Tiere, Lebensr\u00e4ume und Umweltschutz kostenlos f\u00fcr Ihren Unterricht. Ein Umweltbildungsangebot des WWF Schweiz.","robots":{"index":"index","follow":"follow","max-snippet":"max-snippet:-1","max-image-preview":"max-image-preview:large","max-video-preview":"max-video-preview:-1"},"canonical":"https:\/\/www.pandaclub.ch\/de\/panda-club-magazine-fuer-den-unterricht\/","twitter_card":"summary_large_image","twitter_title":"Panda-Club-Magazine f\u00fcr die Schule - WWF - Panda Club","twitter_description":"Bestellen Sie unsere Panda-Club-Magazine \u00fcber Tiere, Lebensr\u00e4ume und Umweltschutz kostenlos f\u00fcr Ihren Unterricht. Ein Umweltbildungsangebot des WWF Schweiz.","schema":{"@context":"https:\/\/schema.org","@graph":[{"@type":"WebPage","@id":"https:\/\/www.pandaclub.ch\/de\/panda-club-magazine-fuer-den-unterricht\/","url":"https:\/\/www.pandaclub.ch\/de\/panda-club-magazine-fuer-den-unterricht\/","name":"Panda-Club-Magazine f\u00fcr die Schule - WWF - Panda Club","isPartOf":{"@id":"https:\/\/www.pandaclub.ch\/de\/#website"},"datePublished":"2024-07-01T14:22:54+00:00","dateModified":"2026-02-04T06:50:06+00:00","description":"Bestellen Sie unsere Panda-Club-Magazine \u00fcber Tiere, Lebensr\u00e4ume und Umweltschutz kostenlos f\u00fcr Ihren Unterricht. Ein Umweltbildungsangebot des WWF Schweiz.","breadcrumb":{"@id":"https:\/\/www.pandaclub.ch\/de\/panda-club-magazine-fuer-den-unterricht\/#breadcrumb"},"inLanguage":"de","potentialAction":[{"@type":"ReadAction","target":["https:\/\/www.pandaclub.ch\/de\/panda-club-magazine-fuer-den-unterricht\/"]}]},{"@type":"BreadcrumbList","@id":"https:\/\/www.pandaclub.ch\/de\/panda-club-magazine-fuer-den-unterricht\/#breadcrumb","itemListElement":[{"@type":"ListItem","position":1,"name":"Home","item":"https:\/\/www.pandaclub.ch\/de\/"},{"@type":"ListItem","position":2,"name":"Panda-Club-Magazine f\u00fcr den Unterricht"}]},{"@type":"WebSite","@id":"https:\/\/www.pandaclub.ch\/de\/#website","url":"https:\/\/www.pandaclub.ch\/de\/","name":"WWF - Panda Club","description":"Die Kinderwebseite des WWF Schweiz","potentialAction":[{"@type":"SearchAction","target":{"@type":"EntryPoint","urlTemplate":"https:\/\/www.pandaclub.ch\/de\/?s={search_term_string}"},"query-input":{"@type":"PropertyValueSpecification","valueRequired":true,"valueName":"search_term_string"}}],"inLanguage":"de"}]}},"_links":{"self":[{"href":"https:\/\/www.pandaclub.ch\/de\/wp-json\/wp\/v2\/pages\/104820","targetHints":{"allow":["GET"]}}],"collection":[{"href":"https:\/\/www.pandaclub.ch\/de\/wp-json\/wp\/v2\/pages"}],"about":[{"href":"https:\/\/www.pandaclub.ch\/de\/wp-json\/wp\/v2\/types\/page"}],"author":[{"embeddable":true,"href":"https:\/\/www.pandaclub.ch\/de\/wp-json\/wp\/v2\/users\/4"}],"replies":[{"embeddable":true,"href":"https:\/\/www.pandaclub.ch\/de\/wp-json\/wp\/v2\/comments?post=104820"}],"version-history":[{"count":35,"href":"https:\/\/www.pandaclub.ch\/de\/wp-json\/wp\/v2\/pages\/104820\/revisions"}],"predecessor-version":[{"id":136795,"href":"https:\/\/www.pandaclub.ch\/de\/wp-json\/wp\/v2\/pages\/104820\/revisions\/136795"}],"wp:attachment":[{"href":"https:\/\/www.pandaclub.ch\/de\/wp-json\/wp\/v2\/media?parent=104820"}],"curies":[{"name":"wp","href":"https:\/\/api.w.org\/{rel}","templated":true}]}}